{"id":522,"date":"2020-10-30T13:45:06","date_gmt":"2020-10-30T11:45:06","guid":{"rendered":"https:\/\/luontoemo.demo4.xetnet.com\/?post_type=product&#038;p=522"},"modified":"2024-11-25T19:38:17","modified_gmt":"2024-11-25T17:38:17","slug":"puolukka-marjajauhe","status":"publish","type":"product","link":"https:\/\/luontoemo.fi\/en\/tuote\/puolukka-marjajauhe\/","title":{"rendered":"Puolukka marjajauhe"},"content":{"rendered":"<p>100% suomalainen puolukka. Ruokalusikallinen jauhetta vastaa l\u00e4hes 1,5 dl tuoreita puolukoita. Ei lis\u00e4ttyj\u00e4 sokereita. <\/p>\n<p>Ruokalusikallinen jauhetta vastaa l\u00e4hes 1,5 dl tuoreita puolukoita. Ei lis\u00e4ttyj\u00e4 sokereita.<\/p>\n<p>Puolukoissa on runsaasti kuitua, E- ja K-vitamiinia, sek\u00e4 rautaa, kuparia ja mangaania. Lis\u00e4\u00e4 marjojen terveysvaikutuksista l\u00f6yd\u00e4t esimerkiksi t\u00e4lt\u00e4: arktisetaromit -sivulta. <\/p>\n<p>Marjajauheet ovat monik\u00e4ytt\u00f6isi\u00e4. Niiden avulla lis\u00e4\u00e4t helposti makua ja terveysvaikutuksia ruokiin ja juomiin.<\/p>\n<p>K\u00e4yt\u00e4 esimerkiksi puuroissa, jogurtissa, leipomisessa ja smoothieissa tai muissa kuumissa ja kylmiss\u00e4 juomissa.<\/p>\n<p><strong>Koko:<\/strong> 50 g tai 100 g<br \/>\n<strong>Valmistaja:<\/strong> Natural Nordic, Suomi<\/p>\n","protected":false},"excerpt":{"rendered":"<p>100% suomalainen puolukka. Ruokalusikallinen jauhetta vastaa l\u00e4hes 1,5 dl tuoreita puolukoita. Ei lis\u00e4ttyj\u00e4 sokereita. Ruokalusikallinen jauhetta vastaa l\u00e4hes 1,5 dl tuoreita puolukoita. Ei lis\u00e4ttyj\u00e4 sokereita. Puolukoissa on runsaasti kuitua, E- ja K-vitamiinia, sek\u00e4 rautaa, kuparia ja mangaania. Lis\u00e4\u00e4 marjojen terveysvaikutuksista l\u00f6yd\u00e4t esimerkiksi t\u00e4lt\u00e4: arktisetaromit -sivulta. Marjajauheet ovat monik\u00e4ytt\u00f6isi\u00e4. Niiden avulla lis\u00e4\u00e4t helposti makua ja terveysvaikutuksia [&hellip;]<\/p>\n","protected":false},"featured_media":498,"comment_status":"open","ping_status":"closed","template":"","meta":{"_et_pb_use_builder":"","_et_pb_old_content":"","_et_gb_content_width":""},"product_brand":[],"product_cat":[33],"product_tag":[],"class_list":{"0":"post-522","1":"product","2":"type-product","3":"status-publish","4":"has-post-thumbnail","6":"product_cat-ruoka-ja-juoma","8":"first","9":"outofstock","10":"taxable","11":"shipping-taxable","12":"purchasable","13":"product-type-variable"},"_links":{"self":[{"href":"https:\/\/luontoemo.fi\/en\/wp-json\/wp\/v2\/product\/522","targetHints":{"allow":["GET"]}}],"collection":[{"href":"https:\/\/luontoemo.fi\/en\/wp-json\/wp\/v2\/product"}],"about":[{"href":"https:\/\/luontoemo.fi\/en\/wp-json\/wp\/v2\/types\/product"}],"replies":[{"embeddable":true,"href":"https:\/\/luontoemo.fi\/en\/wp-json\/wp\/v2\/comments?post=522"}],"wp:featuredmedia":[{"embeddable":true,"href":"https:\/\/luontoemo.fi\/en\/wp-json\/wp\/v2\/media\/498"}],"wp:attachment":[{"href":"https:\/\/luontoemo.fi\/en\/wp-json\/wp\/v2\/media?parent=522"}],"wp:term":[{"taxonomy":"product_brand","embeddable":true,"href":"https:\/\/luontoemo.fi\/en\/wp-json\/wp\/v2\/product_brand?post=522"},{"taxonomy":"product_cat","embeddable":true,"href":"https:\/\/luontoemo.fi\/en\/wp-json\/wp\/v2\/product_cat?post=522"},{"taxonomy":"product_tag","embeddable":true,"href":"https:\/\/luontoemo.fi\/en\/wp-json\/wp\/v2\/product_tag?post=522"}],"curies":[{"name":"wp","href":"https:\/\/api.w.org\/{rel}","templated":true}]}}