{"id":518,"date":"2020-10-30T13:28:47","date_gmt":"2020-10-30T11:28:47","guid":{"rendered":"https:\/\/luontoemo.demo4.xetnet.com\/?post_type=product&#038;p=518"},"modified":"2024-11-25T19:38:17","modified_gmt":"2024-11-25T17:38:17","slug":"carmolis-tipat","status":"publish","type":"product","link":"https:\/\/luontoemo.fi\/en\/tuote\/carmolis-tipat\/","title":{"rendered":"Carmolis-tipat"},"content":{"rendered":"<p>Carmolis on kymmenen yrtin yhdistelm\u00e4valmiste. Se helpottaa vilustumisoireita ja ruoansulatush\u00e4iri\u00f6it\u00e4.<\/p>\n<p>Carmolis on valmistettu vanhan luostarireseptin mukaan perinteisten kymmenen rohdosyrtin eteerisist\u00e4 \u00f6ljyist\u00e4. Se helpottaa vilustumisoireita ja ruoansulatush\u00e4iri\u00f6it\u00e4.<\/p>\n<p>Carmolis -tippoja voidaan k\u00e4ytt\u00e4\u00e4 sis\u00e4isesti sek\u00e4 ulkoisesti:<\/p>\n<ul>\n<li>Sis\u00e4isesti tipoittain nautittuna (hengitysteille ja vatsalle)<\/li>\n<li>Ulkoisesti iholle siveltyn\u00e4 (lihaksille)<\/li>\n<li>H\u00f6yryhengityksess\u00e4 (hengitysteille)<\/li>\n<\/ul>\n<p>Vegaani<br \/>\n<strong>Valmistaja:<\/strong> Valioravinto<\/p>\n<p><strong>Ainesosat:<\/strong><br \/>\n1 ml (32 tippaa) sis\u00e4lt\u00e4\u00e4:<br \/>\nAnis 0,1 mg (Anisi aetherol.)<br \/>\nSalvia 0,3 mg (Salviae aetherol.)<br \/>\nTimjami 15,1 \u00ccg (Thymi aetherol.)<br \/>\nLaventeli 3,1 mg (Lavandulae aetherol.)<br \/>\nSitrus\u00f6ljy 0,1 mg (Limonis aetherol.)<br \/>\nKaneli\u00f6ljy 1,6 mg (Cinnamoni aetherol.)<br \/>\nMuskotti 0,6 mg (Myristicae aetherol.)<br \/>\nPiparminttu 15,1 mg (Menthol.)<br \/>\nNeilikka\u00f6ljy 1,6 mg (Caryophylli aetherol.)<br \/>\nSitruunamelissa 1,6 mg (Melissae aetherol. ja spir.)<br \/>\nvesi 314,1 mg<br \/>\netanoli 541,6 mg<\/p>\n<p><strong>Lis\u00e4tietoja:<\/strong><br \/>\n40 ja 80 ml pullo<br \/>\nCarmolis yrttitippojen annostusohjeet k\u00e4ytt\u00f6kohteiden mukaan:<\/p>\n<ul>\n<li>Hengitysteille; kuumaan nesteeseen sekoitettuna:<br \/>\nLis\u00e4\u00e4 5-10 tippaa Carmolista kuumaan veteen tai esim. yrttiteen joukkoon. Kuuman juoman ja haihtuvien \u00f6ljyjen h\u00f6yryt vaikuttavat nen\u00e4n ja nielun limakalvoihin. L\u00e4mp\u00f6 ja yrtit rauhoittavat nielua nopeasti ja lepytt\u00e4v\u00e4t oloa hetken kuluttua my\u00f6s vatsan kautta. Nauti annos korkeintaan 5 kertaa p\u00e4iv\u00e4ss\u00e4.<\/li>\n<li>Hengitysteille; sokeripalaan imeytettyn\u00e4:<br \/>\nTiputa 5-10 tippaa Carmolista sokeripalalle ja anna sen imeyty\u00e4. Imeskele yrttist\u00e4 sokeripalaa suussa ja anna haihtuvien \u00f6ljyjen virkist\u00e4\u00e4 hengitysteit\u00e4. T\u00e4m\u00e4 on helppo tapa nauttia Carmolista miss\u00e4 ja milloin vain. Nauti annos korkeintaan 5 kertaa p\u00e4iv\u00e4ss\u00e4.<\/li>\n<li>Hengitysteille; h\u00f6yryhengityksess\u00e4:<br \/>\nValmista h\u00f6yryhengitett\u00e4v\u00e4 yrttiseos laakeaan astiaan suhteessa 10 tippaa Carmolista \/ 1 dl kuumaa vett\u00e4. Hengit\u00e4 l\u00e4mmint\u00e4 h\u00f6yry\u00e4, kunnes olo helpottuu. Voit tehostaa h\u00f6yryhengityst\u00e4 asettamalla astian, p\u00e4\u00e4n ja hartioittesi yli suojaavan pyyhkeen. L\u00e4mmin h\u00f6yry rentouttaa ja helpottaa nopeasti tukkoista oloa. Silm\u00e4t on hyv\u00e4 pit\u00e4\u00e4 kiinni h\u00f6yryhengityksen aikana.<\/li>\n<li>Hengitysteille; kurlaamalla:<br \/>\nValmista kurlausvesi sekoittamalla noin 10 tippaa Carmolista 1 dl:aan kylm\u00e4\u00e4 tai l\u00e4mmint\u00e4 vett\u00e4. Kurlaa kurkkua sopivalla nestem\u00e4\u00e4r\u00e4ll\u00e4 puolen minuutin ajan. Raikas Carmolisvesi virkist\u00e4\u00e4 mukavasti karhealta tuntuvaa kurkkua.<\/li>\n<li>Oikuttelevalle vatsalle:<br \/>\nNauti 5-10 tippaa Carmolista kylm\u00e4\u00e4n vesitilkkaan sekoitettuna; korkeintaan 5 kertaa p\u00e4iv\u00e4ss\u00e4.<br \/>\nStressi tai runsas herkuttelu voivat aiheuttaa vatsanpuruja tai ns. ilmapalloreaktion. Carmolis -yrttitipat ovat avuksi ruoansulatukselle ja lepytt\u00e4v\u00e4t stressattua vatsaa.<\/li>\n<li>Ulkoisesti lihaksille:<br \/>\nLevit\u00e4 Carmolis -yrttitippoja suoraan iholle. \u00d6ljyt rentouttavat v\u00e4syneit\u00e4 ja rasittuneita lihaksia<\/li>\n<li>Ulkoisesti tukkoiseen oloon y\u00f6t\u00e4 vasten:<br \/>\nSivele Carmolis -yrttitippoja ohimoihin, rintaan ja niskaan. Tukkoinen olo helpottuu ja koko keho rentoutuu lepoa varten.<\/li>\n<li>Hyttysen pistoihin:<br \/>\nSivele Carmolista kutiseviin hyttysen pistokohtiin. V\u00e4lt\u00e4 levitt\u00e4mist\u00e4 rikkoutuneelle iholle<\/li>\n<\/ul>\n","protected":false},"excerpt":{"rendered":"<p>Carmolis on kymmenen yrtin yhdistelm\u00e4valmiste. Se helpottaa vilustumisoireita ja ruoansulatush\u00e4iri\u00f6it\u00e4.<\/p>\n","protected":false},"featured_media":484,"comment_status":"open","ping_status":"closed","template":"","meta":{"_et_pb_use_builder":"","_et_pb_old_content":"","_et_gb_content_width":""},"product_brand":[],"product_cat":[280],"product_tag":[],"class_list":{"0":"post-518","1":"product","2":"type-product","3":"status-publish","4":"has-post-thumbnail","6":"product_cat-ravintolisat-en","8":"first","9":"outofstock","10":"taxable","11":"shipping-taxable","12":"purchasable","13":"product-type-variable"},"_links":{"self":[{"href":"https:\/\/luontoemo.fi\/en\/wp-json\/wp\/v2\/product\/518","targetHints":{"allow":["GET"]}}],"collection":[{"href":"https:\/\/luontoemo.fi\/en\/wp-json\/wp\/v2\/product"}],"about":[{"href":"https:\/\/luontoemo.fi\/en\/wp-json\/wp\/v2\/types\/product"}],"replies":[{"embeddable":true,"href":"https:\/\/luontoemo.fi\/en\/wp-json\/wp\/v2\/comments?post=518"}],"wp:featuredmedia":[{"embeddable":true,"href":"https:\/\/luontoemo.fi\/en\/wp-json\/wp\/v2\/media\/484"}],"wp:attachment":[{"href":"https:\/\/luontoemo.fi\/en\/wp-json\/wp\/v2\/media?parent=518"}],"wp:term":[{"taxonomy":"product_brand","embeddable":true,"href":"https:\/\/luontoemo.fi\/en\/wp-json\/wp\/v2\/product_brand?post=518"},{"taxonomy":"product_cat","embeddable":true,"href":"https:\/\/luontoemo.fi\/en\/wp-json\/wp\/v2\/product_cat?post=518"},{"taxonomy":"product_tag","embeddable":true,"href":"https:\/\/luontoemo.fi\/en\/wp-json\/wp\/v2\/product_tag?post=518"}],"curies":[{"name":"wp","href":"https:\/\/api.w.org\/{rel}","templated":true}]}}