{"id":515,"date":"2020-10-30T13:13:48","date_gmt":"2020-10-30T11:13:48","guid":{"rendered":"https:\/\/luontoemo.demo4.xetnet.com\/?post_type=product&#038;p=515"},"modified":"2024-11-25T19:38:15","modified_gmt":"2024-11-25T17:38:15","slug":"poimulehti-kuivattu-rouhe","status":"publish","type":"product","link":"https:\/\/luontoemo.fi\/en\/tuote\/poimulehti-kuivattu-rouhe\/","title":{"rendered":"Nokkonen, kuivattu rouhe"},"content":{"rendered":"<p>Nokkonen sis\u00e4lt\u00e4\u00e4 erilaisia flavonoideja, karotenoideja, vitamiineja sek\u00e4 my\u00f6s runsaasti kivenn\u00e4isaineita kuten rautaa, kalsiumia ja kaliumsuoloja sek\u00e4 aminohappoja.<\/p>\n<p>K\u00e4yt\u00e4 kuivattua ruoanlaittoon,leipomiseen, yrttiteen\u00e4 tai luonnonkosmetiikan tekoon. Suoraan valmiiseen ruokaan, salaattiin, puuroon, mysliin, smoothieen. Hauduta yrttiteeksi 1 rkl \/ 0,5 litraa vett\u00e4 (n. 80 asteista).<\/p>\n<p>Koko: 50 g<\/p>\n<p>Valmistaja: Luontoemo, Sysm\u00e4<\/p>\n","protected":false},"excerpt":{"rendered":"<p>Suomalaisen nokkosen lehte\u00e4 puhdistettuna, kuivattuna ja rouhittuna.<\/p>\n","protected":false},"featured_media":3066,"comment_status":"open","ping_status":"closed","template":"","meta":{"_et_pb_use_builder":"","_et_pb_old_content":"","_et_gb_content_width":""},"product_brand":[],"product_cat":[415,302,279],"product_tag":[203,286,390,281,284,305,276,315,285,204,283],"class_list":{"0":"post-515","1":"product","2":"type-product","3":"status-publish","4":"has-post-thumbnail","6":"product_cat-luontoemos-herbs","7":"product_cat-food-and-drinks","8":"product_cat-villiyrttituotteet-en","9":"product_tag-hivenaine","10":"product_tag-kuivattu-luonnonkasvi-en","11":"product_tag-natural-product","12":"product_tag-luonnonyrtti-en","13":"product_tag-luontoemon-yrtit-en","14":"product_tag-nettle","15":"product_tag-ruoanlaitto","16":"product_tag-wild-herbs","17":"product_tag-villiyrtti-en","18":"product_tag-vitamiini","19":"product_tag-yrttitee-en","21":"first","22":"outofstock","23":"taxable","24":"shipping-taxable","25":"purchasable","26":"product-type-simple"},"_links":{"self":[{"href":"https:\/\/luontoemo.fi\/en\/wp-json\/wp\/v2\/product\/515","targetHints":{"allow":["GET"]}}],"collection":[{"href":"https:\/\/luontoemo.fi\/en\/wp-json\/wp\/v2\/product"}],"about":[{"href":"https:\/\/luontoemo.fi\/en\/wp-json\/wp\/v2\/types\/product"}],"replies":[{"embeddable":true,"href":"https:\/\/luontoemo.fi\/en\/wp-json\/wp\/v2\/comments?post=515"}],"wp:featuredmedia":[{"embeddable":true,"href":"https:\/\/luontoemo.fi\/en\/wp-json\/wp\/v2\/media\/3066"}],"wp:attachment":[{"href":"https:\/\/luontoemo.fi\/en\/wp-json\/wp\/v2\/media?parent=515"}],"wp:term":[{"taxonomy":"product_brand","embeddable":true,"href":"https:\/\/luontoemo.fi\/en\/wp-json\/wp\/v2\/product_brand?post=515"},{"taxonomy":"product_cat","embeddable":true,"href":"https:\/\/luontoemo.fi\/en\/wp-json\/wp\/v2\/product_cat?post=515"},{"taxonomy":"product_tag","embeddable":true,"href":"https:\/\/luontoemo.fi\/en\/wp-json\/wp\/v2\/product_tag?post=515"}],"curies":[{"name":"wp","href":"https:\/\/api.w.org\/{rel}","templated":true}]}}