{"id":514,"date":"2020-10-30T13:08:06","date_gmt":"2020-10-30T11:08:06","guid":{"rendered":"https:\/\/luontoemo.demo4.xetnet.com\/?post_type=product&#038;p=514"},"modified":"2026-03-09T20:17:50","modified_gmt":"2026-03-09T18:17:50","slug":"frantsilan-kehakukkavoide","status":"publish","type":"product","link":"https:\/\/luontoemo.fi\/en\/tuote\/frantsilan-kehakukkavoide\/","title":{"rendered":"Frantsilan keh\u00e4kukkavoide"},"content":{"rendered":"<p>Keh\u00e4kukka tunnetaan ihoa elvytt\u00e4v\u00e4n\u00e4, uudistavana ja tulehduksia hoitavana herk\u00e4n ihon yrttin\u00e4. Sit\u00e4 on k\u00e4ytetty lis\u00e4\u00e4m\u00e4\u00e4n ihon kuntoa ja kimmoisuutta. Jojoba-\u00f6ljy vastaa ominaisuuksiltaan aikaisemmin kosmetiikassa k\u00e4ytetty\u00e4 valaanrasvaa. Jojoba-\u00f6ljy suojelee ja ravitsee v\u00e4synytt\u00e4 ihoa.\u2028\u2028Keh\u00e4kukkavoide sopii p\u00e4iv\u00e4- ja hoitovoiteeksi kasvoille ja koko keholle, vauvoille, koko perheelle, ihottumiin sek\u00e4 kutiavalle ja herk\u00e4lle iholle. Voidetta voidaan k\u00e4ytt\u00e4\u00e4 mm. hilseen ja hiivatulehduksen hoitoon.<\/p>\n<p><strong>Koko:<\/strong> 60 g<br \/>\n<strong>Ainesosat:<\/strong> Aqua (vesi), Calendula officinalis (keh\u00e4kukan kukka, \u00f6ljyuutos)*, Helianthus annuus (auringonkukan siemen\u00f6ljy)*, Centaurea cyanus (ruiskaunokin kukka, vesi)*, Vitis vinifera (viiniryp\u00e4leen siemen\u00f6ljy),\u00a0Cetearyl Alcohol (setearyylialkoholi), Cetearyl Glucoside (setearyyliglukosidi), \u00a0Simmondsia chinesis (jojoba \u00f6ljy)*, Calendula officinalis (keh\u00e4kukan kukka, uutos)*, Xanthan gum (ksantaanikumi), Coco-Glucoside (kokoglukosidi), Tocopherol (tokoferoli eli luonnon E-vitamiini), Olea europaea (oliivin lehti, uutos), Rosmarinus officinalis (rosmariinin uutostiiviste), Picea Abies (kuusen sis\u00e4oksa, uutos), Cananga odorata (ylang ylang, eteerinen \u00f6ljy), Sodium dehydroacetate (natriumdehydroasetaatti), Potassium sorbate (kaliumsorbaatti), Sodium benzoate (natriumbentsoaatti), Citric acid (sitruunahappo), Lactic acid (maitohappo), Linalool (eteerisen \u00f6ljyn luonnollinen osa).<br \/>\n<em>*Luomua<\/em><\/p>\n<p>Raaka-aineet ja valmistus t\u00e4ytt\u00e4v\u00e4t eurooppalaiset luonnonkosmetiikkastandardit. Ei el\u00e4inkokeita, el\u00e4inper\u00e4isi\u00e4 tai geenimuunneltuja aineita, mineraali\u00f6ljyj\u00e4, silikaatteja, keinotekoisia v\u00e4ri- tai tuoksuaineita eik\u00e4 parabeeneja.<\/p>\n<p><strong>\u2028Valmistaja: Frantsila<\/strong><\/p>\n","protected":false},"excerpt":{"rendered":"<p>Keh\u00e4kukka eli Calendula-voide on ihokudosta uudistava ja elvytt\u00e4v\u00e4 kotimainen luonnonmukaisista yrteist\u00e4 valmistettu kevyt kasvo- ja hoitovoide. Erinomainen auringonoton j\u00e4lkeen!<\/p>\n","protected":false},"featured_media":5507,"comment_status":"open","ping_status":"closed","template":"","meta":{"_et_pb_use_builder":"","_et_pb_old_content":"","_et_gb_content_width":""},"product_brand":[],"product_cat":[299],"product_tag":[],"class_list":{"0":"post-514","1":"product","2":"type-product","3":"status-publish","4":"has-post-thumbnail","6":"product_cat-natural-cosmetics-and-hygiene","8":"first","9":"instock","10":"taxable","11":"shipping-taxable","12":"purchasable","13":"product-type-simple"},"_links":{"self":[{"href":"https:\/\/luontoemo.fi\/en\/wp-json\/wp\/v2\/product\/514","targetHints":{"allow":["GET"]}}],"collection":[{"href":"https:\/\/luontoemo.fi\/en\/wp-json\/wp\/v2\/product"}],"about":[{"href":"https:\/\/luontoemo.fi\/en\/wp-json\/wp\/v2\/types\/product"}],"replies":[{"embeddable":true,"href":"https:\/\/luontoemo.fi\/en\/wp-json\/wp\/v2\/comments?post=514"}],"wp:featuredmedia":[{"embeddable":true,"href":"https:\/\/luontoemo.fi\/en\/wp-json\/wp\/v2\/media\/5507"}],"wp:attachment":[{"href":"https:\/\/luontoemo.fi\/en\/wp-json\/wp\/v2\/media?parent=514"}],"wp:term":[{"taxonomy":"product_brand","embeddable":true,"href":"https:\/\/luontoemo.fi\/en\/wp-json\/wp\/v2\/product_brand?post=514"},{"taxonomy":"product_cat","embeddable":true,"href":"https:\/\/luontoemo.fi\/en\/wp-json\/wp\/v2\/product_cat?post=514"},{"taxonomy":"product_tag","embeddable":true,"href":"https:\/\/luontoemo.fi\/en\/wp-json\/wp\/v2\/product_tag?post=514"}],"curies":[{"name":"wp","href":"https:\/\/api.w.org\/{rel}","templated":true}]}}