{"id":513,"date":"2020-10-30T13:03:57","date_gmt":"2020-10-30T11:03:57","guid":{"rendered":"https:\/\/luontoemo.demo4.xetnet.com\/?post_type=product&#038;p=513"},"modified":"2026-03-15T10:14:35","modified_gmt":"2026-03-15T08:14:35","slug":"kissankello-kukkaterapiatipat","status":"publish","type":"product","link":"https:\/\/luontoemo.fi\/en\/tuote\/kissankello-kukkaterapiatipat\/","title":{"rendered":"Kissankello kukkaterapiatipat"},"content":{"rendered":"<p>Avaa tunne-el\u00e4m\u00e4n lukkoja. Sinikello on niille, joiden tunne-el\u00e4m\u00e4 on kovettunut arjen rutiineissa. Se uudistaa ja pys\u00e4ytt\u00e4\u00e4 havaitsemaan omat tarpeensa kaikilla tasoilla, my\u00f6s seksiel\u00e4m\u00e4ss\u00e4. T\u00e4ss\u00e4 on perusuute herkist\u00e4m\u00e4\u00e4n suomalaista kohtaamaan tunteensa ja n\u00e4ytt\u00e4m\u00e4\u00e4n ne vapaasti sek\u00e4 n\u00e4kem\u00e4\u00e4n asiat kirkkaasti ja her\u00e4\u00e4m\u00e4\u00e4n muutokseen.<\/p>\n<p><strong>K\u00e4ytt\u00f6:<\/strong> 1 tippa suoraan suuhun 2-4 kertaa vuorokaudessa tai 1-2 tippaa lasilliseen vett\u00e4, nauti pieni\u00e4 siemauksia.<br \/>\nTurhautuneille, jumiutuneeseen tunne-el\u00e4m\u00e4\u00e4n. Avaamaan tunne-el\u00e4m\u00e4n lukkoja. Lempe\u00e4 tunteiden virtaaminen.<br \/>\n<strong>Motto:<\/strong> &#8220;N\u00e4en tilanteeni selke\u00e4sti ja k\u00e4ynnist\u00e4n lempe\u00e4n muutoksen parempaan&#8221;<br \/>\n<strong>Valmistaja:<\/strong> Frantsila<br \/>\n<strong>Ominaisuudet:<\/strong> 10 ml pullo<br \/>\n<strong>Ainesosat:<\/strong> Alcohol (alkoholi)*, Campanula rotundifolia (kissankello, kukkaterapeuttinen uutos)*.<br \/>\n<em>*Luomua<\/em><\/p>\n","protected":false},"excerpt":{"rendered":"<p>Avaa tunne-el\u00e4m\u00e4n lukkoja.<\/p>\n","protected":false},"featured_media":492,"comment_status":"open","ping_status":"closed","template":"","meta":{"_et_pb_use_builder":"","_et_pb_old_content":"","_et_gb_content_width":""},"product_brand":[],"product_cat":[30,45],"product_tag":[],"class_list":{"0":"post-513","1":"product","2":"type-product","3":"status-publish","4":"has-post-thumbnail","6":"product_cat-kukkaterapia","7":"product_cat-frantsilan-kukkaterapia","9":"first","10":"outofstock","11":"taxable","12":"shipping-taxable","13":"purchasable","14":"product-type-simple"},"_links":{"self":[{"href":"https:\/\/luontoemo.fi\/en\/wp-json\/wp\/v2\/product\/513","targetHints":{"allow":["GET"]}}],"collection":[{"href":"https:\/\/luontoemo.fi\/en\/wp-json\/wp\/v2\/product"}],"about":[{"href":"https:\/\/luontoemo.fi\/en\/wp-json\/wp\/v2\/types\/product"}],"replies":[{"embeddable":true,"href":"https:\/\/luontoemo.fi\/en\/wp-json\/wp\/v2\/comments?post=513"}],"wp:featuredmedia":[{"embeddable":true,"href":"https:\/\/luontoemo.fi\/en\/wp-json\/wp\/v2\/media\/492"}],"wp:attachment":[{"href":"https:\/\/luontoemo.fi\/en\/wp-json\/wp\/v2\/media?parent=513"}],"wp:term":[{"taxonomy":"product_brand","embeddable":true,"href":"https:\/\/luontoemo.fi\/en\/wp-json\/wp\/v2\/product_brand?post=513"},{"taxonomy":"product_cat","embeddable":true,"href":"https:\/\/luontoemo.fi\/en\/wp-json\/wp\/v2\/product_cat?post=513"},{"taxonomy":"product_tag","embeddable":true,"href":"https:\/\/luontoemo.fi\/en\/wp-json\/wp\/v2\/product_tag?post=513"}],"curies":[{"name":"wp","href":"https:\/\/api.w.org\/{rel}","templated":true}]}}