{"id":5084,"date":"2024-05-16T16:33:15","date_gmt":"2024-05-16T13:33:15","guid":{"rendered":"https:\/\/luontoemo.fi\/?post_type=product&#038;p=5084"},"modified":"2026-03-02T21:58:08","modified_gmt":"2026-03-02T19:58:08","slug":"rescue-remedy-night-spray-20-ml","status":"publish","type":"product","link":"https:\/\/luontoemo.fi\/en\/tuote\/rescue-remedy-night-spray-20-ml\/","title":{"rendered":"Rescue Remedy Night Spray 20 ml"},"content":{"rendered":"<p>Tri Bach kehitti yhdistelm\u00e4uutteen h\u00e4t\u00e4tilanteisiin. Aputipat on k\u00e4ytetyin kukkauute, joka sis\u00e4lt\u00e4\u00e4 sarjat\u00e4hdikki\u00e4, p\u00e4iv\u00e4nnoutoa, h\u00e4pykannusta, el\u00e4m\u00e4nlankaa ja kirsikkaluumua. Aputipat rauhoittavat mielt\u00e4, helpottavat stressi\u00e4 ja auttavat rentoutumaan.<\/p>\n<p>Rescue Remedy\u00e4 voidaan k\u00e4ytt\u00e4\u00e4 apuna erilaisten tilanteiden hallinnassa, esimerkiksi hammasl\u00e4\u00e4k\u00e4ri, haastattelut tai h\u00e4\u00e4p\u00e4iv\u00e4hermostuneisuus. Se voi auttaa my\u00f6s kriisi- tai trauma-aikoina, kuten ty\u00f6paikan menetys, hautajaiset tai avioero.<\/p>\n<p>K\u00e4tev\u00e4st\u00e4 suihkepullosta voit suihkauttaa nesteen suoraan kielen p\u00e4\u00e4lle. Rentouttava Rescue Remedy Night -suihke auttaa saavuttamaan rentouttavamman y\u00f6unen hektisen p\u00e4iv\u00e4n j\u00e4lkeen. Ei sis\u00e4ll\u00e4 alkoholia.<\/p>\n<p>Pullokoko: 20 ml<\/p>\n<div>\n<div>Valmistaja: Original Bach Flower Remedies, Lontoo<\/div>\n<\/div>\n<p>Maahantuoja: Aduki, Helsinki<\/p>\n","protected":false},"excerpt":{"rendered":"<p>Rentouttava Rescue Remedy Night -suihke auttaa saavuttamaan rentouttavamman y\u00f6unen hektisen p\u00e4iv\u00e4n j\u00e4lkeen. K\u00e4tev\u00e4st\u00e4 suihkepullosta voit suihkauttaa nesteen suoraan kielen p\u00e4\u00e4lle. Ei sis\u00e4ll\u00e4 alkoholia.<\/p>\n","protected":false},"featured_media":5085,"comment_status":"open","ping_status":"closed","template":"","meta":{"_et_pb_use_builder":"","_et_pb_old_content":"","_et_gb_content_width":""},"product_brand":[],"product_cat":[30,44],"product_tag":[365,226,225,519,518],"class_list":{"0":"post-5084","1":"product","2":"type-product","3":"status-publish","4":"has-post-thumbnail","6":"product_cat-kukkaterapia","7":"product_cat-bachin-kukkaterapia","8":"product_tag-aputipat","9":"product_tag-bach","10":"product_tag-kukkaterapia","11":"product_tag-night-spray","12":"product_tag-rescue","14":"first","15":"instock","16":"taxable","17":"shipping-taxable","18":"purchasable","19":"product-type-simple"},"_links":{"self":[{"href":"https:\/\/luontoemo.fi\/en\/wp-json\/wp\/v2\/product\/5084","targetHints":{"allow":["GET"]}}],"collection":[{"href":"https:\/\/luontoemo.fi\/en\/wp-json\/wp\/v2\/product"}],"about":[{"href":"https:\/\/luontoemo.fi\/en\/wp-json\/wp\/v2\/types\/product"}],"replies":[{"embeddable":true,"href":"https:\/\/luontoemo.fi\/en\/wp-json\/wp\/v2\/comments?post=5084"}],"wp:featuredmedia":[{"embeddable":true,"href":"https:\/\/luontoemo.fi\/en\/wp-json\/wp\/v2\/media\/5085"}],"wp:attachment":[{"href":"https:\/\/luontoemo.fi\/en\/wp-json\/wp\/v2\/media?parent=5084"}],"wp:term":[{"taxonomy":"product_brand","embeddable":true,"href":"https:\/\/luontoemo.fi\/en\/wp-json\/wp\/v2\/product_brand?post=5084"},{"taxonomy":"product_cat","embeddable":true,"href":"https:\/\/luontoemo.fi\/en\/wp-json\/wp\/v2\/product_cat?post=5084"},{"taxonomy":"product_tag","embeddable":true,"href":"https:\/\/luontoemo.fi\/en\/wp-json\/wp\/v2\/product_tag?post=5084"}],"curies":[{"name":"wp","href":"https:\/\/api.w.org\/{rel}","templated":true}]}}