{"id":5079,"date":"2024-05-16T16:27:07","date_gmt":"2024-05-16T13:27:07","guid":{"rendered":"https:\/\/luontoemo.fi\/?post_type=product&#038;p=5079"},"modified":"2026-03-02T21:58:08","modified_gmt":"2026-03-02T19:58:08","slug":"rescue-remedy-spray","status":"publish","type":"product","link":"https:\/\/luontoemo.fi\/en\/tuote\/rescue-remedy-spray\/","title":{"rendered":"Rescue Remedy Spray 20 ml"},"content":{"rendered":"<p>Tri Bach kehitti yhdistelm\u00e4uutteen h\u00e4t\u00e4tilanteisiin. Aputipat on k\u00e4ytetyin kukkauute, joka sis\u00e4lt\u00e4\u00e4 sarjat\u00e4hdikki\u00e4, p\u00e4iv\u00e4nnoutoa, h\u00e4pykannusta, el\u00e4m\u00e4nlankaa ja kirsikkaluumua. Aputipat rauhoittavat mielt\u00e4, helpottavat stressi\u00e4 ja auttavat rentoutumaan.<\/p>\n<p>Rescue Remedy\u00e4 voidaan k\u00e4ytt\u00e4\u00e4 apuna erilaisten tilanteiden hallinnassa, esimerkiksi hammasl\u00e4\u00e4k\u00e4ri, haastattelut tai h\u00e4\u00e4p\u00e4iv\u00e4hermostuneisuus. Se voi auttaa my\u00f6s kriisi- tai trauma-aikoina, kuten ty\u00f6paikan menetys, hautajaiset tai avioero.<\/p>\n<p>K\u00e4tev\u00e4st\u00e4 suihkepullosta voit suihkauttaa nesteen suoraan kielen p\u00e4\u00e4lle.<\/p>\n<p>Pullokoko: 20 ml<\/p>\n<div>\n<div>Valmistaja: Original Bach Flower Remedies, Lontoo<\/div>\n<\/div>\n<p>Maahantuoja: Aduki, Helsinki<\/p>\n","protected":false},"excerpt":{"rendered":"<p>K\u00e4tev\u00e4st\u00e4 suihkepullo yhdistelm\u00e4uutetta, jota Tri Bach kutsui Rescue Remedyksi (suom. Aputipat) ja joka on suunniteltu vaikeita ja vaativia tilanteita varten, sis\u00e4lt\u00e4\u00e4 viitt\u00e4 eri kukkauutetta: Impatiens, Star of Bethlehem, Cherry Plum, Rock rose ja Clematis.<\/p>\n","protected":false},"featured_media":5082,"comment_status":"open","ping_status":"closed","template":"","meta":{"_et_pb_use_builder":"","_et_pb_old_content":"","_et_gb_content_width":""},"product_brand":[],"product_cat":[297,296],"product_tag":[365,278,339,518],"class_list":{"0":"post-5079","1":"product","2":"type-product","3":"status-publish","4":"has-post-thumbnail","6":"product_cat-bach-flower-remedies","7":"product_cat-flower-remedies","8":"product_tag-aputipat","9":"product_tag-bach-en","10":"product_tag-flower-therapy","11":"product_tag-rescue","13":"first","14":"instock","15":"taxable","16":"shipping-taxable","17":"purchasable","18":"product-type-simple"},"_links":{"self":[{"href":"https:\/\/luontoemo.fi\/en\/wp-json\/wp\/v2\/product\/5079","targetHints":{"allow":["GET"]}}],"collection":[{"href":"https:\/\/luontoemo.fi\/en\/wp-json\/wp\/v2\/product"}],"about":[{"href":"https:\/\/luontoemo.fi\/en\/wp-json\/wp\/v2\/types\/product"}],"replies":[{"embeddable":true,"href":"https:\/\/luontoemo.fi\/en\/wp-json\/wp\/v2\/comments?post=5079"}],"wp:featuredmedia":[{"embeddable":true,"href":"https:\/\/luontoemo.fi\/en\/wp-json\/wp\/v2\/media\/5082"}],"wp:attachment":[{"href":"https:\/\/luontoemo.fi\/en\/wp-json\/wp\/v2\/media?parent=5079"}],"wp:term":[{"taxonomy":"product_brand","embeddable":true,"href":"https:\/\/luontoemo.fi\/en\/wp-json\/wp\/v2\/product_brand?post=5079"},{"taxonomy":"product_cat","embeddable":true,"href":"https:\/\/luontoemo.fi\/en\/wp-json\/wp\/v2\/product_cat?post=5079"},{"taxonomy":"product_tag","embeddable":true,"href":"https:\/\/luontoemo.fi\/en\/wp-json\/wp\/v2\/product_tag?post=5079"}],"curies":[{"name":"wp","href":"https:\/\/api.w.org\/{rel}","templated":true}]}}