{"id":4881,"date":"2023-05-06T13:06:23","date_gmt":"2023-05-06T10:06:23","guid":{"rendered":"https:\/\/luontoemo.fi\/?post_type=product&#038;p=4881"},"modified":"2026-05-11T16:26:40","modified_gmt":"2026-05-11T13:26:40","slug":"villiyrttiretki","status":"publish","type":"product","link":"https:\/\/luontoemo.fi\/en\/tuote\/villiyrttiretki\/","title":{"rendered":"Villiyrttiretki"},"content":{"rendered":"<p>Villiyrttiretkell\u00e4 opit tunnistamaan, ker\u00e4\u00e4m\u00e4\u00e4n ja k\u00e4sittelem\u00e4\u00e4n yleisimpi\u00e4 sy\u00f6t\u00e4vi\u00e4, luonnonkosmetiikkaan k\u00e4ytett\u00e4vi\u00e4 ja hyvinvointia tukevia kasveja koulutetun ja asiantuntevan luonnonyrttineuvojan kanssa.<\/p>\n<p>Hinta sis\u00e4lt\u00e4\u00e4 Luonnonyrttej\u00e4 poimimassa -tietopaketin s\u00e4hk\u00f6postiin jaettuna. Tarkemmat paikkatiedot saat ilmoittautumisesi j\u00e4lkeen.<\/p>\n<p>Huom! Kun menet ostoskoriin, kirjoita &#8220;palvelu&#8221; kohtaan &#8220;Lis\u00e4\u00e4 kuponki&#8221; &#8211; &#8220;Anna koodi&#8221;. T\u00e4m\u00e4 kuponki toimii vain palveluita ostettaessa ja poistaa toimitusmaksun.<\/p>\n<p>Seuraavat retket:<\/p>\n<ul>\n<li>15.5.2026 klo 16-18 Helsinki (Keskuspuisto, Laakso)<\/li>\n<li>22.5.2026 klo 17-19 Sysm\u00e4 (Virtaa)<\/li>\n<\/ul>\n<p>Lis\u00e4tietoja: Pauliina Silva pauliina.silva@luontoemo.fi (For more information &amp; inquiries for courses in English)<\/p>\n","protected":false},"excerpt":{"rendered":"<p>Villiyrttiretkell\u00e4 opit tunnistamaan, ker\u00e4\u00e4m\u00e4\u00e4n ja k\u00e4sittelem\u00e4\u00e4n yleisimpi\u00e4 sy\u00f6t\u00e4vi\u00e4, luonnonkosmetiikkaan k\u00e4ytett\u00e4vi\u00e4 ja hyvinvointia tukevia kasveja koulutetun ja asiantuntevan luonnonyrttineuvojan kanssa.<\/p>\n","protected":false},"featured_media":4233,"comment_status":"open","ping_status":"closed","template":"","meta":{"_et_pb_use_builder":"","_et_pb_old_content":"","_et_gb_content_width":""},"product_brand":[],"product_cat":[506,415,279],"product_tag":[507,315,517],"class_list":{"0":"post-4881","1":"product","2":"type-product","3":"status-publish","4":"has-post-thumbnail","6":"product_cat-koulutukset","7":"product_cat-luontoemos-herbs","8":"product_cat-villiyrttituotteet-en","9":"product_tag-luonnonyrtit","10":"product_tag-wild-herbs","11":"product_tag-villiyrttiretki","13":"first","14":"instock","15":"virtual","16":"taxable","17":"purchasable","18":"product-type-simple"},"_links":{"self":[{"href":"https:\/\/luontoemo.fi\/en\/wp-json\/wp\/v2\/product\/4881","targetHints":{"allow":["GET"]}}],"collection":[{"href":"https:\/\/luontoemo.fi\/en\/wp-json\/wp\/v2\/product"}],"about":[{"href":"https:\/\/luontoemo.fi\/en\/wp-json\/wp\/v2\/types\/product"}],"replies":[{"embeddable":true,"href":"https:\/\/luontoemo.fi\/en\/wp-json\/wp\/v2\/comments?post=4881"}],"wp:featuredmedia":[{"embeddable":true,"href":"https:\/\/luontoemo.fi\/en\/wp-json\/wp\/v2\/media\/4233"}],"wp:attachment":[{"href":"https:\/\/luontoemo.fi\/en\/wp-json\/wp\/v2\/media?parent=4881"}],"wp:term":[{"taxonomy":"product_brand","embeddable":true,"href":"https:\/\/luontoemo.fi\/en\/wp-json\/wp\/v2\/product_brand?post=4881"},{"taxonomy":"product_cat","embeddable":true,"href":"https:\/\/luontoemo.fi\/en\/wp-json\/wp\/v2\/product_cat?post=4881"},{"taxonomy":"product_tag","embeddable":true,"href":"https:\/\/luontoemo.fi\/en\/wp-json\/wp\/v2\/product_tag?post=4881"}],"curies":[{"name":"wp","href":"https:\/\/api.w.org\/{rel}","templated":true}]}}