{"id":4582,"date":"2022-01-07T12:12:26","date_gmt":"2022-01-07T10:12:26","guid":{"rendered":"https:\/\/luontoemo.fi\/?post_type=product&#038;p=4582"},"modified":"2026-03-02T21:55:52","modified_gmt":"2026-03-02T19:55:52","slug":"clear-head-nuhatipat-eteerinen-oljy","status":"publish","type":"product","link":"https:\/\/luontoemo.fi\/en\/tuote\/clear-head-nuhatipat-eteerinen-oljy\/","title":{"rendered":"Clear Head -nuhatipat eteerinen \u00f6ljy"},"content":{"rendered":"<p>Eteerinen rosmariini- ja ravensara\u00f6ljyjen sekoitus aromaterapeuttiseen k\u00e4ytt\u00f6\u00f6n. Puhdistava ja raikas tuoksu, joka rauhoittaa. T\u00e4ydellinen etenkin flunssakaudelle. Suunniteltu taistelemaan ilmassa liikkuvia viruksia vastaan ja helpottamaan hengitt\u00e4mist\u00e4. Tuo helpotusta vilustumisen oireisiin ja saattaa jopa v\u00e4hent\u00e4\u00e4 kuorsaamista.<\/p>\n<p><strong><span id=\"PageContent_ConsumerInstructionsLabel\">K\u00e4ytt\u00f6ohjeet: <\/span><\/strong>Tuoksulamppu\/diffuuseri: 7-10 tippaa (puhdista jokaisen k\u00e4ytt\u00f6kerran j\u00e4lkeen).<\/p>\n<p>Valmistaja: Aqua Oleum, Britannia<\/p>\n<p>Maahantuoja: Aduki<\/p>\n","protected":false},"excerpt":{"rendered":"<p>Puhdistava ja raikas tuoksu, joka rauhoittaa. T\u00e4ydellinen etenkin flunssakaudelle.<\/p>\n","protected":false},"featured_media":4583,"comment_status":"open","ping_status":"closed","template":"","meta":{"_et_pb_use_builder":"","_et_pb_old_content":"","_et_gb_content_width":""},"product_brand":[],"product_cat":[292],"product_tag":[324,87,512,152],"class_list":{"0":"post-4582","1":"product","2":"type-product","3":"status-publish","4":"has-post-thumbnail","6":"product_cat-essential-oils","7":"product_tag-essential-oil","8":"product_tag-flunssa","9":"product_tag-ravensera","10":"product_tag-rosmariini","12":"first","13":"instock","14":"taxable","15":"shipping-taxable","16":"purchasable","17":"product-type-simple"},"_links":{"self":[{"href":"https:\/\/luontoemo.fi\/en\/wp-json\/wp\/v2\/product\/4582","targetHints":{"allow":["GET"]}}],"collection":[{"href":"https:\/\/luontoemo.fi\/en\/wp-json\/wp\/v2\/product"}],"about":[{"href":"https:\/\/luontoemo.fi\/en\/wp-json\/wp\/v2\/types\/product"}],"replies":[{"embeddable":true,"href":"https:\/\/luontoemo.fi\/en\/wp-json\/wp\/v2\/comments?post=4582"}],"wp:featuredmedia":[{"embeddable":true,"href":"https:\/\/luontoemo.fi\/en\/wp-json\/wp\/v2\/media\/4583"}],"wp:attachment":[{"href":"https:\/\/luontoemo.fi\/en\/wp-json\/wp\/v2\/media?parent=4582"}],"wp:term":[{"taxonomy":"product_brand","embeddable":true,"href":"https:\/\/luontoemo.fi\/en\/wp-json\/wp\/v2\/product_brand?post=4582"},{"taxonomy":"product_cat","embeddable":true,"href":"https:\/\/luontoemo.fi\/en\/wp-json\/wp\/v2\/product_cat?post=4582"},{"taxonomy":"product_tag","embeddable":true,"href":"https:\/\/luontoemo.fi\/en\/wp-json\/wp\/v2\/product_tag?post=4582"}],"curies":[{"name":"wp","href":"https:\/\/api.w.org\/{rel}","templated":true}]}}