{"id":4266,"date":"2021-05-10T19:51:42","date_gmt":"2021-05-10T16:51:42","guid":{"rendered":"https:\/\/luontoemo.fi\/?post_type=product&#038;p=4266"},"modified":"2026-03-03T19:46:03","modified_gmt":"2026-03-03T17:46:03","slug":"parantajatar-deodo","status":"publish","type":"product","link":"https:\/\/luontoemo.fi\/en\/tuote\/parantajatar-deodo\/","title":{"rendered":"Parantajatar Deo&#8217;do"},"content":{"rendered":"<p>Luontoemon keitti\u00f6ss\u00e4 kehitelty Parantajatar De&#8217;odo on vastaus jokaiselle luonnollista ja toimivaa deodoranttia etsineelle. T\u00e4m\u00e4 d\u00f6d\u00f6 ei todellakaan pet\u00e4. Antiperspirantti se ei kuitenkaan ole, joten se ei est\u00e4 hikirauhasten luonnollista toimintaa.<\/p>\n<p>Parantajatar Deo&#8217;dossa on raaka-aineina suomalaisesta luonnosta sek\u00e4 keitti\u00f6st\u00e4kin tuttuja aineita: kasvit p\u00e4ij\u00e4t-h\u00e4m\u00e4l\u00e4iselt\u00e4 niitylt\u00e4, ihoa hoitavat kookos\u00f6ljy ja ryp\u00e4lekivi\u00f6ljy, antibakteerinen mehil\u00e4isvaha, ruokasooda ja perunajauho. Kaikki muut raaka-aineet, paitsi kookos\u00f6ljy ja ryp\u00e4lekivi\u00f6ljy, ovat Suomesta.<\/p>\n<p>Voidedeodorantin tuoksu on mieto, luonnollisen mesiangervoinen ja hunajainen. Tuotteessa ei ole k\u00e4ytetty eteerisi\u00e4 \u00f6ljyj\u00e4 eik\u00e4 muita hajusteita.<\/p>\n<p>K\u00e4ytt\u00f6: Sipaise herneen kokoinen m\u00e4\u00e4r\u00e4 voidetta sormelle, ja levit\u00e4 puhtaaseen kainaloon.<\/p>\n<p>Pakkaus: 30 ml lasipurkki, painettu kangaspussi<\/p>\n<p>Valmistaja: Luontoemo, Sysm\u00e4<\/p>\n","protected":false},"excerpt":{"rendered":"<p>Siank\u00e4rs\u00e4m\u00f6, Suomen luonnon parantajatar, yhdess\u00e4 ihoa helliv\u00e4n siskonsa Poimulehden ja huumaavan tuoksuisen niittyjen kuningattaren Mesiangervon kanssa ovat tehokkaan ja toimivan, luonnollisen ja miedontuoksuisen voidedeodorantin pohjana. K\u00e4sintehty Sysm\u00e4ss\u00e4.<\/p>\n","protected":false},"featured_media":4269,"comment_status":"open","ping_status":"closed","template":"","meta":{"_et_pb_use_builder":"","_et_pb_old_content":"","_et_gb_content_width":""},"product_brand":[],"product_cat":[299,415,279],"product_tag":[509,312,507,454,282,346],"class_list":{"0":"post-4266","1":"product","2":"type-product","3":"status-publish","4":"has-post-thumbnail","6":"product_cat-natural-cosmetics-and-hygiene","7":"product_cat-luontoemos-herbs","8":"product_cat-villiyrttituotteet-en","9":"product_tag-deodorantti","10":"product_tag-natural-cosmetics","11":"product_tag-luonnonyrtit","12":"product_tag-meadowsweet","13":"product_tag-poimulehti-en","14":"product_tag-siankarsamo","16":"first","17":"instock","18":"taxable","19":"shipping-taxable","20":"purchasable","21":"product-type-simple"},"_links":{"self":[{"href":"https:\/\/luontoemo.fi\/en\/wp-json\/wp\/v2\/product\/4266","targetHints":{"allow":["GET"]}}],"collection":[{"href":"https:\/\/luontoemo.fi\/en\/wp-json\/wp\/v2\/product"}],"about":[{"href":"https:\/\/luontoemo.fi\/en\/wp-json\/wp\/v2\/types\/product"}],"replies":[{"embeddable":true,"href":"https:\/\/luontoemo.fi\/en\/wp-json\/wp\/v2\/comments?post=4266"}],"wp:featuredmedia":[{"embeddable":true,"href":"https:\/\/luontoemo.fi\/en\/wp-json\/wp\/v2\/media\/4269"}],"wp:attachment":[{"href":"https:\/\/luontoemo.fi\/en\/wp-json\/wp\/v2\/media?parent=4266"}],"wp:term":[{"taxonomy":"product_brand","embeddable":true,"href":"https:\/\/luontoemo.fi\/en\/wp-json\/wp\/v2\/product_brand?post=4266"},{"taxonomy":"product_cat","embeddable":true,"href":"https:\/\/luontoemo.fi\/en\/wp-json\/wp\/v2\/product_cat?post=4266"},{"taxonomy":"product_tag","embeddable":true,"href":"https:\/\/luontoemo.fi\/en\/wp-json\/wp\/v2\/product_tag?post=4266"}],"curies":[{"name":"wp","href":"https:\/\/api.w.org\/{rel}","templated":true}]}}