{"id":4259,"date":"2021-05-22T16:20:57","date_gmt":"2021-05-22T13:20:57","guid":{"rendered":"https:\/\/luontoemo.fi\/?post_type=product&#038;p=4259"},"modified":"2026-05-11T16:30:26","modified_gmt":"2026-05-11T13:30:26","slug":"luonnonyrttien-poimijakoulutus","status":"publish","type":"product","link":"https:\/\/luontoemo.fi\/en\/tuote\/luonnonyrttien-poimijakoulutus\/","title":{"rendered":"Luonnonyrttien poimijakoulutus 20.5.2026"},"content":{"rendered":"<div class=\"koulutus_yleinen\">\n<p>Luonnonyrttien poimijakoulutus on kaksiosainen ja kest\u00e4\u00e4 yhteens\u00e4 4 tuntia.<\/p>\n<p><strong>Teoriaosuus<\/strong> et\u00e4n\u00e4 Teamsin v\u00e4lityksell\u00e4 keskiviikkona 20.5.2026 klo 17-19<\/p>\n<p>Valittavanasi on <strong>maasto-osuus<\/strong><\/p>\n<ul>\n<li>Helsingiss\u00e4 torstaina 21.5. klo 17-19<\/li>\n<li>Sysm\u00e4ss\u00e4 lauantaina 23.5. klo 13-15 tai<\/li>\n<li>Lahdessa maanantaina 25.5. klo 16.30-18.30<\/li>\n<\/ul>\n<p>K\u00e4sitelt\u00e4v\u00e4t kasvit ajankohtaisen saatavuuden mukaan vahvistetaan viel\u00e4 l\u00e4hemp\u00e4n\u00e4 kurssin ajankohtaa.<\/p>\n<p>Huom. Jos tarvitset muita uusia kasveja ker\u00e4\u00e4j\u00e4-\/poimijakorttiisi, ota yhteytt\u00e4.<\/p>\n<p>Kouluttajana luonnontuoteneuvoja Pauliina Silva, Luontoemo, pauliina.silva (at) luontoemo.fi.<\/p>\n<\/div>\n<p><strong>Kirjoita kommenttikentt\u00e4\u00e4n kassalla mihin maasto-osuuteen haluat osallistua. <\/strong><\/p>\n<p>Lis\u00e4tietoja: https:\/\/luontoemo.fi\/palvelut\/poimijakoulutus\/ ja pauliina.silva (at) luontoemo.fi<\/p>\n<p>Koko koulutuksen hinta (teoria- ja maasto-osuus) uusille ker\u00e4\u00e4jille on 79 \u20ac ja jo aiemmin koulutuksen saaneille, poimijakorttiaan t\u00e4ydent\u00e4ville 35 \u20ac.<\/p>\n<ul>\n<li>Huom! Kun menet ostoskoriin, kirjoita koodi &#8220;palvelu&#8221; kohtaan &#8220;Lis\u00e4\u00e4 kuponki&#8221; &#8211; &#8220;Anna koodi&#8221;. T\u00e4m\u00e4 kuponki toimii vain palveluita ostettaessa ja poistaa toimitusmaksun.<\/li>\n<\/ul>\n<p>Voit halutessasi rekister\u00f6ity\u00e4 <a href=\"https:\/\/www.keraaja.fi\/\">keraaja.fi-<\/a>sivustolle s\u00e4hk\u00f6iseen ker\u00e4\u00e4j\u00e4rekisteriin (Suomen Luontonyritt\u00e4jyysverkoston hallinnoima, hinta 12 \u20ac\/v) ja ilmoittautua kurssille sivuston kautta. T\u00e4ll\u00f6in koulutetut kasvit lis\u00e4t\u00e4\u00e4n tilillesi kurssin j\u00e4lkeen.<\/p>\n","protected":false},"excerpt":{"rendered":"<p>Luonnonyrttien poimijakoulutus on kaksiosainen ja kest\u00e4\u00e4 yhteens\u00e4 4 tuntia. Teoriaosuus et\u00e4n\u00e4 Teamsin v\u00e4lityksell\u00e4 keskiviikkona 20.5.2026 klo 17-19 Valittavanasi on maasto-osuus Helsingiss\u00e4 torstaina 21.5. klo 17-19 Sysm\u00e4ss\u00e4 lauantaina 23.5. klo 13-15 tai Lahdessa maanantaina 25.5. klo 16.30-18.30 K\u00e4sitelt\u00e4v\u00e4t kasvit ajankohtaisen saatavuuden mukaan vahvistetaan viel\u00e4 l\u00e4hemp\u00e4n\u00e4 kurssin ajankohtaa. Huom. Jos tarvitset muita uusia kasveja ker\u00e4\u00e4j\u00e4-\/poimijakorttiisi, ota yhteytt\u00e4. [&hellip;]<\/p>\n","protected":false},"featured_media":2499,"comment_status":"open","ping_status":"closed","template":"","meta":{"_et_pb_use_builder":"","_et_pb_old_content":"","_et_gb_content_width":""},"product_brand":[],"product_cat":[506,415,279],"product_tag":[528,526,527,390,507,508,315],"class_list":{"0":"post-4259","1":"product","2":"type-product","3":"status-publish","4":"has-post-thumbnail","6":"product_cat-koulutukset","7":"product_cat-luontoemos-herbs","8":"product_cat-villiyrttituotteet-en","9":"product_tag-keraaja","10":"product_tag-keraajakoulutus","11":"product_tag-koulutus","12":"product_tag-natural-product","13":"product_tag-luonnonyrtit","14":"product_tag-poimijakoulutus","15":"product_tag-wild-herbs","17":"first","18":"instock","19":"taxable","20":"shipping-taxable","21":"purchasable","22":"product-type-variable"},"_links":{"self":[{"href":"https:\/\/luontoemo.fi\/en\/wp-json\/wp\/v2\/product\/4259","targetHints":{"allow":["GET"]}}],"collection":[{"href":"https:\/\/luontoemo.fi\/en\/wp-json\/wp\/v2\/product"}],"about":[{"href":"https:\/\/luontoemo.fi\/en\/wp-json\/wp\/v2\/types\/product"}],"replies":[{"embeddable":true,"href":"https:\/\/luontoemo.fi\/en\/wp-json\/wp\/v2\/comments?post=4259"}],"wp:featuredmedia":[{"embeddable":true,"href":"https:\/\/luontoemo.fi\/en\/wp-json\/wp\/v2\/media\/2499"}],"wp:attachment":[{"href":"https:\/\/luontoemo.fi\/en\/wp-json\/wp\/v2\/media?parent=4259"}],"wp:term":[{"taxonomy":"product_brand","embeddable":true,"href":"https:\/\/luontoemo.fi\/en\/wp-json\/wp\/v2\/product_brand?post=4259"},{"taxonomy":"product_cat","embeddable":true,"href":"https:\/\/luontoemo.fi\/en\/wp-json\/wp\/v2\/product_cat?post=4259"},{"taxonomy":"product_tag","embeddable":true,"href":"https:\/\/luontoemo.fi\/en\/wp-json\/wp\/v2\/product_tag?post=4259"}],"curies":[{"name":"wp","href":"https:\/\/api.w.org\/{rel}","templated":true}]}}