{"id":4132,"date":"2021-04-10T15:19:52","date_gmt":"2021-04-10T12:19:52","guid":{"rendered":"https:\/\/luontoemo.fi\/?post_type=product&#038;p=4132"},"modified":"2024-11-25T19:41:25","modified_gmt":"2024-11-25T17:41:25","slug":"carmolis-kipugeeli","status":"publish","type":"product","link":"https:\/\/luontoemo.fi\/en\/tuote\/carmolis-kipugeeli\/","title":{"rendered":"Carmolis Kipugeeli"},"content":{"rendered":"<p>Carmolis Yrttigeeli sis\u00e4lt\u00e4\u00e4 11 yrtin haihtuvia \u00f6ljyj\u00e4 ja \u201dvanhan ajan\u201d tehokkaita s\u00e4rkyaineita; metyylisalisylaattia ja kamferia, jotka jo erikseen k\u00e4ytettyin\u00e4 ovat tehokkaita aineita kipuun ja tulehdukseen.<\/p>\n<ul>\n<li>Tenniskyyn\u00e4rp\u00e4\u00e4lle, hiirik\u00e4delle<\/li>\n<li>Rasittuneille lihaksille esim. hartioihin, niskaan, pohkeisiin<\/li>\n<li>V\u00e4syneille jaloille<\/li>\n<li>Nyrj\u00e4hdyksiin ja rev\u00e4hdyksiin<\/li>\n<li>Lihasten l\u00e4mmitt\u00e4miseen ja rentouttamiseen ennen suoritusta<\/li>\n<li>Lihasten rentouttamiseen ja palautumiseen suorituksen j\u00e4lkeen<\/li>\n<\/ul>\n<p>Carmolis Yrttigeeli on yrttipohjainen hoitogeeli rasittuneille lihaksille. Sill\u00e4 on ensin viilent\u00e4v\u00e4 ja sitten pitk\u00e4\u00e4n l\u00e4mmitt\u00e4v\u00e4 vaikutus.<\/p>\n<p>Carmolis Yrttigeeli sis\u00e4lt\u00e4\u00e4 eteerisi\u00e4 \u00f6ljyj\u00e4 11 rohdoskasvista ja huolella valittuja tehoaineita kuten metyylisalisylaattia ja kamferia. Carmolis Yrttigeelin aineosat t\u00e4ydent\u00e4v\u00e4t toinen toisensa vaikutuksia. Kokonaisuus vilkastuttaa verenkiertoa kipualueella, rentouttaa lihasj\u00e4nnityst\u00e4 sek\u00e4 lievitt\u00e4\u00e4 tulehdusta ja kipua.<\/p>\n<p><span class=\"product-drug-facts__text-content\">Sivele Carmolis Yrttigeeli\u00e4 hell\u00e4sti hieroen kipeytyneille alueille useita kertoja, kuitenkin enint\u00e4\u00e4n 5 kertaa p\u00e4iv\u00e4ss\u00e4. \u00c4l\u00e4 levit\u00e4 geeli\u00e4 rikkoutuneelle tai \u00e4rtyneelle iholle, limakalvoille tai silmien l\u00e4hettyville.<br \/>\nPese k\u00e4det geelin levitt\u00e4misen j\u00e4lkeen, ettei geeli\u00e4 p\u00e4\u00e4se silmiin.<\/span><\/p>\n<p>Valmistaja: bertil&#8217;s health, Pietarsaari<\/p>\n","protected":false},"excerpt":{"rendered":"<p>Carmolis Yrttigeeli on ihoyst\u00e4v\u00e4llinen ja mukava k\u00e4ytt\u00e4\u00e4. Se ei sis\u00e4ll\u00e4 rasvaa ja imeytyy siksi hyvin ihoon. Miellytt\u00e4v\u00e4n raikkaalta tuoksuvalla geelill\u00e4 on aluksi viilent\u00e4v\u00e4 ja hetken kuluttua pitk\u00e4\u00e4n l\u00e4mmitt\u00e4v\u00e4 vaikutus.<\/p>\n","protected":false},"featured_media":4133,"comment_status":"open","ping_status":"closed","template":"","meta":{"_et_pb_use_builder":"","_et_pb_old_content":"","_et_gb_content_width":""},"product_brand":[],"product_cat":[31,34],"product_tag":[196,489],"class_list":{"0":"post-4132","1":"product","2":"type-product","3":"status-publish","4":"has-post-thumbnail","6":"product_cat-luonnonkosmetiikka-ja-hygienia","7":"product_cat-muut-hoitotuotteet","8":"product_tag-carmolis","9":"product_tag-kivunlievitys","11":"first","12":"outofstock","13":"taxable","14":"shipping-taxable","15":"purchasable","16":"product-type-simple"},"_links":{"self":[{"href":"https:\/\/luontoemo.fi\/en\/wp-json\/wp\/v2\/product\/4132","targetHints":{"allow":["GET"]}}],"collection":[{"href":"https:\/\/luontoemo.fi\/en\/wp-json\/wp\/v2\/product"}],"about":[{"href":"https:\/\/luontoemo.fi\/en\/wp-json\/wp\/v2\/types\/product"}],"replies":[{"embeddable":true,"href":"https:\/\/luontoemo.fi\/en\/wp-json\/wp\/v2\/comments?post=4132"}],"wp:featuredmedia":[{"embeddable":true,"href":"https:\/\/luontoemo.fi\/en\/wp-json\/wp\/v2\/media\/4133"}],"wp:attachment":[{"href":"https:\/\/luontoemo.fi\/en\/wp-json\/wp\/v2\/media?parent=4132"}],"wp:term":[{"taxonomy":"product_brand","embeddable":true,"href":"https:\/\/luontoemo.fi\/en\/wp-json\/wp\/v2\/product_brand?post=4132"},{"taxonomy":"product_cat","embeddable":true,"href":"https:\/\/luontoemo.fi\/en\/wp-json\/wp\/v2\/product_cat?post=4132"},{"taxonomy":"product_tag","embeddable":true,"href":"https:\/\/luontoemo.fi\/en\/wp-json\/wp\/v2\/product_tag?post=4132"}],"curies":[{"name":"wp","href":"https:\/\/api.w.org\/{rel}","templated":true}]}}