{"id":4129,"date":"2021-04-10T15:05:35","date_gmt":"2021-04-10T12:05:35","guid":{"rendered":"https:\/\/luontoemo.fi\/?post_type=product&#038;p=4129"},"modified":"2026-03-05T19:48:30","modified_gmt":"2026-03-05T17:48:30","slug":"frantsilan-kipu-ayurvedinen-hoitooljy","status":"publish","type":"product","link":"https:\/\/luontoemo.fi\/en\/tuote\/frantsilan-kipu-ayurvedinen-hoitooljy\/","title":{"rendered":"Frantsilan Kipu ayurvedinen hoito\u00f6ljy"},"content":{"rendered":"<p>Hoito\u00f6ljyn \u00f6ljypohjana ovat kylm\u00e4puristetut luomukasvi\u00f6ljyt (auringonkukan siemen- ja oliivi\u00f6ljy), joihin on uuttamismenetelm\u00e4ll\u00e4 uutettu kotimaiset luomuyrtit (mesiangervo, siank\u00e4rs\u00e4m\u00f6n ja kuisman kukat, vaivaiskoivun lehdet, pajun kuoret, suopursu, katajan marjat, ratamon lehdet, koivun silmut ja arnikki) sek\u00e4 luomurosmariini. Lis\u00e4tehoa tuovat aromaterapeuttiset eteeriset \u00f6ljyt (rosmariini, basilika, kataja ja m\u00e4nty) sek\u00e4 suomalaiset kukkaterapeuttiset uutokset (aputipat \u2013 lumme, mets\u00e4t\u00e4hti, suopursu). Homeopaattinen arnikki antaa tuotteelle lis\u00e4apua erilaisten traumojen hoidossa.<\/p>\n<p>Pakkauskoko 100 ml<\/p>\n<p>K\u00e4ytt\u00f6ohje: Hierotaan hoidettavalle alueelle tarpeen mukaan.<\/p>\n<p class=\"narrow\">Valmistaja: Frantsila<\/p>\n<p>Raaka-aineet ja valmistus t\u00e4ytt\u00e4v\u00e4t eurooppalaiset luonnonkosmetiikka- ka luomustandardit. Ei el\u00e4inkokeita, el\u00e4inper\u00e4isi\u00e4 tai geenimuunneltuja aineita, mineraali\u00f6ljyj\u00e4, silikaatteja, keinotekoisia v\u00e4ri- tai tuoksuaineita eik\u00e4 mit\u00e4\u00e4n s\u00e4il\u00f6nt\u00e4aineita.<\/p>\n","protected":false},"excerpt":{"rendered":"<p>Kipua lievitt\u00e4v\u00e4, j\u00e4nnityksi\u00e4 laukaiseva, verenkiertoa elvytt\u00e4v\u00e4, lymfan toimintaa aktivoiva ja puhdistava hoito- ja hieronta\u00f6ljy.<\/p>\n","protected":false},"featured_media":4130,"comment_status":"open","ping_status":"closed","template":"","meta":{"_et_pb_use_builder":"","_et_pb_old_content":"","_et_gb_content_width":""},"product_brand":[],"product_cat":[299,300],"product_tag":[370,488,489],"class_list":{"0":"post-4129","1":"product","2":"type-product","3":"status-publish","4":"has-post-thumbnail","6":"product_cat-natural-cosmetics-and-hygiene","7":"product_cat-other","8":"product_tag-frantsila-en","9":"product_tag-hoitooljy","10":"product_tag-kivunlievitys","12":"first","13":"instock","14":"taxable","15":"shipping-taxable","16":"purchasable","17":"product-type-simple"},"_links":{"self":[{"href":"https:\/\/luontoemo.fi\/en\/wp-json\/wp\/v2\/product\/4129","targetHints":{"allow":["GET"]}}],"collection":[{"href":"https:\/\/luontoemo.fi\/en\/wp-json\/wp\/v2\/product"}],"about":[{"href":"https:\/\/luontoemo.fi\/en\/wp-json\/wp\/v2\/types\/product"}],"replies":[{"embeddable":true,"href":"https:\/\/luontoemo.fi\/en\/wp-json\/wp\/v2\/comments?post=4129"}],"wp:featuredmedia":[{"embeddable":true,"href":"https:\/\/luontoemo.fi\/en\/wp-json\/wp\/v2\/media\/4130"}],"wp:attachment":[{"href":"https:\/\/luontoemo.fi\/en\/wp-json\/wp\/v2\/media?parent=4129"}],"wp:term":[{"taxonomy":"product_brand","embeddable":true,"href":"https:\/\/luontoemo.fi\/en\/wp-json\/wp\/v2\/product_brand?post=4129"},{"taxonomy":"product_cat","embeddable":true,"href":"https:\/\/luontoemo.fi\/en\/wp-json\/wp\/v2\/product_cat?post=4129"},{"taxonomy":"product_tag","embeddable":true,"href":"https:\/\/luontoemo.fi\/en\/wp-json\/wp\/v2\/product_tag?post=4129"}],"curies":[{"name":"wp","href":"https:\/\/api.w.org\/{rel}","templated":true}]}}