{"id":4126,"date":"2021-04-10T14:47:32","date_gmt":"2021-04-10T11:47:32","guid":{"rendered":"https:\/\/luontoemo.fi\/?post_type=product&#038;p=4126"},"modified":"2024-11-25T19:41:26","modified_gmt":"2024-11-25T17:41:26","slug":"parapahkina-luomu-1-kg","status":"publish","type":"product","link":"https:\/\/luontoemo.fi\/en\/tuote\/parapahkina-luomu-1-kg\/","title":{"rendered":"Parap\u00e4hkin\u00e4, luomu, 1 kg"},"content":{"rendered":"<p>Maultaan parap\u00e4hkin\u00e4\u00a0on miedon aromaattinen, hieman karvas, mutta herkullinen ja t\u00e4ytel\u00e4inen p\u00e4hkin\u00e4.<\/p>\n<p>Parap\u00e4hkin\u00e4t ovat erinomaisia seleenin l\u00e4hteit\u00e4, siksi niit\u00e4 tulisikin nauttia vain noin 2-5 p\u00e4hkin\u00e4\u00e4 p\u00e4iv\u00e4ss\u00e4. P\u00e4hkin\u00e4t ovat my\u00f6s hyv\u00e4 proteiinin, raudan magnesiumin ja sinkin l\u00e4hde.<\/p>\n<p>Valmistaja: Aduki, Helsinki<\/p>\n<p><span id=\"PageContent_NutritionalReferenceLabel\">Ravintosis\u00e4lt\u00f6 per<\/span>\u00a0100 g<\/p>\n<table class=\"table table-striped table-condensed table-bordered\" style=\"width: 235px;\">\n<tbody>\n<tr>\n<td style=\"width: 95.3333px;\">Energiaa<\/td>\n<td style=\"width: 124px;\">650 kcal \/ 2720 kJ<\/td>\n<\/tr>\n<tr>\n<td style=\"width: 95.3333px;\">Proteiinia<\/td>\n<td style=\"width: 124px;\">13,4 g<\/td>\n<\/tr>\n<tr>\n<td style=\"width: 95.3333px;\">Rasvaa<\/td>\n<td style=\"width: 124px;\">63,2<\/td>\n<\/tr>\n<tr>\n<td style=\"width: 95.3333px;\">Hiilihydraatteja<\/td>\n<td style=\"width: 124px;\">4,2 g<\/td>\n<\/tr>\n<tr>\n<td style=\"width: 95.3333px;\">Ravintokuitua<\/td>\n<td style=\"width: 124px;\">8,6 g<\/td>\n<\/tr>\n<tr>\n<td style=\"width: 95.3333px;\">Suola<\/td>\n<td style=\"width: 124px;\">0,005 g<\/td>\n<\/tr>\n<tr>\n<td style=\"width: 95.3333px;\">Ravintokuitua<\/td>\n<td style=\"width: 124px;\">3,6 g<\/td>\n<\/tr>\n<tr>\n<td style=\"width: 95.3333px;\">Suola<\/td>\n<td style=\"width: 124px;\">0,012 g<\/td>\n<\/tr>\n<\/tbody>\n<\/table>\n","protected":false},"excerpt":{"rendered":"<p>Luomuviljelty\u00e4 parap\u00e4hkin\u00e4\u00e4 eli Brasilian p\u00e4hkin\u00e4\u00e4 voi k\u00e4ytt\u00e4\u00e4 sellaisenaan tai paahdettuna. Sopii k\u00e4ytett\u00e4v\u00e4ksi my\u00f6s esimerkiksi mysliin ja leivontaan.<\/p>\n","protected":false},"featured_media":4127,"comment_status":"open","ping_status":"closed","template":"","meta":{"_et_pb_use_builder":"","_et_pb_old_content":"","_et_gb_content_width":""},"product_brand":[],"product_cat":[302],"product_tag":[385,487,486],"class_list":{"0":"post-4126","1":"product","2":"type-product","3":"status-publish","4":"has-post-thumbnail","6":"product_cat-food-and-drinks","7":"product_tag-organic","8":"product_tag-luomuruoka","9":"product_tag-pahkina","11":"first","12":"outofstock","13":"taxable","14":"shipping-taxable","15":"purchasable","16":"product-type-simple"},"_links":{"self":[{"href":"https:\/\/luontoemo.fi\/en\/wp-json\/wp\/v2\/product\/4126","targetHints":{"allow":["GET"]}}],"collection":[{"href":"https:\/\/luontoemo.fi\/en\/wp-json\/wp\/v2\/product"}],"about":[{"href":"https:\/\/luontoemo.fi\/en\/wp-json\/wp\/v2\/types\/product"}],"replies":[{"embeddable":true,"href":"https:\/\/luontoemo.fi\/en\/wp-json\/wp\/v2\/comments?post=4126"}],"wp:featuredmedia":[{"embeddable":true,"href":"https:\/\/luontoemo.fi\/en\/wp-json\/wp\/v2\/media\/4127"}],"wp:attachment":[{"href":"https:\/\/luontoemo.fi\/en\/wp-json\/wp\/v2\/media?parent=4126"}],"wp:term":[{"taxonomy":"product_brand","embeddable":true,"href":"https:\/\/luontoemo.fi\/en\/wp-json\/wp\/v2\/product_brand?post=4126"},{"taxonomy":"product_cat","embeddable":true,"href":"https:\/\/luontoemo.fi\/en\/wp-json\/wp\/v2\/product_cat?post=4126"},{"taxonomy":"product_tag","embeddable":true,"href":"https:\/\/luontoemo.fi\/en\/wp-json\/wp\/v2\/product_tag?post=4126"}],"curies":[{"name":"wp","href":"https:\/\/api.w.org\/{rel}","templated":true}]}}