{"id":4119,"date":"2021-04-10T14:25:32","date_gmt":"2021-04-10T11:25:32","guid":{"rendered":"https:\/\/luontoemo.fi\/?post_type=product&#038;p=4119"},"modified":"2024-11-25T19:41:26","modified_gmt":"2024-11-25T17:41:26","slug":"biokia-karpalojauhe-luomu","status":"publish","type":"product","link":"https:\/\/luontoemo.fi\/en\/tuote\/biokia-karpalojauhe-luomu\/","title":{"rendered":"BIOKIA karpalojauhe, luomu"},"content":{"rendered":"<p>Karpalo on monelle tuttu l\u00e4hinn\u00e4 karpalomehusta, mutta karpalon raikas maku tulee mainiosti esiin my\u00f6s marjajauheessa. Biokia luomukarpalojauheesta saat hyv\u00e4n kuitulis\u00e4n ruokavalioosi! Se sis\u00e4lt\u00e4\u00e4 runsaasti my\u00f6s E-vitamiinia, kuparia ja mangaania.<\/p>\n<p>Karpalojauhe sis\u00e4lt\u00e4\u00e4 runsaasti E-vitamiinia. Kaliumin l\u00e4hde. Runsaskuituinen. Ei lis\u00e4ttyj\u00e4 sokereita. Gluteeniton.<\/p>\n<p>Pakkaus sis\u00e4lt\u00e4\u00e4 noin 12 teelusikallista marjajauhetta. K\u00e4yt\u00e4 1-3 teelusikallista kerrallaan. Ruokalusikallinen jauhetta vastaa n. 1,5 dl tuoreita karpaloita.<\/p>\n<p>Biokia luomumarjajauheisiin k\u00e4ytetyt marjat kuivataan hell\u00e4varaisesti n. +42-46 C:ssa ilmakuivurissa, mik\u00e4 s\u00e4ilytt\u00e4\u00e4 marjojen maun ja v\u00e4rin hyvin. Marjajauheissa nautit marjojen kivenn\u00e4is- ja hivenaineista sek\u00e4 vitamiineista tiiviiss\u00e4 muodossa.<\/p>\n<p>Nauti marjajauhetta p\u00e4ivitt\u00e4in osana monipuolista ja tasapainoista ruokavaliota ja terveellisi\u00e4 el\u00e4m\u00e4ntapoja.<\/p>\n<p>100 % luomuvillikarpalo (<em>Vaccinium oxycoccos<\/em>). Karpalon alkuper\u00e4maa satokaudesta ja saatavuudesta riippuen Valko-Ven\u00e4j\u00e4 tai Ven\u00e4j\u00e4.<\/p>\n<p>Pakkauskoko: 30 g<\/p>\n<p>Valmistaja: Biokia, Suomussalmi<\/p>\n","protected":false},"excerpt":{"rendered":"<p>Biokia luomukarpalojauhe on valmistettu kokonaisena kuivatuista, k\u00e4sinpoimituista luomuvillikarpaloista. Karpalojauheella loihdit helposti terveellisi\u00e4 herkkuja.<\/p>\n","protected":false},"featured_media":4121,"comment_status":"open","ping_status":"closed","template":"","meta":{"_et_pb_use_builder":"","_et_pb_old_content":"","_et_gb_content_width":""},"product_brand":[],"product_cat":[33],"product_tag":[485,214,483,484],"class_list":{"0":"post-4119","1":"product","2":"type-product","3":"status-publish","4":"has-post-thumbnail","6":"product_cat-ruoka-ja-juoma","7":"product_tag-karpalo","8":"product_tag-luomu","9":"product_tag-luomumarja","10":"product_tag-marjajauhe","12":"first","13":"outofstock","14":"taxable","15":"shipping-taxable","16":"purchasable","17":"product-type-simple"},"_links":{"self":[{"href":"https:\/\/luontoemo.fi\/en\/wp-json\/wp\/v2\/product\/4119","targetHints":{"allow":["GET"]}}],"collection":[{"href":"https:\/\/luontoemo.fi\/en\/wp-json\/wp\/v2\/product"}],"about":[{"href":"https:\/\/luontoemo.fi\/en\/wp-json\/wp\/v2\/types\/product"}],"replies":[{"embeddable":true,"href":"https:\/\/luontoemo.fi\/en\/wp-json\/wp\/v2\/comments?post=4119"}],"wp:featuredmedia":[{"embeddable":true,"href":"https:\/\/luontoemo.fi\/en\/wp-json\/wp\/v2\/media\/4121"}],"wp:attachment":[{"href":"https:\/\/luontoemo.fi\/en\/wp-json\/wp\/v2\/media?parent=4119"}],"wp:term":[{"taxonomy":"product_brand","embeddable":true,"href":"https:\/\/luontoemo.fi\/en\/wp-json\/wp\/v2\/product_brand?post=4119"},{"taxonomy":"product_cat","embeddable":true,"href":"https:\/\/luontoemo.fi\/en\/wp-json\/wp\/v2\/product_cat?post=4119"},{"taxonomy":"product_tag","embeddable":true,"href":"https:\/\/luontoemo.fi\/en\/wp-json\/wp\/v2\/product_tag?post=4119"}],"curies":[{"name":"wp","href":"https:\/\/api.w.org\/{rel}","templated":true}]}}