{"id":4116,"date":"2021-04-10T14:17:31","date_gmt":"2021-04-10T11:17:31","guid":{"rendered":"https:\/\/luontoemo.fi\/?post_type=product&#038;p=4116"},"modified":"2024-11-25T19:41:26","modified_gmt":"2024-11-25T17:41:26","slug":"biokia-puolukkajauhe-luomu","status":"publish","type":"product","link":"https:\/\/luontoemo.fi\/en\/tuote\/biokia-puolukkajauhe-luomu\/","title":{"rendered":"BIOKIA puolukkajauhe, luomu"},"content":{"rendered":"<p>Pakkaus sis\u00e4lt\u00e4\u00e4 noin 12 teelusikallista jauhetta. K\u00e4yt\u00e4 1-3 teelusikallista luomumarjajauhetta kerrallaan. Ruokalusikallinen jauhetta vastaa reilua 1 dl tuoreita puolukoita.<\/p>\n<p>Puolukkajauhe sis\u00e4lt\u00e4\u00e4 runsaasti E-vitamiinia. Kaliumin l\u00e4hde. Runsaskuituinen. Ei lis\u00e4ttyj\u00e4 sokereita. Gluteeniton.<\/p>\n<p>Biokia luomupuolukkajauhe on valmistettu kokonaisena kuivatuista, villin\u00e4 kasvaneista suomalaisista puolukoista.\u00a0Puolukkaa on k\u00e4ytetty kauan ja monipuolisesti hyv\u00e4n maun ja terveysvaikutusten takia.<\/p>\n<p>Biokia luomumarjajauheisiin k\u00e4ytetyt marjat kuivataan hell\u00e4varaisesti n. +42-46 C:ssa ilmakuivurissa, mik\u00e4 s\u00e4ilytt\u00e4\u00e4 marjojen maun ja v\u00e4rin hyvin. Marjajauheissa nautit marjojen kivenn\u00e4is- ja hivenaineista sek\u00e4 vitamiineista tiiviiss\u00e4 muodossa.<\/p>\n<p>Nauti marjajauhetta p\u00e4ivitt\u00e4in osana monipuolista ja tasapainoista ruokavaliota ja terveellisi\u00e4 el\u00e4m\u00e4ntapoja.<\/p>\n<p>Pakkauskoko: 30 g<\/p>\n<p>Valmistaja: Biokia, Suomussalmi<\/p>\n","protected":false},"excerpt":{"rendered":"<p>100 % suomalainen luomuvillipuolukka (<em>Vaccinium vitis-idaea<\/em>). Biokia luomupuolukkajauheella saat puolukan napakan maun ja terveysvaikutukset samassa paketissa. Se sis\u00e4lt\u00e4\u00e4 runsaasti ravintokuitua, E- ja K-vitamiineja sek\u00e4 rautaa, kuparia ja mangaania.<\/p>\n","protected":false},"featured_media":4117,"comment_status":"open","ping_status":"closed","template":"","meta":{"_et_pb_use_builder":"","_et_pb_old_content":"","_et_gb_content_width":""},"product_brand":[],"product_cat":[302],"product_tag":[385,483,484,342],"class_list":{"0":"post-4116","1":"product","2":"type-product","3":"status-publish","4":"has-post-thumbnail","6":"product_cat-food-and-drinks","7":"product_tag-organic","8":"product_tag-luomumarja","9":"product_tag-marjajauhe","10":"product_tag-puolukka","12":"first","13":"outofstock","14":"taxable","15":"shipping-taxable","16":"purchasable","17":"product-type-simple"},"_links":{"self":[{"href":"https:\/\/luontoemo.fi\/en\/wp-json\/wp\/v2\/product\/4116","targetHints":{"allow":["GET"]}}],"collection":[{"href":"https:\/\/luontoemo.fi\/en\/wp-json\/wp\/v2\/product"}],"about":[{"href":"https:\/\/luontoemo.fi\/en\/wp-json\/wp\/v2\/types\/product"}],"replies":[{"embeddable":true,"href":"https:\/\/luontoemo.fi\/en\/wp-json\/wp\/v2\/comments?post=4116"}],"wp:featuredmedia":[{"embeddable":true,"href":"https:\/\/luontoemo.fi\/en\/wp-json\/wp\/v2\/media\/4117"}],"wp:attachment":[{"href":"https:\/\/luontoemo.fi\/en\/wp-json\/wp\/v2\/media?parent=4116"}],"wp:term":[{"taxonomy":"product_brand","embeddable":true,"href":"https:\/\/luontoemo.fi\/en\/wp-json\/wp\/v2\/product_brand?post=4116"},{"taxonomy":"product_cat","embeddable":true,"href":"https:\/\/luontoemo.fi\/en\/wp-json\/wp\/v2\/product_cat?post=4116"},{"taxonomy":"product_tag","embeddable":true,"href":"https:\/\/luontoemo.fi\/en\/wp-json\/wp\/v2\/product_tag?post=4116"}],"curies":[{"name":"wp","href":"https:\/\/api.w.org\/{rel}","templated":true}]}}