{"id":4112,"date":"2021-04-10T14:10:35","date_gmt":"2021-04-10T11:10:35","guid":{"rendered":"https:\/\/luontoemo.fi\/?post_type=product&#038;p=4112"},"modified":"2024-11-25T19:41:26","modified_gmt":"2024-11-25T17:41:26","slug":"biokia-tyrnijauhe-luomu","status":"publish","type":"product","link":"https:\/\/luontoemo.fi\/en\/tuote\/biokia-tyrnijauhe-luomu\/","title":{"rendered":"BIOKIA tyrnijauhe, luomu"},"content":{"rendered":"<p>Pakkaus sis\u00e4lt\u00e4\u00e4 noin 10 teelusikallista tyrnijauhetta. K\u00e4yt\u00e4 1-3 teelusikallista kerrallaan. Ruokalusikallinen jauhetta vastaa l\u00e4hes 1,5 dl tuoreita tyrnimarjoja.<\/p>\n<p>Luomutyrnijauhe sis\u00e4lt\u00e4\u00e4 runsaasti E-vitamiinia ja kaliumia. Runsaskuituinen. Ei lis\u00e4ttyj\u00e4 sokereita. Gluteeniton.<\/p>\n<p>Biokian luomutyrnijauhe on kuivattu matalassa l\u00e4mp\u00f6tilassa ja jauhettu kokonaisista marjoista, jotta marjojen maku, v\u00e4ri ja ravintoaineet s\u00e4ilyv\u00e4t mahdollisimman hyvin.<\/p>\n<p>Nauti marjajauhetta p\u00e4ivitt\u00e4in osana monipuolista ja tasapainoista ruokavaliota ja terveellisi\u00e4 el\u00e4m\u00e4ntapoja.<\/p>\n<p>Satokaudesta ja saatavuudesta riippuen luomutyrni on per\u00e4isin Virosta, Liettuasta tai Ven\u00e4j\u00e4lt\u00e4.<\/p>\n<p>Pakkauskoko: 30 g<\/p>\n<p>Valmistaja: Biokia, Suomussalmi<\/p>\n","protected":false},"excerpt":{"rendered":"<p>Biokia luomutyrnijauhe sis\u00e4lt\u00e4\u00e4 runsaasti ravintokuitua, C- ja E-vitamiineja sek\u00e4 kaliumia, kuparia ja mangaania.<\/p>\n","protected":false},"featured_media":4113,"comment_status":"open","ping_status":"closed","template":"","meta":{"_et_pb_use_builder":"","_et_pb_old_content":"","_et_gb_content_width":""},"product_brand":[],"product_cat":[302],"product_tag":[385,483,484,267],"class_list":{"0":"post-4112","1":"product","2":"type-product","3":"status-publish","4":"has-post-thumbnail","6":"product_cat-food-and-drinks","7":"product_tag-organic","8":"product_tag-luomumarja","9":"product_tag-marjajauhe","10":"product_tag-tyrni","12":"first","13":"outofstock","14":"taxable","15":"shipping-taxable","16":"purchasable","17":"product-type-simple"},"_links":{"self":[{"href":"https:\/\/luontoemo.fi\/en\/wp-json\/wp\/v2\/product\/4112","targetHints":{"allow":["GET"]}}],"collection":[{"href":"https:\/\/luontoemo.fi\/en\/wp-json\/wp\/v2\/product"}],"about":[{"href":"https:\/\/luontoemo.fi\/en\/wp-json\/wp\/v2\/types\/product"}],"replies":[{"embeddable":true,"href":"https:\/\/luontoemo.fi\/en\/wp-json\/wp\/v2\/comments?post=4112"}],"wp:featuredmedia":[{"embeddable":true,"href":"https:\/\/luontoemo.fi\/en\/wp-json\/wp\/v2\/media\/4113"}],"wp:attachment":[{"href":"https:\/\/luontoemo.fi\/en\/wp-json\/wp\/v2\/media?parent=4112"}],"wp:term":[{"taxonomy":"product_brand","embeddable":true,"href":"https:\/\/luontoemo.fi\/en\/wp-json\/wp\/v2\/product_brand?post=4112"},{"taxonomy":"product_cat","embeddable":true,"href":"https:\/\/luontoemo.fi\/en\/wp-json\/wp\/v2\/product_cat?post=4112"},{"taxonomy":"product_tag","embeddable":true,"href":"https:\/\/luontoemo.fi\/en\/wp-json\/wp\/v2\/product_tag?post=4112"}],"curies":[{"name":"wp","href":"https:\/\/api.w.org\/{rel}","templated":true}]}}