{"id":4108,"date":"2021-04-10T14:10:09","date_gmt":"2021-04-10T11:10:09","guid":{"rendered":"https:\/\/luontoemo.fi\/?post_type=product&#038;p=4108"},"modified":"2024-11-25T19:41:27","modified_gmt":"2024-11-25T17:41:27","slug":"biokia-mustikkajauhe-luomu","status":"publish","type":"product","link":"https:\/\/luontoemo.fi\/en\/tuote\/biokia-mustikkajauhe-luomu\/","title":{"rendered":"BIOKIA mustikkajauhe, luomu"},"content":{"rendered":"<p>Biokia luomumustikkajauheessa\u00a0on runsaasti\u00a0E-vitamiinia sek\u00e4 ravintokuitua ja kaliumia \u2013 siit\u00e4 saat suomalaisen mets\u00e4n marjavoimaa k\u00e4ytt\u00f6\u00f6si tiiviiss\u00e4 ja riittoisassa muodossa!<\/p>\n<p>Koko: 30 g<\/p>\n<p>Valmistaja: Biokia, Suomussalmi<\/p>\n","protected":false},"excerpt":{"rendered":"<p>Biokia luomumustikkajauhe on valmistettu kokonaisena kuivatuista suomalaisista mets\u00e4mustikoista. Jauheessa on voimakas ja herkullinen aromi.<\/p>\n","protected":false},"featured_media":4109,"comment_status":"open","ping_status":"closed","template":"","meta":{"_et_pb_use_builder":"","_et_pb_old_content":"","_et_gb_content_width":""},"product_brand":[],"product_cat":[33],"product_tag":[214,483,484,264],"class_list":{"0":"post-4108","1":"product","2":"type-product","3":"status-publish","4":"has-post-thumbnail","6":"product_cat-ruoka-ja-juoma","7":"product_tag-luomu","8":"product_tag-luomumarja","9":"product_tag-marjajauhe","10":"product_tag-mustikka","12":"first","13":"outofstock","14":"taxable","15":"shipping-taxable","16":"purchasable","17":"product-type-simple"},"_links":{"self":[{"href":"https:\/\/luontoemo.fi\/en\/wp-json\/wp\/v2\/product\/4108","targetHints":{"allow":["GET"]}}],"collection":[{"href":"https:\/\/luontoemo.fi\/en\/wp-json\/wp\/v2\/product"}],"about":[{"href":"https:\/\/luontoemo.fi\/en\/wp-json\/wp\/v2\/types\/product"}],"replies":[{"embeddable":true,"href":"https:\/\/luontoemo.fi\/en\/wp-json\/wp\/v2\/comments?post=4108"}],"wp:featuredmedia":[{"embeddable":true,"href":"https:\/\/luontoemo.fi\/en\/wp-json\/wp\/v2\/media\/4109"}],"wp:attachment":[{"href":"https:\/\/luontoemo.fi\/en\/wp-json\/wp\/v2\/media?parent=4108"}],"wp:term":[{"taxonomy":"product_brand","embeddable":true,"href":"https:\/\/luontoemo.fi\/en\/wp-json\/wp\/v2\/product_brand?post=4108"},{"taxonomy":"product_cat","embeddable":true,"href":"https:\/\/luontoemo.fi\/en\/wp-json\/wp\/v2\/product_cat?post=4108"},{"taxonomy":"product_tag","embeddable":true,"href":"https:\/\/luontoemo.fi\/en\/wp-json\/wp\/v2\/product_tag?post=4108"}],"curies":[{"name":"wp","href":"https:\/\/api.w.org\/{rel}","templated":true}]}}