{"id":3370,"date":"2020-12-14T23:17:13","date_gmt":"2021-02-01T19:01:29","guid":{"rendered":"https:\/\/luontoemo.demo4.xetnet.com\/product\/paijatar-havusuola-conifer-salt\/"},"modified":"2021-02-01T21:01:50","modified_gmt":"2021-02-01T19:01:50","slug":"paijatar-havusuola","status":"publish","type":"product","link":"https:\/\/luontoemo.fi\/en\/product\/paijatar-havusuola\/","title":{"rendered":"P\u00e4ij\u00e4t\u00e4r Havusuola, conifer salt"},"content":{"rendered":"<p>Conifer salt brings flavours of forest on your plate. You can season or marinate food or snacks.<\/p>\n<p><span style=\"font-weight: 400;\">The conifers have been carefully selected and hand-picked in the woods of Sysm\u00e4, Finland.<\/span><\/p>\n<p><span style=\"font-weight: 400;\">The salt is coarse Atlantic sea salt that is unprocessed, i.e. unrefined. The salt is ground together with fresh conifers, and its composition is between fine and coarse.<\/span><\/p>\n<p><span style=\"font-weight: 400;\">Thanks to the way the salt is made, the minerals in the salt are better preserved. The salt is collected from the Spanish Bay of Cadiz by traditional methods on top of a clay layer and dried under the hot sun.<\/span><\/p>\n<p><strong>Use<\/strong><\/p>\n<p><span style=\"font-weight: 400;\">A beautiful little jar can decorate the dining table, and you can sprinkle a little salt from it on top of your dish. The salt is also well suited for marinating foods.<\/span><\/p>\n<p>Close the lid when you are not using salt, so the freshly ground conifers will better retain their aromaticity and salt its moisture.<\/p>\n<p><span style=\"font-weight: 400;\">Packaging: 30 g glass jar<\/span><\/p>\n<p><span style=\"font-weight: 400;\">Manufacturer: Luontoemo, Sysm\u00e4<\/span><\/p>\n","protected":false},"excerpt":{"rendered":"<p><span style=\"font-weight: 400;\">P\u00e4ij\u00e4t\u00e4r Havusuola conifer salt is handmade from fresh juniper and spruce collected from the clean forests of Sysm\u00e4 and from unprocessed sea salt.<\/span><\/p>\n","protected":false},"featured_media":3315,"comment_status":"open","ping_status":"closed","template":"","meta":{"_et_pb_use_builder":"","_et_pb_old_content":"","_et_gb_content_width":""},"product_brand":[],"product_cat":[302,392,279],"product_tag":[320,316,281,390,393,391,389,315],"class_list":{"0":"post-3370","1":"product","2":"type-product","3":"status-publish","4":"has-post-thumbnail","6":"product_cat-food-and-drinks","7":"product_cat-paijatar-en","8":"product_cat-villiyrttituotteet-en","9":"product_tag-condiment","10":"product_tag-conifers","11":"product_tag-luonnonyrtti-en","12":"product_tag-natural-product","13":"product_tag-paijanne-tavastia","14":"product_tag-paijatar-en","15":"product_tag-salt","16":"product_tag-wild-herbs","18":"first","19":"outofstock","20":"taxable","21":"shipping-taxable","22":"purchasable","23":"product-type-simple"},"_links":{"self":[{"href":"https:\/\/luontoemo.fi\/en\/wp-json\/wp\/v2\/product\/3370","targetHints":{"allow":["GET"]}}],"collection":[{"href":"https:\/\/luontoemo.fi\/en\/wp-json\/wp\/v2\/product"}],"about":[{"href":"https:\/\/luontoemo.fi\/en\/wp-json\/wp\/v2\/types\/product"}],"replies":[{"embeddable":true,"href":"https:\/\/luontoemo.fi\/en\/wp-json\/wp\/v2\/comments?post=3370"}],"wp:featuredmedia":[{"embeddable":true,"href":"https:\/\/luontoemo.fi\/en\/wp-json\/wp\/v2\/media\/3315"}],"wp:attachment":[{"href":"https:\/\/luontoemo.fi\/en\/wp-json\/wp\/v2\/media?parent=3370"}],"wp:term":[{"taxonomy":"product_brand","embeddable":true,"href":"https:\/\/luontoemo.fi\/en\/wp-json\/wp\/v2\/product_brand?post=3370"},{"taxonomy":"product_cat","embeddable":true,"href":"https:\/\/luontoemo.fi\/en\/wp-json\/wp\/v2\/product_cat?post=3370"},{"taxonomy":"product_tag","embeddable":true,"href":"https:\/\/luontoemo.fi\/en\/wp-json\/wp\/v2\/product_tag?post=3370"}],"curies":[{"name":"wp","href":"https:\/\/api.w.org\/{rel}","templated":true}]}}