{"id":3178,"date":"2021-01-30T17:39:36","date_gmt":"2021-01-30T15:39:36","guid":{"rendered":"https:\/\/luontoemo.demo4.xetnet.com\/product\/import-placeholder-for-867\/"},"modified":"2026-03-15T10:14:30","modified_gmt":"2026-03-15T08:14:30","slug":"suopursu-kukkaterapiatipat","status":"publish","type":"product","link":"https:\/\/luontoemo.fi\/en\/tuote\/suopursu-kukkaterapiatipat\/","title":{"rendered":"Suopursu kukkaterapiatipat"},"content":{"rendered":"<p>Suopursu poistaa ahdistusten ja riippuvuuksien takana olevat tukokset kuin vapauttava itku. Ota suopursua, kun tarvitset apua kipuihin tai tunnemyllerryksiin. Se auttaa tarkastelemaan itse\u00e4 kauempaa henkiselt\u00e4 puolelta.<\/p>\n<ul class=\"silver_arrow\">\n<li>Syviin ahdistuksiin<\/li>\n<li>Kipuihin<\/li>\n<li>Tuomaan sis\u00e4ist\u00e4 keveytt\u00e4<\/li>\n<\/ul>\n<p>Motto<br \/>\n<em>\u201dMieleni on keventynyt ja olen vapaa nauttimaan el\u00e4m\u00e4st\u00e4\u201d<\/em><\/p>\n<p>Frantsila<\/p>\n","protected":false},"excerpt":{"rendered":"<p>Auttaa vapautumaan ongelmien suosta<\/p>\n","protected":false},"featured_media":3246,"comment_status":"open","ping_status":"closed","template":"","meta":{"_et_pb_use_builder":"","_et_pb_old_content":"","_et_gb_content_width":""},"product_brand":[],"product_cat":[296,298],"product_tag":[355,225,366,434],"class_list":{"0":"post-3178","1":"product","2":"type-product","3":"status-publish","4":"has-post-thumbnail","6":"product_cat-flower-remedies","7":"product_cat-frantsila-flower-remedies","8":"product_tag-frantsila","9":"product_tag-kukkaterapia","10":"product_tag-kukkauute","11":"product_tag-suopursu","13":"first","14":"outofstock","15":"taxable","16":"shipping-taxable","17":"purchasable","18":"product-type-simple"},"_links":{"self":[{"href":"https:\/\/luontoemo.fi\/en\/wp-json\/wp\/v2\/product\/3178","targetHints":{"allow":["GET"]}}],"collection":[{"href":"https:\/\/luontoemo.fi\/en\/wp-json\/wp\/v2\/product"}],"about":[{"href":"https:\/\/luontoemo.fi\/en\/wp-json\/wp\/v2\/types\/product"}],"replies":[{"embeddable":true,"href":"https:\/\/luontoemo.fi\/en\/wp-json\/wp\/v2\/comments?post=3178"}],"wp:featuredmedia":[{"embeddable":true,"href":"https:\/\/luontoemo.fi\/en\/wp-json\/wp\/v2\/media\/3246"}],"wp:attachment":[{"href":"https:\/\/luontoemo.fi\/en\/wp-json\/wp\/v2\/media?parent=3178"}],"wp:term":[{"taxonomy":"product_brand","embeddable":true,"href":"https:\/\/luontoemo.fi\/en\/wp-json\/wp\/v2\/product_brand?post=3178"},{"taxonomy":"product_cat","embeddable":true,"href":"https:\/\/luontoemo.fi\/en\/wp-json\/wp\/v2\/product_cat?post=3178"},{"taxonomy":"product_tag","embeddable":true,"href":"https:\/\/luontoemo.fi\/en\/wp-json\/wp\/v2\/product_tag?post=3178"}],"curies":[{"name":"wp","href":"https:\/\/api.w.org\/{rel}","templated":true}]}}