{"id":3164,"date":"2021-01-30T17:39:31","date_gmt":"2021-01-30T15:39:31","guid":{"rendered":"https:\/\/luontoemo.demo4.xetnet.com\/product\/import-placeholder-for-853\/"},"modified":"2026-03-15T10:14:34","modified_gmt":"2026-03-15T08:14:34","slug":"lumme-kukkaterapiatipat","status":"publish","type":"product","link":"https:\/\/luontoemo.fi\/en\/tuote\/lumme-kukkaterapiatipat\/","title":{"rendered":"Lumme kukkaterapiatipat"},"content":{"rendered":"<p>Lumme on suomalaisten kalevalainen lootus. Se poistaa uupumusta, vahvistaa uskoa ja ylent\u00e4\u00e4 mielt\u00e4. Uutos saa aikaan tasapainon perusviettien, perustarpeiden ja korkeimpien arvojen kesken sek\u00e4 v\u00e4hent\u00e4\u00e4 niiden v\u00e4lisi\u00e4 ristiriitoja. Lumme rauhoittaa meditaatioon.<\/p>\n<ul class=\"silver_arrow\">\n<li>Henkisess\u00e4 tyhji\u00f6ss\u00e4 el\u00e4ville<\/li>\n<li>Auttaa l\u00f6yt\u00e4m\u00e4\u00e4n itsen<\/li>\n<\/ul>\n<p>Motto<br \/>\n<em>\u201dOlemukseni kaikki puolet ovat tasapainossa ja rauha on kanssani\u201d<br \/>\n<\/em><\/p>\n<p>&nbsp;<\/p>\n<p>Frantsila<\/p>\n<table border=\"0\">\n<tbody>\n<tr>\n<td><strong>Ominaisuudet<\/strong><\/td>\n<\/tr>\n<tr>\n<td>10 ml pullo<\/p>\n<p>1 tippa suoraan suuhun 2-4 kertaa vuorokaudessa tai 1-2 tippaa lasilliseen vett\u00e4, nauti pieni\u00e4 siemauksia.<\/td>\n<\/tr>\n<tr>\n<td><strong>Ainesosat<\/strong><\/td>\n<\/tr>\n<tr>\n<td>Alcohol (alkoholi)*, Nymphae alba (lumme, kukkaterapeuttinen uutos)*.<br \/>\nLuomua*<\/td>\n<\/tr>\n<\/tbody>\n<\/table>\n","protected":false},"excerpt":{"rendered":"<p>Tuomaan hengen ja sielun rauhaa<\/p>\n","protected":false},"featured_media":3220,"comment_status":"open","ping_status":"closed","template":"","meta":{"_et_pb_use_builder":"","_et_pb_old_content":"","_et_gb_content_width":""},"product_brand":[],"product_cat":[45,30],"product_tag":[355,225,366,481],"class_list":{"0":"post-3164","1":"product","2":"type-product","3":"status-publish","4":"has-post-thumbnail","6":"product_cat-frantsilan-kukkaterapia","7":"product_cat-kukkaterapia","8":"product_tag-frantsila","9":"product_tag-kukkaterapia","10":"product_tag-kukkauute","11":"product_tag-lumme","13":"first","14":"outofstock","15":"taxable","16":"shipping-taxable","17":"purchasable","18":"product-type-simple"},"_links":{"self":[{"href":"https:\/\/luontoemo.fi\/en\/wp-json\/wp\/v2\/product\/3164","targetHints":{"allow":["GET"]}}],"collection":[{"href":"https:\/\/luontoemo.fi\/en\/wp-json\/wp\/v2\/product"}],"about":[{"href":"https:\/\/luontoemo.fi\/en\/wp-json\/wp\/v2\/types\/product"}],"replies":[{"embeddable":true,"href":"https:\/\/luontoemo.fi\/en\/wp-json\/wp\/v2\/comments?post=3164"}],"wp:featuredmedia":[{"embeddable":true,"href":"https:\/\/luontoemo.fi\/en\/wp-json\/wp\/v2\/media\/3220"}],"wp:attachment":[{"href":"https:\/\/luontoemo.fi\/en\/wp-json\/wp\/v2\/media?parent=3164"}],"wp:term":[{"taxonomy":"product_brand","embeddable":true,"href":"https:\/\/luontoemo.fi\/en\/wp-json\/wp\/v2\/product_brand?post=3164"},{"taxonomy":"product_cat","embeddable":true,"href":"https:\/\/luontoemo.fi\/en\/wp-json\/wp\/v2\/product_cat?post=3164"},{"taxonomy":"product_tag","embeddable":true,"href":"https:\/\/luontoemo.fi\/en\/wp-json\/wp\/v2\/product_tag?post=3164"}],"curies":[{"name":"wp","href":"https:\/\/api.w.org\/{rel}","templated":true}]}}