{"id":3163,"date":"2021-01-30T17:39:30","date_gmt":"2021-01-30T15:39:30","guid":{"rendered":"https:\/\/luontoemo.demo4.xetnet.com\/product\/import-placeholder-for-852\/"},"modified":"2026-03-15T10:14:35","modified_gmt":"2026-03-15T08:14:35","slug":"lemmikki-kukkaterapiatipat","status":"publish","type":"product","link":"https:\/\/luontoemo.fi\/en\/tuote\/lemmikki-kukkaterapiatipat\/","title":{"rendered":"Lemmikki kukkaterapiatipat"},"content":{"rendered":"<p>Lemmikki auttaa saavuttamaan tasapainon unelmien ja todellisuuden v\u00e4lille sek\u00e4 auttaa kielteisten tunteiden hyv\u00e4ksynn\u00e4ss\u00e4, k\u00e4sittelyss\u00e4 ja purkamisessa vahingoittamatta itse\u00e4 tai muita. T\u00e4m\u00e4 on hyv\u00e4 uute syv\u00e4ll\u00e4 olevan kaipuun ja sielun muistojen herkist\u00e4m\u00e4lle mielelle. Luhtalemmikki opettaa, ett\u00e4 el\u00e4m\u00e4 on t\u00e4ynn\u00e4 tilaisuuksia saada ja antaa rakkautta. Se avaa uusia n\u00e4k\u00f6aloja ihmissuhteissa.<\/p>\n<ul class=\"silver_arrow\">\n<li>Pettyneille, haaveilijoille, ik\u00e4v\u00f6iville<\/li>\n<li>Tuomaan hengen ja tunteiden tasapainoa<\/li>\n<\/ul>\n<p>Motto<br \/>\n<em>\u201dSaan antaa ja kokea rakkautta olemalla sopusoinnussa t\u00e4m\u00e4n hetken ja toiveitteni kanssa\u201d<\/em><\/p>\n<p>Frantsila<\/p>\n<table border=\"0\">\n<tbody>\n<tr>\n<td><strong>Ominaisuudet<\/strong><\/td>\n<\/tr>\n<tr>\n<td>10 ml pullo<\/p>\n<p>1 tippa suoraan suuhun 2-4 kertaa vuorokaudessa tai 1-2 tippaa lasilliseen vett\u00e4, nauti pieni\u00e4 siemauksia.<\/td>\n<\/tr>\n<tr>\n<td><strong>Ainesosat<\/strong><\/td>\n<\/tr>\n<tr>\n<td>Alcohol (alkoholi)*, Myosotis scorpioides (luhtilemmikki, kukkaterapeuttinen uutos)*.<br \/>\nLuomua*<\/td>\n<\/tr>\n<\/tbody>\n<\/table>\n","protected":false},"excerpt":{"rendered":"<p>Auttaa k\u00e4sittelem\u00e4\u00e4n tunteisiin liittyvi\u00e4 odotuksia<\/p>\n","protected":false},"featured_media":3218,"comment_status":"open","ping_status":"closed","template":"","meta":{"_et_pb_use_builder":"","_et_pb_old_content":"","_et_gb_content_width":""},"product_brand":[],"product_cat":[30,45],"product_tag":[355,225,480],"class_list":{"0":"post-3163","1":"product","2":"type-product","3":"status-publish","4":"has-post-thumbnail","6":"product_cat-kukkaterapia","7":"product_cat-frantsilan-kukkaterapia","8":"product_tag-frantsila","9":"product_tag-kukkaterapia","10":"product_tag-lemmikki","12":"first","13":"outofstock","14":"taxable","15":"shipping-taxable","16":"purchasable","17":"product-type-simple"},"_links":{"self":[{"href":"https:\/\/luontoemo.fi\/en\/wp-json\/wp\/v2\/product\/3163","targetHints":{"allow":["GET"]}}],"collection":[{"href":"https:\/\/luontoemo.fi\/en\/wp-json\/wp\/v2\/product"}],"about":[{"href":"https:\/\/luontoemo.fi\/en\/wp-json\/wp\/v2\/types\/product"}],"replies":[{"embeddable":true,"href":"https:\/\/luontoemo.fi\/en\/wp-json\/wp\/v2\/comments?post=3163"}],"wp:featuredmedia":[{"embeddable":true,"href":"https:\/\/luontoemo.fi\/en\/wp-json\/wp\/v2\/media\/3218"}],"wp:attachment":[{"href":"https:\/\/luontoemo.fi\/en\/wp-json\/wp\/v2\/media?parent=3163"}],"wp:term":[{"taxonomy":"product_brand","embeddable":true,"href":"https:\/\/luontoemo.fi\/en\/wp-json\/wp\/v2\/product_brand?post=3163"},{"taxonomy":"product_cat","embeddable":true,"href":"https:\/\/luontoemo.fi\/en\/wp-json\/wp\/v2\/product_cat?post=3163"},{"taxonomy":"product_tag","embeddable":true,"href":"https:\/\/luontoemo.fi\/en\/wp-json\/wp\/v2\/product_tag?post=3163"}],"curies":[{"name":"wp","href":"https:\/\/api.w.org\/{rel}","templated":true}]}}