{"id":3162,"date":"2021-01-30T17:39:30","date_gmt":"2021-01-30T15:39:30","guid":{"rendered":"https:\/\/luontoemo.demo4.xetnet.com\/product\/import-placeholder-for-851\/"},"modified":"2026-03-15T10:14:34","modified_gmt":"2026-03-15T08:14:34","slug":"kuusi-kukkaterapiatipat","status":"publish","type":"product","link":"https:\/\/luontoemo.fi\/en\/tuote\/kuusi-kukkaterapiatipat\/","title":{"rendered":"Kuusi kukkaterapiatipat"},"content":{"rendered":"<p>Kuusi sopii huolista, velvollisuuksista ja ymp\u00e4rist\u00f6st\u00e4 aiheutuneisiin paineisiin sek\u00e4 stressiin. Se kevent\u00e4\u00e4 el\u00e4m\u00e4n taakkaa hartioilta ja antaa sis\u00e4ist\u00e4 tukea ja turvaa. Se helpottaa my\u00f6s liiallista itsekritiikki\u00e4 ja auttaa irrottautumaan omista ja ymp\u00e4rist\u00f6n asettamista malleista.<\/p>\n<ul class=\"silver_arrow\">\n<li>Stressaantuneille, turvattomuuden tunteeseen<\/li>\n<li>Luomaan turvallista ja rauhallista oloa<\/li>\n<\/ul>\n<p>Motto<br \/>\n<em>\u201dOlen turvassa, tied\u00e4n suuntani ja hyv\u00e4ksyn el\u00e4m\u00e4n ymp\u00e4rill\u00e4ni\u201d<\/em><\/p>\n<p>Frantsila<\/p>\n<table border=\"0\">\n<tbody>\n<tr>\n<td><strong>Ominaisuudet<\/strong><\/td>\n<\/tr>\n<tr>\n<td>10 ml pullo<\/p>\n<p>1 tippa suoraan suuhun 2-4 kertaa vuorokaudessa tai 1-2 tippaa lasilliseen vett\u00e4, nauti pieni\u00e4 siemauksia.<\/td>\n<\/tr>\n<tr>\n<td><strong>Ainesosat<\/strong><\/td>\n<\/tr>\n<tr>\n<td>Alcohol (alkoholi)*, Picea abies (kuusi, kukkaterapeuttinen uutos)*.<br \/>\nLuomua*<\/td>\n<\/tr>\n<\/tbody>\n<\/table>\n","protected":false},"excerpt":{"rendered":"<p>Kevent\u00e4m\u00e4\u00e4n mielen taakkoja<\/p>\n","protected":false},"featured_media":3216,"comment_status":"open","ping_status":"closed","template":"","meta":{"_et_pb_use_builder":"","_et_pb_old_content":"","_et_gb_content_width":""},"product_brand":[],"product_cat":[298,296],"product_tag":[370,339,373,319],"class_list":{"0":"post-3162","1":"product","2":"type-product","3":"status-publish","4":"has-post-thumbnail","6":"product_cat-frantsila-flower-remedies","7":"product_cat-flower-remedies","8":"product_tag-frantsila-en","9":"product_tag-flower-therapy","10":"product_tag-floral-extract","11":"product_tag-spruce","13":"first","14":"outofstock","15":"taxable","16":"shipping-taxable","17":"purchasable","18":"product-type-simple"},"_links":{"self":[{"href":"https:\/\/luontoemo.fi\/en\/wp-json\/wp\/v2\/product\/3162","targetHints":{"allow":["GET"]}}],"collection":[{"href":"https:\/\/luontoemo.fi\/en\/wp-json\/wp\/v2\/product"}],"about":[{"href":"https:\/\/luontoemo.fi\/en\/wp-json\/wp\/v2\/types\/product"}],"replies":[{"embeddable":true,"href":"https:\/\/luontoemo.fi\/en\/wp-json\/wp\/v2\/comments?post=3162"}],"wp:featuredmedia":[{"embeddable":true,"href":"https:\/\/luontoemo.fi\/en\/wp-json\/wp\/v2\/media\/3216"}],"wp:attachment":[{"href":"https:\/\/luontoemo.fi\/en\/wp-json\/wp\/v2\/media?parent=3162"}],"wp:term":[{"taxonomy":"product_brand","embeddable":true,"href":"https:\/\/luontoemo.fi\/en\/wp-json\/wp\/v2\/product_brand?post=3162"},{"taxonomy":"product_cat","embeddable":true,"href":"https:\/\/luontoemo.fi\/en\/wp-json\/wp\/v2\/product_cat?post=3162"},{"taxonomy":"product_tag","embeddable":true,"href":"https:\/\/luontoemo.fi\/en\/wp-json\/wp\/v2\/product_tag?post=3162"}],"curies":[{"name":"wp","href":"https:\/\/api.w.org\/{rel}","templated":true}]}}