{"id":3119,"date":"2021-01-27T23:03:19","date_gmt":"2021-01-27T21:03:19","guid":{"rendered":"https:\/\/luontoemo.demo4.xetnet.com\/?post_type=product&#038;p=3119"},"modified":"2024-11-25T19:41:36","modified_gmt":"2024-11-25T17:41:36","slug":"hunaja","status":"publish","type":"product","link":"https:\/\/luontoemo.fi\/en\/tuote\/hunaja\/","title":{"rendered":"Hunaja, luomu"},"content":{"rendered":"<p>Kotimainen hunaja on monipuolinen, ekologinen ja terveellinen luonnontuote. Sit\u00e4 voi k\u00e4ytt\u00e4\u00e4 sokerin sijaan ruuanlaitossa, leipomisessa ja juomissa. Hunaja on sokeria makeamman makuista, mutta siin\u00e4 on v\u00e4hemm\u00e4n kaloreita.<\/p>\n<p>Hunajan antibakteeriset ominaisuudet voivat auttaa lievent\u00e4m\u00e4\u00e4n flunssan oireita. Lusikallinen hunajaa ennen nukkumaanmenoa rauhoittaa ysk\u00e4\u00e4 ja helpottaa unentuloa. Hunajan tehoa on tutkittu mm. hengitystieinfektioiden ehk\u00e4isyss\u00e4 ja hoidossa niiden mikrobien lis\u00e4\u00e4ntymist\u00e4 ehk\u00e4isev\u00e4n vaikutuksen ansiosta.<\/p>\n<p>Hunajaa k\u00e4ytet\u00e4\u00e4n my\u00f6s ihonhoidossa. Se lievitt\u00e4\u00e4 palovammojen aiheuttamaa kirvely\u00e4 ja my\u00f6s haavoihin sit\u00e4 voi sivell\u00e4.<\/p>\n<p>Hunaja s\u00e4ilyy parhaiten viile\u00e4ss\u00e4 ja kuivassa, valolta suojattuna.<\/p>\n<p>Koko: 450 g purkki<\/p>\n<p>Valmistaja: Parikan luomutila, Hartola<\/p>\n","protected":false},"excerpt":{"rendered":"<p>Parikan tilan luomuhunajaa<\/p>\n","protected":false},"featured_media":3120,"comment_status":"open","ping_status":"closed","template":"","meta":{"_et_pb_use_builder":"","_et_pb_old_content":"","_et_gb_content_width":""},"product_brand":[],"product_cat":[33],"product_tag":[351,273,352],"class_list":{"0":"post-3119","1":"product","2":"type-product","3":"status-publish","4":"has-post-thumbnail","6":"product_cat-ruoka-ja-juoma","7":"product_tag-hunaja","8":"product_tag-luonnontuote","9":"product_tag-paikallistuote","11":"first","12":"outofstock","13":"taxable","14":"shipping-taxable","15":"purchasable","16":"product-type-simple"},"_links":{"self":[{"href":"https:\/\/luontoemo.fi\/en\/wp-json\/wp\/v2\/product\/3119","targetHints":{"allow":["GET"]}}],"collection":[{"href":"https:\/\/luontoemo.fi\/en\/wp-json\/wp\/v2\/product"}],"about":[{"href":"https:\/\/luontoemo.fi\/en\/wp-json\/wp\/v2\/types\/product"}],"replies":[{"embeddable":true,"href":"https:\/\/luontoemo.fi\/en\/wp-json\/wp\/v2\/comments?post=3119"}],"wp:featuredmedia":[{"embeddable":true,"href":"https:\/\/luontoemo.fi\/en\/wp-json\/wp\/v2\/media\/3120"}],"wp:attachment":[{"href":"https:\/\/luontoemo.fi\/en\/wp-json\/wp\/v2\/media?parent=3119"}],"wp:term":[{"taxonomy":"product_brand","embeddable":true,"href":"https:\/\/luontoemo.fi\/en\/wp-json\/wp\/v2\/product_brand?post=3119"},{"taxonomy":"product_cat","embeddable":true,"href":"https:\/\/luontoemo.fi\/en\/wp-json\/wp\/v2\/product_cat?post=3119"},{"taxonomy":"product_tag","embeddable":true,"href":"https:\/\/luontoemo.fi\/en\/wp-json\/wp\/v2\/product_tag?post=3119"}],"curies":[{"name":"wp","href":"https:\/\/api.w.org\/{rel}","templated":true}]}}