{"id":2633,"date":"2020-12-30T13:39:49","date_gmt":"2020-12-30T11:39:49","guid":{"rendered":"https:\/\/luontoemo.demo4.xetnet.com\/?post_type=product&#038;p=2633"},"modified":"2024-11-25T19:41:39","modified_gmt":"2024-11-25T17:41:39","slug":"tyrni-kuusenkerkka-evaspatukka","status":"publish","type":"product","link":"https:\/\/luontoemo.fi\/en\/tuote\/tyrni-kuusenkerkka-evaspatukka\/","title":{"rendered":"Tyrni &#038; Kuusenkerkk\u00e4 -ev\u00e4spatukka"},"content":{"rendered":"<p><span style=\"font-weight: 400;\">Metsiemme supermarjoista ja -yrteist\u00e4 valmistetut ev\u00e4spatukat \/ pikkuherkut Arctic Super Foodsilta. Kirpea\u0308n makuinen tyrni-kuusenkerkka\u0308patukka ylla\u0308pita\u0308a\u0308 vireytta\u0308 ja antaa tehoa pa\u0308iva\u0308a\u0308si.<\/span><\/p>\n<p>Ainesosat:\u00a0hunaja, kuivattu porkkana, gluteeniton kaura, rypsi\u00f6ljy, paahdettu hampunsiemen (hampunsiemen, suola),\u00a0paahdettu pellavansiemen, tyrnijauhe (7 %), kuusenkerkk\u00e4jauhe (0,8 %). Saattaa sis\u00e4lt\u00e4\u00e4 pieni\u00e4 m\u00e4\u00e4ri\u00e4 hasselp\u00e4hkin\u00e4\u00e4, maitoa ja gluteenia.<\/p>\n<p><span style=\"font-weight: 400;\">Koko: 30 g<\/span><\/p>\n<p><span style=\"font-weight: 400;\">Valmistaja: Arctic Forest Foods Oy, Sirkka<\/span><\/p>\n","protected":false},"excerpt":{"rendered":"<p>Pohjoisen appelsiiniksikin kutsuttu tyrni ja alkukesa\u0308n maukas vitamiinipommi kuusenkerkk\u00e4 ovat loistava makupari<\/p>\n","protected":false},"featured_media":2634,"comment_status":"open","ping_status":"closed","template":"","meta":{"_et_pb_use_builder":"","_et_pb_old_content":"","_et_gb_content_width":""},"product_brand":[],"product_cat":[302],"product_tag":[377,223,374,281,267],"class_list":{"0":"post-2633","1":"product","2":"type-product","3":"status-publish","4":"has-post-thumbnail","6":"product_cat-food-and-drinks","7":"product_tag-evaspatukka-en","8":"product_tag-kuusenkerkka","9":"product_tag-luonnonmarja-en","10":"product_tag-luonnonyrtti-en","11":"product_tag-tyrni","13":"first","14":"outofstock","15":"taxable","16":"shipping-taxable","17":"purchasable","18":"product-type-simple"},"_links":{"self":[{"href":"https:\/\/luontoemo.fi\/en\/wp-json\/wp\/v2\/product\/2633","targetHints":{"allow":["GET"]}}],"collection":[{"href":"https:\/\/luontoemo.fi\/en\/wp-json\/wp\/v2\/product"}],"about":[{"href":"https:\/\/luontoemo.fi\/en\/wp-json\/wp\/v2\/types\/product"}],"replies":[{"embeddable":true,"href":"https:\/\/luontoemo.fi\/en\/wp-json\/wp\/v2\/comments?post=2633"}],"wp:featuredmedia":[{"embeddable":true,"href":"https:\/\/luontoemo.fi\/en\/wp-json\/wp\/v2\/media\/2634"}],"wp:attachment":[{"href":"https:\/\/luontoemo.fi\/en\/wp-json\/wp\/v2\/media?parent=2633"}],"wp:term":[{"taxonomy":"product_brand","embeddable":true,"href":"https:\/\/luontoemo.fi\/en\/wp-json\/wp\/v2\/product_brand?post=2633"},{"taxonomy":"product_cat","embeddable":true,"href":"https:\/\/luontoemo.fi\/en\/wp-json\/wp\/v2\/product_cat?post=2633"},{"taxonomy":"product_tag","embeddable":true,"href":"https:\/\/luontoemo.fi\/en\/wp-json\/wp\/v2\/product_tag?post=2633"}],"curies":[{"name":"wp","href":"https:\/\/api.w.org\/{rel}","templated":true}]}}