{"id":2622,"date":"2020-12-29T11:19:02","date_gmt":"2020-12-29T09:19:02","guid":{"rendered":"https:\/\/luontoemo.demo4.xetnet.com\/?post_type=product&#038;p=2622"},"modified":"2024-11-25T19:41:39","modified_gmt":"2024-11-25T17:41:39","slug":"mustikka-koivunlehti-evaspatukka","status":"publish","type":"product","link":"https:\/\/luontoemo.fi\/en\/tuote\/mustikka-koivunlehti-evaspatukka\/","title":{"rendered":"Mustikka &#038; Koivunlehti -ev\u00e4spatukka"},"content":{"rendered":"<p><span style=\"font-weight: 400;\">Metsiemme supermarjoista ja -yrteist\u00e4 valmistetut ev\u00e4spatukat \/ pikkuherkut Arctic Super Foodsilta. Lempe\u00e4 mustikka-koivunlehtipatukka hellii kehoa ja mielt\u00e4. Yhdess\u00e4 patukassa on 60 mustikkaa ja puoli porkkanaa.<\/span><\/p>\n<p>Ainesosat: hunaja, gluteeniton kaura, rypsi\u00f6ljy, kuivattu porkkana, paahdettu hampunsiemen (hampunsiemen, suola), paahdettu pellavansiemen, mustikkajauhe (7 %), koivunlehtijauhe (0,5 %). Saattaa sis\u00e4lt\u00e4\u00e4 pieni\u00e4 m\u00e4\u00e4ri\u00e4 hasselp\u00e4hkin\u00e4\u00e4, maitoa ja gluteenia.<\/p>\n<p><span style=\"font-weight: 400;\">Koko: 30 g<\/span><\/p>\n<p><span style=\"font-weight: 400;\">Valmistaja: Arctic Forest Foods Oy, Sirkka<\/span><\/p>\n","protected":false},"excerpt":{"rendered":"<p><span style=\"font-weight: 400;\">Todellinen supermarjamme mustikka ja kes\u00e4inen koivunlehti maistuvat makealta yhdess\u00e4.<\/span><\/p>\n","protected":false},"featured_media":2623,"comment_status":"open","ping_status":"closed","template":"","meta":{"_et_pb_use_builder":"","_et_pb_old_content":"","_et_gb_content_width":""},"product_brand":[],"product_cat":[302],"product_tag":[377,376,374,281,375],"class_list":{"0":"post-2622","1":"product","2":"type-product","3":"status-publish","4":"has-post-thumbnail","6":"product_cat-food-and-drinks","7":"product_tag-evaspatukka-en","8":"product_tag-koivunlehti-en","9":"product_tag-luonnonmarja-en","10":"product_tag-luonnonyrtti-en","11":"product_tag-mustikka-en","13":"first","14":"outofstock","15":"taxable","16":"shipping-taxable","17":"purchasable","18":"product-type-simple"},"_links":{"self":[{"href":"https:\/\/luontoemo.fi\/en\/wp-json\/wp\/v2\/product\/2622","targetHints":{"allow":["GET"]}}],"collection":[{"href":"https:\/\/luontoemo.fi\/en\/wp-json\/wp\/v2\/product"}],"about":[{"href":"https:\/\/luontoemo.fi\/en\/wp-json\/wp\/v2\/types\/product"}],"replies":[{"embeddable":true,"href":"https:\/\/luontoemo.fi\/en\/wp-json\/wp\/v2\/comments?post=2622"}],"wp:featuredmedia":[{"embeddable":true,"href":"https:\/\/luontoemo.fi\/en\/wp-json\/wp\/v2\/media\/2623"}],"wp:attachment":[{"href":"https:\/\/luontoemo.fi\/en\/wp-json\/wp\/v2\/media?parent=2622"}],"wp:term":[{"taxonomy":"product_brand","embeddable":true,"href":"https:\/\/luontoemo.fi\/en\/wp-json\/wp\/v2\/product_brand?post=2622"},{"taxonomy":"product_cat","embeddable":true,"href":"https:\/\/luontoemo.fi\/en\/wp-json\/wp\/v2\/product_cat?post=2622"},{"taxonomy":"product_tag","embeddable":true,"href":"https:\/\/luontoemo.fi\/en\/wp-json\/wp\/v2\/product_tag?post=2622"}],"curies":[{"name":"wp","href":"https:\/\/api.w.org\/{rel}","templated":true}]}}