{"id":2483,"date":"2020-12-28T15:02:52","date_gmt":"2020-12-28T13:02:52","guid":{"rendered":"https:\/\/luontoemo.demo4.xetnet.com\/tuote\/import-placeholder-for-704\/"},"modified":"2024-11-25T19:41:40","modified_gmt":"2024-11-25T17:41:40","slug":"multivitamin-complex-2","status":"publish","type":"product","link":"https:\/\/luontoemo.fi\/en\/tuote\/multivitamin-complex-2\/","title":{"rendered":"Multivitamin Complex"},"content":{"rendered":"<p>Yhdistelm\u00e4 on sellainen, jota tavallisissa vitamiinivalmisteissa ei aina ole, mutta joita\u00a0monet terapeutit suosittelevat.<\/p>\n<p><strong>Mineraalit ja vitamiinit<\/strong>\u00a0toimivat synergisesti suhteessa toisiinsa. T\u00e4ll\u00e4 on merkityst\u00e4 ravintoaineiden hyv\u00e4ksik\u00e4yt\u00f6n kannalta.<\/p>\n<p><strong>Annostus<\/strong>:\u00a01 tabletti p\u00e4iv\u00e4ss\u00e4 veden kera.<\/p>\n<p><strong>Ainesosat<\/strong>:<\/p>\n<p>C-vitamiinia (80 mg), A-vitamiinia (800 \u00b5g), D3-vitamiinia (5 \u00b5g), E-vitamiinia (12 mg), K-vitamiinia (30 \u00b5g), B-vitamiinit; biotiinia (50 \u00b5g), B6 (1,4 mg), B12 (2,5 \u00b5g),foolihappo (200 \u00b5g), niasiini (15 mg), B5 (6 mg), B1 (1,1 mg), B2 (1,4 mg), kalsiumia (215 mg), rautaa (5,4 mg), mangaania (2 mg), sinkki\u00e4 (6 mg), kuparia (0,5 mg), kromia (40 \u00b5g), jodia (105 \u00b5g), seleeni\u00e4 (30 \u00b5g), molybdeeni\u00e4 (25 \u00b5g)<\/p>\n<p><strong>Valmistaja:<\/strong>\u00a0Aboa Medica, Suomi<\/p>\n","protected":false},"excerpt":{"rendered":"<p>Multivitamin Complex on\u00a013 eri vitamiinin monivitamiini- ja mineraalilis\u00e4,\u00a0joka sis\u00e4lt\u00e4\u00e4 C-vitamiinin (80 mg) lis\u00e4ksi rautaa, jodia ja seleeni\u00e4, sek\u00e4 6 muuta mineraalia.<\/p>\n","protected":false},"featured_media":2487,"comment_status":"open","ping_status":"closed","template":"","meta":{"_et_pb_use_builder":"","_et_pb_old_content":"","_et_gb_content_width":""},"product_brand":[],"product_cat":[32],"product_tag":[203,205,198,149,204],"class_list":{"0":"post-2483","1":"product","2":"type-product","3":"status-publish","4":"has-post-thumbnail","6":"product_cat-ravintolisat","7":"product_tag-hivenaine","8":"product_tag-multivitamiini","9":"product_tag-ravintolisa","10":"product_tag-vastustuskyky","11":"product_tag-vitamiini","13":"first","14":"outofstock","15":"taxable","16":"shipping-taxable","17":"purchasable","18":"product-type-simple"},"_links":{"self":[{"href":"https:\/\/luontoemo.fi\/en\/wp-json\/wp\/v2\/product\/2483","targetHints":{"allow":["GET"]}}],"collection":[{"href":"https:\/\/luontoemo.fi\/en\/wp-json\/wp\/v2\/product"}],"about":[{"href":"https:\/\/luontoemo.fi\/en\/wp-json\/wp\/v2\/types\/product"}],"replies":[{"embeddable":true,"href":"https:\/\/luontoemo.fi\/en\/wp-json\/wp\/v2\/comments?post=2483"}],"wp:featuredmedia":[{"embeddable":true,"href":"https:\/\/luontoemo.fi\/en\/wp-json\/wp\/v2\/media\/2487"}],"wp:attachment":[{"href":"https:\/\/luontoemo.fi\/en\/wp-json\/wp\/v2\/media?parent=2483"}],"wp:term":[{"taxonomy":"product_brand","embeddable":true,"href":"https:\/\/luontoemo.fi\/en\/wp-json\/wp\/v2\/product_brand?post=2483"},{"taxonomy":"product_cat","embeddable":true,"href":"https:\/\/luontoemo.fi\/en\/wp-json\/wp\/v2\/product_cat?post=2483"},{"taxonomy":"product_tag","embeddable":true,"href":"https:\/\/luontoemo.fi\/en\/wp-json\/wp\/v2\/product_tag?post=2483"}],"curies":[{"name":"wp","href":"https:\/\/api.w.org\/{rel}","templated":true}]}}