{"id":2386,"date":"2020-12-16T16:43:57","date_gmt":"2020-12-16T14:43:57","guid":{"rendered":"https:\/\/luontoemo.demo4.xetnet.com\/tuote\/import-placeholder-for-918\/"},"modified":"2026-03-09T21:02:15","modified_gmt":"2026-03-09T19:02:15","slug":"midsummer-rose-ruusuinen-kasvovesi","status":"publish","type":"product","link":"https:\/\/luontoemo.fi\/en\/tuote\/midsummer-rose-ruusuinen-kasvovesi\/","title":{"rendered":"Frantsilan Ruusu kasvovesi"},"content":{"rendered":"<p>Ruususta tehonsa saava kasvovesi sis\u00e4lt\u00e4\u00e4 ihoa kosteuttavan ja rauhoittavan yhdistelm\u00e4n ruusun kukkaisvett\u00e4, luomu-uutetta sek\u00e4 eteerist\u00e4 \u00f6ljy\u00e4. Ruusuinen kasvovesi tasapainottaa ihon toimintoja ja v\u00e4hent\u00e4\u00e4 punoitusta. Sopii kaikille ihotyypeille. Levit\u00e4 vanulla tai suihkauta puhdistetuille kasvoille ennen kosteusvoidetta.<\/p>\n<p class=\"narrow\">Kotimaiset luomuyrttiuutokset (ratamo, niittyhumala, puna-apila, poimulehti, peltokorte, keto-orvokki, juhannusruusut) sek\u00e4 luomuaaloe elvytt\u00e4v\u00e4t ihon toimintoja ja aineenvaihduntaa. Ne parantavat ihosolukon uudistumista auttaen n\u00e4in ihoa pysym\u00e4\u00e4n nuorekkaana ja kimmoisana.<\/p>\n<p class=\"narrow\">Aidot aromaterapeuttiset eteeriset \u00f6ljyt (ruusu, limetti) elvytt\u00e4v\u00e4t ja virkist\u00e4v\u00e4t ihon toimintoja sek\u00e4 nostavat mielialaa tuomalla kasvoille positiivisen vireen.<\/p>\n<p class=\"narrow\">Suomalaiset kukkaterapeuttiset uutokset (mets\u00e4kurjenpolvi, siank\u00e4rs\u00e4m\u00f6, villiruusu) kohottavat mielialaa, ihon immuniteettia ja suojautumiskyky\u00e4 sek\u00e4 lis\u00e4\u00e4v\u00e4t nuorekasta hehkua ja kuulakkuutta.<\/p>\n<p class=\"narrow\">Valmistaja: Frantsila<\/p>\n","protected":false},"excerpt":{"rendered":"<p>Frantsilan virkist\u00e4v\u00e4 ja ihoa hoitava, luonnonmukainen ja alkoholiton kasvovesi suihkepullossa kaikille ihotyypeille.<\/p>\n","protected":false},"featured_media":5519,"comment_status":"open","ping_status":"closed","template":"","meta":{"_et_pb_use_builder":"","_et_pb_old_content":"","_et_gb_content_width":""},"product_brand":[],"product_cat":[299],"product_tag":[310,312,371],"class_list":{"0":"post-2386","1":"product","2":"type-product","3":"status-publish","4":"has-post-thumbnail","6":"product_cat-natural-cosmetics-and-hygiene","7":"product_tag-skin-care","8":"product_tag-natural-cosmetics","9":"product_tag-rose","11":"first","12":"instock","13":"taxable","14":"shipping-taxable","15":"purchasable","16":"product-type-simple"},"_links":{"self":[{"href":"https:\/\/luontoemo.fi\/en\/wp-json\/wp\/v2\/product\/2386","targetHints":{"allow":["GET"]}}],"collection":[{"href":"https:\/\/luontoemo.fi\/en\/wp-json\/wp\/v2\/product"}],"about":[{"href":"https:\/\/luontoemo.fi\/en\/wp-json\/wp\/v2\/types\/product"}],"replies":[{"embeddable":true,"href":"https:\/\/luontoemo.fi\/en\/wp-json\/wp\/v2\/comments?post=2386"}],"wp:featuredmedia":[{"embeddable":true,"href":"https:\/\/luontoemo.fi\/en\/wp-json\/wp\/v2\/media\/5519"}],"wp:attachment":[{"href":"https:\/\/luontoemo.fi\/en\/wp-json\/wp\/v2\/media?parent=2386"}],"wp:term":[{"taxonomy":"product_brand","embeddable":true,"href":"https:\/\/luontoemo.fi\/en\/wp-json\/wp\/v2\/product_brand?post=2386"},{"taxonomy":"product_cat","embeddable":true,"href":"https:\/\/luontoemo.fi\/en\/wp-json\/wp\/v2\/product_cat?post=2386"},{"taxonomy":"product_tag","embeddable":true,"href":"https:\/\/luontoemo.fi\/en\/wp-json\/wp\/v2\/product_tag?post=2386"}],"curies":[{"name":"wp","href":"https:\/\/api.w.org\/{rel}","templated":true}]}}