{"id":2385,"date":"2020-12-16T16:43:57","date_gmt":"2020-12-16T14:43:57","guid":{"rendered":"https:\/\/luontoemo.demo4.xetnet.com\/tuote\/import-placeholder-for-917\/"},"modified":"2024-11-25T19:41:41","modified_gmt":"2024-11-25T17:41:41","slug":"marseillesaippua","status":"publish","type":"product","link":"https:\/\/luontoemo.fi\/en\/tuote\/marseillesaippua\/","title":{"rendered":"Marseillesaippua"},"content":{"rendered":"<p>Aito Marseillesaippua on t\u00e4ysin kasviper\u00e4inen, ymp\u00e4rist\u00f6yst\u00e4v\u00e4llinen ja monik\u00e4ytt\u00f6inen &#8211; mm. herk\u00e4lle iholle hoitava ja kosteuttava, villan ja silkin k\u00e4sipyykkiin, siivoamiseen ja vegaanivaihtoehtona tahrojen poistoon sappisaippuan tavoin.<\/p>\n<p>Koko: 300 g<\/p>\n<p>Ainesosat: Oliivi\u00f6ljy, palmu\u00f6ljy, kookos\u00f6ljy, vesi. 100% kasviper\u00e4inen, luonnollinen ja biohajoava oliivi\u00f6ljysaippua, 72% \u00f6ljy\u00e4<\/p>\n<p>Valmistaja: Emma No\u00ebl, Ranska<\/p>\n<p>Maahantuoja: Aduki<\/p>\n","protected":false},"excerpt":{"rendered":"<p>Aito Marseillesaippua on t\u00e4ysin kasviper\u00e4inen, ymp\u00e4rist\u00f6yst\u00e4v\u00e4llinen ja monik\u00e4ytt\u00f6inen.<\/p>\n","protected":false},"featured_media":2431,"comment_status":"open","ping_status":"closed","template":"","meta":{"_et_pb_use_builder":"","_et_pb_old_content":"","_et_gb_content_width":""},"product_brand":[],"product_cat":[31],"product_tag":[242,235,251],"class_list":{"0":"post-2385","1":"product","2":"type-product","3":"status-publish","4":"has-post-thumbnail","6":"product_cat-luonnonkosmetiikka-ja-hygienia","7":"product_tag-hygienia","8":"product_tag-luonnonkosmetiikka","9":"product_tag-oliivioljy","11":"first","12":"outofstock","13":"taxable","14":"shipping-taxable","15":"purchasable","16":"product-type-simple"},"_links":{"self":[{"href":"https:\/\/luontoemo.fi\/en\/wp-json\/wp\/v2\/product\/2385","targetHints":{"allow":["GET"]}}],"collection":[{"href":"https:\/\/luontoemo.fi\/en\/wp-json\/wp\/v2\/product"}],"about":[{"href":"https:\/\/luontoemo.fi\/en\/wp-json\/wp\/v2\/types\/product"}],"replies":[{"embeddable":true,"href":"https:\/\/luontoemo.fi\/en\/wp-json\/wp\/v2\/comments?post=2385"}],"wp:featuredmedia":[{"embeddable":true,"href":"https:\/\/luontoemo.fi\/en\/wp-json\/wp\/v2\/media\/2431"}],"wp:attachment":[{"href":"https:\/\/luontoemo.fi\/en\/wp-json\/wp\/v2\/media?parent=2385"}],"wp:term":[{"taxonomy":"product_brand","embeddable":true,"href":"https:\/\/luontoemo.fi\/en\/wp-json\/wp\/v2\/product_brand?post=2385"},{"taxonomy":"product_cat","embeddable":true,"href":"https:\/\/luontoemo.fi\/en\/wp-json\/wp\/v2\/product_cat?post=2385"},{"taxonomy":"product_tag","embeddable":true,"href":"https:\/\/luontoemo.fi\/en\/wp-json\/wp\/v2\/product_tag?post=2385"}],"curies":[{"name":"wp","href":"https:\/\/api.w.org\/{rel}","templated":true}]}}