{"id":2380,"date":"2020-12-16T16:43:55","date_gmt":"2020-12-16T14:43:55","guid":{"rendered":"https:\/\/luontoemo.demo4.xetnet.com\/tuote\/import-placeholder-for-912\/"},"modified":"2024-11-25T19:41:50","modified_gmt":"2024-11-25T17:41:50","slug":"luonnonsavi","status":"publish","type":"product","link":"https:\/\/luontoemo.fi\/en\/tuote\/luonnonsavi\/","title":{"rendered":"Luonnonsavi"},"content":{"rendered":"<p>Savi sopii kasvonaamioksi, ihon kuorintaan ja hiusten pesuun.<\/p>\n<p><strong>Valkoinen<\/strong> kaoliinisavi on mieto ja sopii normaalille, herk\u00e4lle ja my\u00f6s kuivalle iholle sopiva. Se voi vaalentaa pigmenttil\u00e4ikki\u00e4 ja pehment\u00e4\u00e4 ryppyj\u00e4.<\/p>\n<p><strong>Punaista<\/strong> savea suositellaan herk\u00e4lle ja punehtuvalle iholle. Rautaoksidin kapillaarisuonia vahvistavan vaikutuksen ansiosta savi on ihanteellinen couperoottiselle iholle. Se elvytt\u00e4\u00e4 v\u00e4synytt\u00e4 ihoa ja kosteuttaa.<\/p>\n<p><strong>Vihre\u00e4<\/strong> savi sopii rasvaiselle iholle ja poistaa ep\u00e4puhtauksia.<\/p>\n<p>K\u00e4ytt\u00f6:<\/p>\n<p>Laita savea sekoitusastiaan ja lis\u00e4\u00e4 tippa kerrallaan vett\u00e4 saadaksesi koostumukseltaan sopivan massan. Voit lis\u00e4t\u00e4 my\u00f6s tipan haluamaasi eteerist\u00e4 \u00f6ljy\u00e4, kookos\u00f6ljy\u00e4 tai oliivi\u00f6ljy\u00e4. Levit\u00e4 iholle ja anna vaikuttaa noin 10-20 minuuttia.<\/p>\n<p>Huom. jos tarvitset suurempia m\u00e4\u00e4ri\u00e4 esim. hoitolaan, omien tuotteiden valmistukseen tmv, ota yhteytt\u00e4 ja pyyd\u00e4 tarjousta.<\/p>\n<p>Koko: 50 g<\/p>\n<p>Pakkaaja: Luontoemo Oy<\/p>\n<p>Saven alkuper\u00e4maa: Brasilia<\/p>\n","protected":false},"excerpt":{"rendered":"<p>Luonnonsavi luonnolliseen kauneudenhoitoon: ymp\u00e4rist\u00f6yst\u00e4v\u00e4llinen vaihtoehto ihonhoitoon sek\u00e4 hiusten ja hiuspohjan puhdistamiseen.<\/p>\n","protected":false},"featured_media":74,"comment_status":"open","ping_status":"closed","template":"","meta":{"_et_pb_use_builder":"","_et_pb_old_content":"","_et_gb_content_width":""},"product_brand":[],"product_cat":[299],"product_tag":[310,312,241],"class_list":{"0":"post-2380","1":"product","2":"type-product","3":"status-publish","4":"has-post-thumbnail","6":"product_cat-natural-cosmetics-and-hygiene","7":"product_tag-skin-care","8":"product_tag-natural-cosmetics","9":"product_tag-savi","11":"first","12":"outofstock","13":"taxable","14":"shipping-taxable","15":"purchasable","16":"product-type-variable"},"_links":{"self":[{"href":"https:\/\/luontoemo.fi\/en\/wp-json\/wp\/v2\/product\/2380","targetHints":{"allow":["GET"]}}],"collection":[{"href":"https:\/\/luontoemo.fi\/en\/wp-json\/wp\/v2\/product"}],"about":[{"href":"https:\/\/luontoemo.fi\/en\/wp-json\/wp\/v2\/types\/product"}],"replies":[{"embeddable":true,"href":"https:\/\/luontoemo.fi\/en\/wp-json\/wp\/v2\/comments?post=2380"}],"wp:featuredmedia":[{"embeddable":true,"href":"https:\/\/luontoemo.fi\/en\/wp-json\/wp\/v2\/media\/74"}],"wp:attachment":[{"href":"https:\/\/luontoemo.fi\/en\/wp-json\/wp\/v2\/media?parent=2380"}],"wp:term":[{"taxonomy":"product_brand","embeddable":true,"href":"https:\/\/luontoemo.fi\/en\/wp-json\/wp\/v2\/product_brand?post=2380"},{"taxonomy":"product_cat","embeddable":true,"href":"https:\/\/luontoemo.fi\/en\/wp-json\/wp\/v2\/product_cat?post=2380"},{"taxonomy":"product_tag","embeddable":true,"href":"https:\/\/luontoemo.fi\/en\/wp-json\/wp\/v2\/product_tag?post=2380"}],"curies":[{"name":"wp","href":"https:\/\/api.w.org\/{rel}","templated":true}]}}