{"id":2379,"date":"2020-12-16T16:43:55","date_gmt":"2020-12-16T14:43:55","guid":{"rendered":"https:\/\/luontoemo.demo4.xetnet.com\/tuote\/import-placeholder-for-911\/"},"modified":"2024-11-25T19:41:42","modified_gmt":"2024-11-25T17:41:42","slug":"hiushoitoturve","status":"publish","type":"product","link":"https:\/\/luontoemo.fi\/en\/tuote\/hiushoitoturve\/","title":{"rendered":"Hiushoitoturve"},"content":{"rendered":"<p>Lehtosuon turve nostetaan suosta ilman raskaita koneita koostumuksen rikkoontumisen est\u00e4miseksi. Nostamisen j\u00e4lkeen hoitoturve jauhetaan hyvin hienoksi massaksi.<\/p>\n<p>Hoitoturpeen terapeuttinen vaikutus perustuu korkeaan l\u00e4mp\u00f6tilaan, turpeen antiseptiseen vaikutukseen ja turpeessa oleviin biologisten ainesosien aktivoivaan vaikutukseen. T\u00e4rkeimm\u00e4t terapeuttiset aineet ovat humushapot (28,5%) sek\u00e4 fulvohapot (10%). Lis\u00e4ksi turve sis\u00e4lt\u00e4\u00e4 monia ihoa hoitavia aineita, kuten kuparia, magnesiumia, mangaania ja sinkki\u00e4.<\/p>\n<p>Hiero hienojakoista hiushoitoturvetta p\u00e4\u00e4nahkaan hiuksiin ja anna vaikuttaa noin 10 minuuttia. Huuhtele pelk\u00e4ll\u00e4 vedell\u00e4 tai pese halutessasi turveshampoolla.<\/p>\n<p>Koko: 1000 ml purkki<\/p>\n<p>Valmistaja: LehtoPeat Oy, Suomi<\/p>\n","protected":false},"excerpt":{"rendered":"<p>LehtoPeat hoitoturve on puhdas suomalainen luonnontuote. Hienojakoista hiustenhoitoturvetta k\u00e4ytet\u00e4\u00e4n p\u00e4\u00e4nahan ja hiusten hoitoon.<\/p>\n","protected":false},"featured_media":2410,"comment_status":"open","ping_status":"closed","template":"","meta":{"_et_pb_use_builder":"","_et_pb_old_content":"","_et_gb_content_width":""},"product_brand":[],"product_cat":[31],"product_tag":[240,235,239],"class_list":{"0":"post-2379","1":"product","2":"type-product","3":"status-publish","4":"has-post-thumbnail","6":"product_cat-luonnonkosmetiikka-ja-hygienia","7":"product_tag-hiustenhoito","8":"product_tag-luonnonkosmetiikka","9":"product_tag-turve","11":"first","12":"outofstock","13":"taxable","14":"shipping-taxable","15":"purchasable","16":"product-type-simple"},"_links":{"self":[{"href":"https:\/\/luontoemo.fi\/en\/wp-json\/wp\/v2\/product\/2379","targetHints":{"allow":["GET"]}}],"collection":[{"href":"https:\/\/luontoemo.fi\/en\/wp-json\/wp\/v2\/product"}],"about":[{"href":"https:\/\/luontoemo.fi\/en\/wp-json\/wp\/v2\/types\/product"}],"replies":[{"embeddable":true,"href":"https:\/\/luontoemo.fi\/en\/wp-json\/wp\/v2\/comments?post=2379"}],"wp:featuredmedia":[{"embeddable":true,"href":"https:\/\/luontoemo.fi\/en\/wp-json\/wp\/v2\/media\/2410"}],"wp:attachment":[{"href":"https:\/\/luontoemo.fi\/en\/wp-json\/wp\/v2\/media?parent=2379"}],"wp:term":[{"taxonomy":"product_brand","embeddable":true,"href":"https:\/\/luontoemo.fi\/en\/wp-json\/wp\/v2\/product_brand?post=2379"},{"taxonomy":"product_cat","embeddable":true,"href":"https:\/\/luontoemo.fi\/en\/wp-json\/wp\/v2\/product_cat?post=2379"},{"taxonomy":"product_tag","embeddable":true,"href":"https:\/\/luontoemo.fi\/en\/wp-json\/wp\/v2\/product_tag?post=2379"}],"curies":[{"name":"wp","href":"https:\/\/api.w.org\/{rel}","templated":true}]}}