{"id":2378,"date":"2020-12-16T16:43:53","date_gmt":"2020-12-16T14:43:53","guid":{"rendered":"https:\/\/luontoemo.demo4.xetnet.com\/tuote\/import-placeholder-for-910\/"},"modified":"2024-11-25T19:41:42","modified_gmt":"2024-11-25T17:41:42","slug":"hoitoturvepurkki","status":"publish","type":"product","link":"https:\/\/luontoemo.fi\/en\/tuote\/hoitoturvepurkki\/","title":{"rendered":"Hoitoturvepurkki"},"content":{"rendered":"<p>Lehtosuon turve nostetaan suosta ilman raskaita koneita koostumuksen rikkoontumisen est\u00e4miseksi. Nostamisen j\u00e4lkeen hoitoturve jauhetaan hyvin hienoksi massaksi.<\/p>\n<p>Hoitoturpeen terapeuttinen vaikutus perustuu korkeaan l\u00e4mp\u00f6tilaan, turpeen antiseptiseen vaikutukseen ja turpeessa oleviin biologisten ainesosien aktivoivaan vaikutukseen. T\u00e4rkeimm\u00e4t terapeuttiset aineet ovat humushapot (28,5%) sek\u00e4 fulvohapot (10%). Lis\u00e4ksi turve sis\u00e4lt\u00e4\u00e4 monia ihoa hoitavia aineita, kuten kuparia, magnesiumia, mangaania ja sinkki\u00e4.<\/p>\n<p>Levit\u00e4 hoitoturvetta halutulle alueelle ja anna vaikuttaa noin 20 minuuttia. Huuhtele pelk\u00e4ll\u00e4 vedell\u00e4. Muista juoda runsaasti vett\u00e4, erityisesti jos teet turvehoidon saunassa ja koko vartalolle. Turpeella voi tehd\u00e4 paikallishoitoja haluttuun kehonosaan, esimerkiksi kasvoihin, selk\u00e4\u00e4n tai jalkoihin.<\/p>\n<p>Koko: 1000 ml purkki<\/p>\n<p>Valmistaja: LehtoPeat Oy, Suomi<\/p>\n","protected":false},"excerpt":{"rendered":"<p>LehtoPeat hoitoturve on puhdas suomalainen luonnontuote.<\/p>\n","protected":false},"featured_media":2408,"comment_status":"open","ping_status":"closed","template":"","meta":{"_et_pb_use_builder":"","_et_pb_old_content":"","_et_gb_content_width":""},"product_brand":[],"product_cat":[31],"product_tag":[160,235,239],"class_list":{"0":"post-2378","1":"product","2":"type-product","3":"status-publish","4":"has-post-thumbnail","6":"product_cat-luonnonkosmetiikka-ja-hygienia","7":"product_tag-ihonhoito","8":"product_tag-luonnonkosmetiikka","9":"product_tag-turve","11":"first","12":"outofstock","13":"taxable","14":"shipping-taxable","15":"purchasable","16":"product-type-simple"},"_links":{"self":[{"href":"https:\/\/luontoemo.fi\/en\/wp-json\/wp\/v2\/product\/2378","targetHints":{"allow":["GET"]}}],"collection":[{"href":"https:\/\/luontoemo.fi\/en\/wp-json\/wp\/v2\/product"}],"about":[{"href":"https:\/\/luontoemo.fi\/en\/wp-json\/wp\/v2\/types\/product"}],"replies":[{"embeddable":true,"href":"https:\/\/luontoemo.fi\/en\/wp-json\/wp\/v2\/comments?post=2378"}],"wp:featuredmedia":[{"embeddable":true,"href":"https:\/\/luontoemo.fi\/en\/wp-json\/wp\/v2\/media\/2408"}],"wp:attachment":[{"href":"https:\/\/luontoemo.fi\/en\/wp-json\/wp\/v2\/media?parent=2378"}],"wp:term":[{"taxonomy":"product_brand","embeddable":true,"href":"https:\/\/luontoemo.fi\/en\/wp-json\/wp\/v2\/product_brand?post=2378"},{"taxonomy":"product_cat","embeddable":true,"href":"https:\/\/luontoemo.fi\/en\/wp-json\/wp\/v2\/product_cat?post=2378"},{"taxonomy":"product_tag","embeddable":true,"href":"https:\/\/luontoemo.fi\/en\/wp-json\/wp\/v2\/product_tag?post=2378"}],"curies":[{"name":"wp","href":"https:\/\/api.w.org\/{rel}","templated":true}]}}