{"id":2369,"date":"2020-12-16T16:43:47","date_gmt":"2020-12-16T14:43:47","guid":{"rendered":"https:\/\/luontoemo.demo4.xetnet.com\/tuote\/import-placeholder-for-901\/"},"modified":"2026-03-09T21:02:58","modified_gmt":"2026-03-09T19:02:58","slug":"nokkos-yrttishampoo","status":"publish","type":"product","link":"https:\/\/luontoemo.fi\/en\/tuote\/nokkos-yrttishampoo\/","title":{"rendered":"Frantsilan Nokkos-yrttishampoo"},"content":{"rendered":"<p>Kotimaisen luomunokkosen ja rosmariinin eteerisen \u00f6ljyn tehokkaita antioksidantteja ja ravinteita sis\u00e4lt\u00e4v\u00e4 shampoo vahvistaa hiuksia ja hoitaa hiuspohjaa, j\u00e4tt\u00e4en hiukset puhtaiksi, pehmeiksi ja kiilt\u00e4viksi. Sopii kaikille hiustyypeille.<\/p>\n<p><span style=\"font-size: 12.8px;\">Koko: 200 ml<\/span><\/p>\n<p>Ainesosat:<\/p>\n<p>Magnesium sulfate (magnesium sulfaatti), Calluna vulgaris (kanervan kukka, uutos)*, Matricaria recutita (kamomillan kukka, uutos)*, Melissa officinalis (sitruunamelissan lehti, uutos)*, Lavandula angustifolia (laventeli, eteerinen \u00f6ljy), Cymbopogon martini (palmarosa, eteerinen \u00f6ljy), Andropogon muricatus (vetiver, eteerinen \u00f6ljy), Cananga odorata (ylang ylang, eteerinen \u00f6ljy), Salvia sclarea (muskatellisalvia, eteerinen \u00f6ljy).<\/p>\n<p>Magnesiumsulfat (magnesiumsulfat), Calluna vulgaris (ljungblomma, extrakt)*, Matricaria recutita (kamomillblomma, extrakt)*, Melissa officinalis (citronmelissblad, extrakt)*, Lavandula angustifolia (lavendel, eterisk olja), Cymbopogon martini ( palmarosa, eterisk olja), Andropogon muricatus (vetiver, eterisk olja), Cananga odorata (ylang ylang, eterisk olja), Salvia sclarea (salvia, eterisk olja).<\/p>\n<p>Luomua*<\/p>\n<p class=\"narrow\">Valmistaja: Frantsila<\/p>\n","protected":false},"excerpt":{"rendered":"<p>Frantsilan yrttishampoo sopii kaikille hiustyypeille, elvytt\u00e4m\u00e4\u00e4n hiusten kuntoa ja tuomaan kiiltoa ja pehmeytt\u00e4.<\/p>\n","protected":false},"featured_media":5515,"comment_status":"open","ping_status":"closed","template":"","meta":{"_et_pb_use_builder":"","_et_pb_old_content":"","_et_gb_content_width":""},"product_brand":[],"product_cat":[299],"product_tag":[312,305,236],"class_list":{"0":"post-2369","1":"product","2":"type-product","3":"status-publish","4":"has-post-thumbnail","6":"product_cat-natural-cosmetics-and-hygiene","7":"product_tag-natural-cosmetics","8":"product_tag-nettle","9":"product_tag-shampoo","11":"first","12":"instock","13":"taxable","14":"shipping-taxable","15":"purchasable","16":"product-type-simple"},"_links":{"self":[{"href":"https:\/\/luontoemo.fi\/en\/wp-json\/wp\/v2\/product\/2369","targetHints":{"allow":["GET"]}}],"collection":[{"href":"https:\/\/luontoemo.fi\/en\/wp-json\/wp\/v2\/product"}],"about":[{"href":"https:\/\/luontoemo.fi\/en\/wp-json\/wp\/v2\/types\/product"}],"replies":[{"embeddable":true,"href":"https:\/\/luontoemo.fi\/en\/wp-json\/wp\/v2\/comments?post=2369"}],"wp:featuredmedia":[{"embeddable":true,"href":"https:\/\/luontoemo.fi\/en\/wp-json\/wp\/v2\/media\/5515"}],"wp:attachment":[{"href":"https:\/\/luontoemo.fi\/en\/wp-json\/wp\/v2\/media?parent=2369"}],"wp:term":[{"taxonomy":"product_brand","embeddable":true,"href":"https:\/\/luontoemo.fi\/en\/wp-json\/wp\/v2\/product_brand?post=2369"},{"taxonomy":"product_cat","embeddable":true,"href":"https:\/\/luontoemo.fi\/en\/wp-json\/wp\/v2\/product_cat?post=2369"},{"taxonomy":"product_tag","embeddable":true,"href":"https:\/\/luontoemo.fi\/en\/wp-json\/wp\/v2\/product_tag?post=2369"}],"curies":[{"name":"wp","href":"https:\/\/api.w.org\/{rel}","templated":true}]}}