{"id":2362,"date":"2020-12-16T13:57:28","date_gmt":"2020-12-16T11:57:28","guid":{"rendered":"https:\/\/luontoemo.demo4.xetnet.com\/?post_type=product&#038;p=2362"},"modified":"2024-11-25T19:41:50","modified_gmt":"2024-11-25T17:41:50","slug":"niityn-tuoksu-niittytee","status":"publish","type":"product","link":"https:\/\/luontoemo.fi\/en\/tuote\/niityn-tuoksu-niittytee\/","title":{"rendered":"Niityn Tuoksu niittytee"},"content":{"rendered":"<p><span style=\"font-weight: 400;\">Niittyteen kasvit &#8211; maitohorsman lehdet ja kukat sek\u00e4 mesiangervon kukat &#8211; on ker\u00e4tty p\u00e4ij\u00e4t-h\u00e4m\u00e4l\u00e4isilt\u00e4 niityilt\u00e4 ja mets\u00e4nreunoilta paikallisten poimijoiden toimesta.<\/span><\/p>\n<p><span style=\"font-weight: 400;\">Yrttihauduke on pakattu pieneen s\u00f6p\u00f6\u00f6n siemenpussiin. Sen voisi kierr\u00e4tt\u00e4\u00e4 vaikka siementen s\u00e4ilytt\u00e4miseen seuraavaa kes\u00e4\u00e4 varten. Sama kierr\u00e4tyksen idea kulkee kautta linjan: etiketiss\u00e4 ja tuotekortissa on k\u00e4ytetty uusiokartonkia, painov\u00e4rin\u00e4 vain yksi v\u00e4ri.<\/span><\/p>\n<p><span style=\"font-weight: 400;\">Teen mukana tulee kaunis kortti, jossa on k\u00e4ytt\u00f6ohjeiden ja -vinkkien lis\u00e4ksi ajatuksia mietiskelyhetkeen ja tarina niityn tuoksusta suomalaiseen mytologiaan pohjautuen.\u00a0\u00a0<\/span><\/p>\n<p><b>K\u00e4ytt\u00f6<\/b><\/p>\n<p><span style=\"font-weight: 400;\">Voit k\u00e4ytt\u00e4\u00e4 sekoitusta kuumiin ja kylmiin juomiin, tuoksuviin kylpyihin, luonnonkosmetiikan tekoon, hauteena, l\u00f6ylyveteen tai vaikka poltettavaksi suitsukkeena.\u00a0<\/span><\/p>\n<p><span style=\"font-weight: 400;\">Perushaudukeohje: Laita 1 tl kupilliseen tai 1 rkl 0,5 litraan kiehuvaa vett\u00e4, ja anna hautua 5-15 minuuttia. Tai oman maun mukaan.<\/span><\/p>\n<p><span style=\"font-weight: 400;\">Pakkaus: 20 tai 40 g<\/span><\/p>\n<p><span style=\"font-weight: 400;\">Valmistaja: Luontoemo, Sysm\u00e4<\/span><\/p>\n","protected":false},"excerpt":{"rendered":"<p><span style=\"font-weight: 400;\">Niityn Tuoksu on kotoisin Sysm\u00e4n villeilt\u00e4 niityilt\u00e4 P\u00e4ij\u00e4t-H\u00e4meest\u00e4. T\u00e4m\u00e4 k\u00e4sintehty yrttihauduke tuo niityn tuoksun ja maun teekupposeen.<\/span><\/p>\n","protected":false},"featured_media":3310,"comment_status":"open","ping_status":"closed","template":"","meta":{"_et_pb_use_builder":"","_et_pb_old_content":"","_et_gb_content_width":""},"product_brand":[],"product_cat":[349,33,27],"product_tag":[273,202,231,233,232,217,230],"class_list":{"0":"post-2362","1":"product","2":"type-product","3":"status-publish","4":"has-post-thumbnail","6":"product_cat-luontoemon-yrtit","7":"product_cat-ruoka-ja-juoma","8":"product_cat-villiyrttituotteet","9":"product_tag-luonnontuote","10":"product_tag-luonnonyrtti","11":"product_tag-luontoemon-yrtit","12":"product_tag-maitohorsma","13":"product_tag-mesiangervo","14":"product_tag-villiyrtit","15":"product_tag-yrttitee","17":"first","18":"outofstock","19":"taxable","20":"shipping-taxable","21":"purchasable","22":"product-type-variable"},"_links":{"self":[{"href":"https:\/\/luontoemo.fi\/en\/wp-json\/wp\/v2\/product\/2362","targetHints":{"allow":["GET"]}}],"collection":[{"href":"https:\/\/luontoemo.fi\/en\/wp-json\/wp\/v2\/product"}],"about":[{"href":"https:\/\/luontoemo.fi\/en\/wp-json\/wp\/v2\/types\/product"}],"replies":[{"embeddable":true,"href":"https:\/\/luontoemo.fi\/en\/wp-json\/wp\/v2\/comments?post=2362"}],"wp:featuredmedia":[{"embeddable":true,"href":"https:\/\/luontoemo.fi\/en\/wp-json\/wp\/v2\/media\/3310"}],"wp:attachment":[{"href":"https:\/\/luontoemo.fi\/en\/wp-json\/wp\/v2\/media?parent=2362"}],"wp:term":[{"taxonomy":"product_brand","embeddable":true,"href":"https:\/\/luontoemo.fi\/en\/wp-json\/wp\/v2\/product_brand?post=2362"},{"taxonomy":"product_cat","embeddable":true,"href":"https:\/\/luontoemo.fi\/en\/wp-json\/wp\/v2\/product_cat?post=2362"},{"taxonomy":"product_tag","embeddable":true,"href":"https:\/\/luontoemo.fi\/en\/wp-json\/wp\/v2\/product_tag?post=2362"}],"curies":[{"name":"wp","href":"https:\/\/api.w.org\/{rel}","templated":true}]}}