{"id":2312,"date":"2020-12-15T12:00:00","date_gmt":"2020-12-15T10:00:00","guid":{"rendered":"https:\/\/luontoemo.demo4.xetnet.com\/tuote\/import-placeholder-for-847\/"},"modified":"2026-03-02T22:03:07","modified_gmt":"2026-03-02T20:03:07","slug":"kukkauutteet-3-kpl","status":"publish","type":"product","link":"https:\/\/luontoemo.fi\/en\/tuote\/kukkauutteet-3-kpl\/","title":{"rendered":"Kukkauutteet 3 kpl &#8211; 39 \u20ac"},"content":{"rendered":"<p>Lis\u00e4\u00e4 t\u00e4m\u00e4 paketti ostoskoriin, ja kassalle siirtyess\u00e4si kirjoita Laskutustiedot -kohdassa Tilauksen kommentit -kentt\u00e4\u00e4n haluamiesi kukkauutteiden nimet.<\/p>\n<table border=\"0\">\n<tbody>\n<tr>\n<td><strong>Ominaisuudet<\/strong><\/td>\n<\/tr>\n<tr>\n<td>1. Pelko<\/p>\n<ul>\n<li>Rock Rose &#8211; koettu kauhu, &#8220;ihminen kauhusta j\u00e4ykk\u00e4n\u00e4&#8221;<\/li>\n<li>Mimulus &#8211; tiedostettu pelko; lento- , l\u00e4\u00e4k\u00e4ri- , esiintymispelko<\/li>\n<li>Cherry Plum &#8211; tilanteen hallinnan menett\u00e4misen pelko<\/li>\n<li>Aspen &#8211; selitt\u00e4m\u00e4tt\u00f6m\u00e4t pelot ja huolet<\/li>\n<li>Red Chestnut &#8211; liiallinen huolehtiminen muista, erityisesti l\u00e4heisist\u00e4<\/li>\n<\/ul>\n<p>2. Ep\u00e4varmuus<\/p>\n<ul>\n<li>Cerato &#8211; tarve hakea neuvoa ja vahvistusta muilta<\/li>\n<li>Scleranthus &#8211; p\u00e4\u00e4tt\u00e4m\u00e4tt\u00f6myys, vaikea valita kahden asian v\u00e4lill\u00e4<\/li>\n<li>Gentian &#8211; rohkeuden puute, lannistuminen<\/li>\n<li>Gorse &#8211; syv\u00e4 ep\u00e4toivo ja toivottomuus<\/li>\n<li>Hornbeam &#8211; ei saa aloitettua, mik\u00e4\u00e4n ei huvita<\/li>\n<li>Wild Oat &#8211; ep\u00e4varmuus el\u00e4m\u00e4n suunnasta, halu kokeilla kaikenlaista<\/li>\n<\/ul>\n<p>3. Kiinnostuksen puute nykyhetkeen<\/p>\n<ul>\n<li>Clematis &#8211; haavemaailmassa el\u00e4minen, &#8221; poissa oleva&#8221;<\/li>\n<li>Honeysuckle &#8211; menneisyydess\u00e4 el\u00e4minen, &#8220;ennen oli paremmin&#8221;<\/li>\n<li>Wild Rose &#8211; apatia, paikoilleen j\u00e4m\u00e4ht\u00e4minen<\/li>\n<li>Olive &#8211; uupumus, voimavarat k\u00e4ytetty loppuun<\/li>\n<li>White Chestnut &#8211; asioiden vatvominen, asiat py\u00f6riv\u00e4t p\u00e4\u00e4ss\u00e4<\/li>\n<li>Mustard &#8211; syv\u00e4 alakuloisuus ilman syyt\u00e4, selitt\u00e4m\u00e4t\u00f6n ep\u00e4toivo<\/li>\n<li>Chestnut Bud &#8211; samojen virheiden toistaminen oppimatta niist\u00e4<\/li>\n<\/ul>\n<p>4. Yksin\u00e4isyys<\/p>\n<ul>\n<li>Water Violet &#8211; yksinolon tarve, ei halua paljastaa sisint\u00e4\u00e4n<\/li>\n<li>Impatiens &#8211; k\u00e4rsim\u00e4tt\u00f6myys, kaiken pit\u00e4\u00e4 tapahtua heti, ei aikaa yst\u00e4ville<\/li>\n<li>Heather &#8211; itsekeskeisyys, huomionkipeys, vain itsest\u00e4\u00e4n puhuminen<\/li>\n<\/ul>\n<p>5. Alttius muiden vaikutuksille ja ajatuksille<\/p>\n<ul>\n<li>Agrimony &#8211; ongelmien k\u00e4tkeminen iloisten kasvojen taakse<\/li>\n<li>Centaury &#8211; halu pit\u00e4\u00e4 muut tyytyv\u00e4isin\u00e4 hinnalla mill\u00e4 hyv\u00e4ns\u00e4<\/li>\n<li>Walnut &#8211; muutostilanteet; ty\u00f6paikanvaihto, muutto, avioero, vaihdevuodet<\/li>\n<li>Holly &#8211; ep\u00e4ily, mustasukkaisuus, kateus, piikikkyys, jopa vihamielisyys<\/li>\n<\/ul>\n<p>6. Toivottomuus ja ep\u00e4toivo<\/p>\n<ul>\n<li>Larch &#8211; itseluottamuksen puute, pelko ep\u00e4onnistumisesta<\/li>\n<li>Pine &#8211; syyllisyyden tunto, h\u00e4pe\u00e4, itsens\u00e4 syytt\u00e4minen muiden virheist\u00e4<\/li>\n<li>Elm &#8211; vastuun taakka ylivoimainen, ylirasittuneisuus velvollisuuksista<\/li>\n<li>Sweet Chestnut &#8211; \u00e4\u00e4rimm\u00e4inen henkinen h\u00e4t\u00e4, syv\u00e4 ep\u00e4toivo<\/li>\n<li>Star of Bethlehem &#8211; shokin, j\u00e4rkytyksen ja surun j\u00e4lkihoito<\/li>\n<li>Willow &#8211; s\u00e4\u00e4lin haku, katkeruus, &#8220;uhri&#8221;<\/li>\n<li>Oak &#8211; &#8221; vaikka l\u00e4pi harmaan kiven&#8221; omasta uupumuksesta huolimatta<\/li>\n<li>Crab Apple &#8211; &#8221; puhdistaja&#8221;, huono itsetunto, itsens\u00e4 tunteminen ep\u00e4miellytt\u00e4v\u00e4ksi<\/li>\n<\/ul>\n<p>7. Ylihuolehtiminen toisten hyvinvoinnista<\/p>\n<ul>\n<li>Chicory &#8211; itsek\u00e4s omistushalu, asioiden tekeminen huomion saamiseksi, manipulointi<\/li>\n<li>Vervain &#8211; yli-innokkuus, yliaktiivisuus, haluaa muut mukaan toimiinsa<\/li>\n<li>Vine &#8211; dominointi, voimakastahtoinen k\u00e4skeminen, joustamattomuus<\/li>\n<li>Beech &#8211; suvaitsemattomuus, kriittisyys , siet\u00e4m\u00e4tt\u00f6myys muiden suhteen<\/li>\n<li>Rock Water &#8211; perfektionismi, korkeitten tavoitteiden asettaminen, joustamattomuus itselle<\/li>\n<\/ul>\n<\/td>\n<\/tr>\n<\/tbody>\n<\/table>\n","protected":false},"excerpt":{"rendered":"<p>Valitse kolme Bachin kukkauutetta alennushinnalla.<\/p>\n","protected":false},"featured_media":3020,"comment_status":"open","ping_status":"closed","template":"","meta":{"_et_pb_use_builder":"","_et_pb_old_content":"","_et_gb_content_width":""},"product_brand":[],"product_cat":[291,297,296],"product_tag":[278,339,465],"class_list":{"0":"post-2312","1":"product","2":"type-product","3":"status-publish","4":"has-post-thumbnail","6":"product_cat-discount","7":"product_cat-bach-flower-remedies","8":"product_cat-flower-remedies","9":"product_tag-bach-en","10":"product_tag-flower-therapy","11":"product_tag-tarjous","13":"first","14":"instock","15":"taxable","16":"shipping-taxable","17":"purchasable","18":"product-type-simple"},"_links":{"self":[{"href":"https:\/\/luontoemo.fi\/en\/wp-json\/wp\/v2\/product\/2312","targetHints":{"allow":["GET"]}}],"collection":[{"href":"https:\/\/luontoemo.fi\/en\/wp-json\/wp\/v2\/product"}],"about":[{"href":"https:\/\/luontoemo.fi\/en\/wp-json\/wp\/v2\/types\/product"}],"replies":[{"embeddable":true,"href":"https:\/\/luontoemo.fi\/en\/wp-json\/wp\/v2\/comments?post=2312"}],"wp:featuredmedia":[{"embeddable":true,"href":"https:\/\/luontoemo.fi\/en\/wp-json\/wp\/v2\/media\/3020"}],"wp:attachment":[{"href":"https:\/\/luontoemo.fi\/en\/wp-json\/wp\/v2\/media?parent=2312"}],"wp:term":[{"taxonomy":"product_brand","embeddable":true,"href":"https:\/\/luontoemo.fi\/en\/wp-json\/wp\/v2\/product_brand?post=2312"},{"taxonomy":"product_cat","embeddable":true,"href":"https:\/\/luontoemo.fi\/en\/wp-json\/wp\/v2\/product_cat?post=2312"},{"taxonomy":"product_tag","embeddable":true,"href":"https:\/\/luontoemo.fi\/en\/wp-json\/wp\/v2\/product_tag?post=2312"}],"curies":[{"name":"wp","href":"https:\/\/api.w.org\/{rel}","templated":true}]}}