{"id":2309,"date":"2020-12-15T11:59:58","date_gmt":"2020-12-15T09:59:58","guid":{"rendered":"https:\/\/luontoemo.demo4.xetnet.com\/tuote\/import-placeholder-for-844\/"},"modified":"2024-11-25T19:41:46","modified_gmt":"2024-11-25T17:41:46","slug":"rescue-pastillit","status":"publish","type":"product","link":"https:\/\/luontoemo.fi\/en\/tuote\/rescue-pastillit\/","title":{"rendered":"Rescue pastillit"},"content":{"rendered":"<p>Tri Bach kehitti yhdistelm\u00e4uutteen h\u00e4t\u00e4tilanteisiin. Aputipat on k\u00e4ytetyin kukkauute, joka sis\u00e4lt\u00e4\u00e4 sarjat\u00e4hdikki\u00e4, p\u00e4iv\u00e4nnoutoa, h\u00e4pykannusta, el\u00e4m\u00e4nlankaa ja kirsikkaluumua. Aputipat rauhoittavat mielt\u00e4, helpottavat stressi\u00e4 ja auttavat rentoutumaan. Rescue pastillit sis\u00e4lt\u00e4v\u00e4t alkuper\u00e4isen Bach Kukkauutteiden Rescue sekoituksen.<\/p>\n<p>Pureskeltavat pastillit ovat sopivia my\u00f6s lapsille. Ne ovat sokerittomia sek\u00e4 alkoholittomia ja maistuvat mukavasti seljalle ja appelsiinille. 50 g:n k\u00e4tev\u00e4 pakkaus on saatavana helposti avattavana ja suljettavana rasiana.<\/p>\n<p>Pureskele yksi pastilli aina tarvittaessa.<\/p>\n<div>\n<div>Valmistaja: Original Bach Flower Remedies, Lontoo<\/div>\n<\/div>\n<p>Markkinoija: Aduki, Helsinki<\/p>\n<table border=\"0\">\n<tbody>\n<tr>\n<td><strong>Ominaisuudet<\/strong><\/td>\n<\/tr>\n<tr>\n<td>50 g<\/p>\n<p>Liiallinen k\u00e4ytt\u00f6 voi aiheuttaa laksatiivisen vaikutuksen. Voi sis\u00e4lt\u00e4\u00e4 j\u00e4\u00e4mi\u00e4 gluteenista.<\/td>\n<\/tr>\n<tr>\n<td><strong>Ainesosat<\/strong><\/td>\n<\/tr>\n<tr>\n<td>Bulking agents (sorbitol, isomalt), gelling agent (gum arabic), natural flavour (elderflower, orange), sweetener (xylitol), glazing agent (vegetable oil, beeswax), flower essences (Helianthemum nummularium, Clematis vitalba, Impatiens glandulifera, Prunus cerasifera, Ornithogalum umbellatum (Rescue))<\/td>\n<\/tr>\n<\/tbody>\n<\/table>\n","protected":false},"excerpt":{"rendered":"<p>Raikastavat ja rauhoittavat kukkauutepastillit.<\/p>\n","protected":false},"featured_media":2315,"comment_status":"open","ping_status":"closed","template":"","meta":{"_et_pb_use_builder":"","_et_pb_old_content":"","_et_gb_content_width":""},"product_brand":[],"product_cat":[23],"product_tag":[226,225],"class_list":{"0":"post-2309","1":"product","2":"type-product","3":"status-publish","4":"has-post-thumbnail","6":"product_cat-uncategorized-fi","7":"product_tag-bach","8":"product_tag-kukkaterapia","10":"first","11":"outofstock","12":"taxable","13":"shipping-taxable","14":"purchasable","15":"product-type-simple"},"_links":{"self":[{"href":"https:\/\/luontoemo.fi\/en\/wp-json\/wp\/v2\/product\/2309","targetHints":{"allow":["GET"]}}],"collection":[{"href":"https:\/\/luontoemo.fi\/en\/wp-json\/wp\/v2\/product"}],"about":[{"href":"https:\/\/luontoemo.fi\/en\/wp-json\/wp\/v2\/types\/product"}],"replies":[{"embeddable":true,"href":"https:\/\/luontoemo.fi\/en\/wp-json\/wp\/v2\/comments?post=2309"}],"wp:featuredmedia":[{"embeddable":true,"href":"https:\/\/luontoemo.fi\/en\/wp-json\/wp\/v2\/media\/2315"}],"wp:attachment":[{"href":"https:\/\/luontoemo.fi\/en\/wp-json\/wp\/v2\/media?parent=2309"}],"wp:term":[{"taxonomy":"product_brand","embeddable":true,"href":"https:\/\/luontoemo.fi\/en\/wp-json\/wp\/v2\/product_brand?post=2309"},{"taxonomy":"product_cat","embeddable":true,"href":"https:\/\/luontoemo.fi\/en\/wp-json\/wp\/v2\/product_cat?post=2309"},{"taxonomy":"product_tag","embeddable":true,"href":"https:\/\/luontoemo.fi\/en\/wp-json\/wp\/v2\/product_tag?post=2309"}],"curies":[{"name":"wp","href":"https:\/\/api.w.org\/{rel}","templated":true}]}}