{"id":2308,"date":"2020-12-15T11:59:57","date_gmt":"2020-12-15T09:59:57","guid":{"rendered":"https:\/\/luontoemo.demo4.xetnet.com\/tuote\/import-placeholder-for-842\/"},"modified":"2026-03-02T21:58:09","modified_gmt":"2026-03-02T19:58:09","slug":"rescue-night","status":"publish","type":"product","link":"https:\/\/luontoemo.fi\/en\/tuote\/rescue-night\/","title":{"rendered":"Rescue Night"},"content":{"rendered":"<p>Rescue Night auttaa rentoutumaan stressaavan p\u00e4iv\u00e4n j\u00e4lkeen ja antaa hyv\u00e4n, virkist\u00e4v\u00e4n unen. Rescue Night:ssa ovat Rescue yhdistelm\u00e4tuotteen uutteet sek\u00e4 Bach Kukkauutteiden White Chestnut.<\/p>\n<p>T\u00e4m\u00e4 uute voi auttaa tyhjent\u00e4m\u00e4\u00e4n p\u00e4\u00e4n ja est\u00e4m\u00e4\u00e4n ei-toivotut ajatukset, se auttaa kontrolloimaan sis\u00e4ist\u00e4 loppumatonta ajatusvirtaa. Jos olet rentoutunut, voit nukkua rauhallisemmin ja her\u00e4t\u00e4 virke\u00e4mp\u00e4n\u00e4.<\/p>\n<p>Ei sis\u00e4ll\u00e4 alkoholia.<\/p>\n<p>10 ml pullo.<\/p>\n<div>\n<div>Valmistaja: Original Bach Flower Remedies, Lontoo<\/div>\n<\/div>\n<p>Markkinoija: Aduki, Helsinki<\/p>\n<p>&nbsp;<\/p>\n","protected":false},"excerpt":{"rendered":"<p>Torjumaan ei toivottuja ajatuksia ja helpottamaan uneen p\u00e4\u00e4sy\u00e4.<\/p>\n","protected":false},"featured_media":2196,"comment_status":"open","ping_status":"closed","template":"","meta":{"_et_pb_use_builder":"","_et_pb_old_content":"","_et_gb_content_width":""},"product_brand":[],"product_cat":[297,296],"product_tag":[278,339],"class_list":{"0":"post-2308","1":"product","2":"type-product","3":"status-publish","4":"has-post-thumbnail","6":"product_cat-bach-flower-remedies","7":"product_cat-flower-remedies","8":"product_tag-bach-en","9":"product_tag-flower-therapy","11":"first","12":"instock","13":"taxable","14":"shipping-taxable","15":"purchasable","16":"product-type-simple"},"_links":{"self":[{"href":"https:\/\/luontoemo.fi\/en\/wp-json\/wp\/v2\/product\/2308","targetHints":{"allow":["GET"]}}],"collection":[{"href":"https:\/\/luontoemo.fi\/en\/wp-json\/wp\/v2\/product"}],"about":[{"href":"https:\/\/luontoemo.fi\/en\/wp-json\/wp\/v2\/types\/product"}],"replies":[{"embeddable":true,"href":"https:\/\/luontoemo.fi\/en\/wp-json\/wp\/v2\/comments?post=2308"}],"wp:featuredmedia":[{"embeddable":true,"href":"https:\/\/luontoemo.fi\/en\/wp-json\/wp\/v2\/media\/2196"}],"wp:attachment":[{"href":"https:\/\/luontoemo.fi\/en\/wp-json\/wp\/v2\/media?parent=2308"}],"wp:term":[{"taxonomy":"product_brand","embeddable":true,"href":"https:\/\/luontoemo.fi\/en\/wp-json\/wp\/v2\/product_brand?post=2308"},{"taxonomy":"product_cat","embeddable":true,"href":"https:\/\/luontoemo.fi\/en\/wp-json\/wp\/v2\/product_cat?post=2308"},{"taxonomy":"product_tag","embeddable":true,"href":"https:\/\/luontoemo.fi\/en\/wp-json\/wp\/v2\/product_tag?post=2308"}],"curies":[{"name":"wp","href":"https:\/\/api.w.org\/{rel}","templated":true}]}}