{"id":2304,"date":"2020-12-15T11:59:55","date_gmt":"2020-12-15T09:59:55","guid":{"rendered":"https:\/\/luontoemo.demo4.xetnet.com\/tuote\/import-placeholder-for-838\/"},"modified":"2026-03-02T21:58:09","modified_gmt":"2026-03-02T19:58:09","slug":"willow-paju-salix-vitellina","status":"publish","type":"product","link":"https:\/\/luontoemo.fi\/en\/tuote\/willow-paju-salix-vitellina\/","title":{"rendered":"Willow (Paju &#8211; Salix vitellina)"},"content":{"rendered":"<p>Willow on uute mielipahaan, itses\u00e4\u00e4liin ja katkeruuteen. Useimmat n\u00e4ist\u00e4 ihmisist\u00e4 tuntevat itsens\u00e4 ajoittain enemm\u00e4n tai v\u00e4hemm\u00e4n hyv\u00e4ksik\u00e4ytetyiksi; t\u00e4m\u00e4 uute auttaa neutraloimaan mielipahan tunnetta ja saamaan takaisin huumorin- ja suhteellisuudentajun. Willow on tunteeseen, ett\u00e4 on tullut el\u00e4m\u00e4n huijaamaksi \u2013 &#8220;Min\u00e4 en ansaitse t\u00e4t\u00e4. Miksi t\u00e4m\u00e4 tapahtuu minulle?&#8221; Negatiivisessa Willow-tilassa oleva ihminen kadehtii muiden ihmisten hyv\u00e4\u00e4 onnea, terveytt\u00e4, onnellisuutta tai menestyst\u00e4. H\u00e4n saattaa marista, olla nyre\u00e4 ja k\u00e4rttyis\u00e4.<\/p>\n<p>N\u00e4m\u00e4 ihmiset ovat vaikeita potilaita sairastaessaan, koska he eiv\u00e4t ole koskaan mieliss\u00e4\u00e4n tai tyytyv\u00e4isi\u00e4, vaan n\u00e4kev\u00e4t ennemmin itsens\u00e4 uhreina ja ovat vastahakoisia my\u00f6nt\u00e4m\u00e4\u00e4n mink\u00e4\u00e4nlaista edistymist\u00e4. Jatkuva mielipahan tunteen yll\u00e4pito saattaa vaikuttaa yksil\u00f6n yleiseen vitaliteettiin ja johtaa huonoon yleiskuntoon.<\/p>\n<p>Willow\u00edn positiivisena mahdollisuutena on antaa ihmisille lupa anteeksiantoon ja unohtaa menneet ep\u00e4oikeudenmukaisuudet sek\u00e4 nauttia el\u00e4m\u00e4st\u00e4, mink\u00e4 seurauksena he vet\u00e4v\u00e4t puoleensa my\u00f6nteisi\u00e4 olosuhteita ja yst\u00e4vi\u00e4. Koska he eiv\u00e4t en\u00e4\u00e4 tunne itse\u00e4\u00e4n uhreiksi, he hallitsevat n\u00e4in omaa kohtaloaan.<\/p>\n<p>20 ml pullo<\/p>\n<div>\n<div>Valmistaja: Original Bach Flower Remedies, Lontoo<\/div>\n<\/div>\n<p>Markkinoija: Aduki, Helsinki<\/p>\n","protected":false},"excerpt":{"rendered":"<p>Paju sopii kaikkea halveksivalle, katkeralle ja itses\u00e4\u00e4liss\u00e4 piehtaroivalle ihmiselle, joka syytt\u00e4\u00e4 kaikkia muita ja kaikkea muuta paitsi itse\u00e4\u00e4n.<\/p>\n","protected":false},"featured_media":2978,"comment_status":"open","ping_status":"closed","template":"","meta":{"_et_pb_use_builder":"","_et_pb_old_content":"","_et_gb_content_width":""},"product_brand":[],"product_cat":[296,297],"product_tag":[226,225,361],"class_list":{"0":"post-2304","1":"product","2":"type-product","3":"status-publish","4":"has-post-thumbnail","6":"product_cat-flower-remedies","7":"product_cat-bach-flower-remedies","8":"product_tag-bach","9":"product_tag-kukkaterapia","10":"product_tag-paju","12":"first","13":"instock","14":"taxable","15":"shipping-taxable","16":"purchasable","17":"product-type-simple"},"_links":{"self":[{"href":"https:\/\/luontoemo.fi\/en\/wp-json\/wp\/v2\/product\/2304","targetHints":{"allow":["GET"]}}],"collection":[{"href":"https:\/\/luontoemo.fi\/en\/wp-json\/wp\/v2\/product"}],"about":[{"href":"https:\/\/luontoemo.fi\/en\/wp-json\/wp\/v2\/types\/product"}],"replies":[{"embeddable":true,"href":"https:\/\/luontoemo.fi\/en\/wp-json\/wp\/v2\/comments?post=2304"}],"wp:featuredmedia":[{"embeddable":true,"href":"https:\/\/luontoemo.fi\/en\/wp-json\/wp\/v2\/media\/2978"}],"wp:attachment":[{"href":"https:\/\/luontoemo.fi\/en\/wp-json\/wp\/v2\/media?parent=2304"}],"wp:term":[{"taxonomy":"product_brand","embeddable":true,"href":"https:\/\/luontoemo.fi\/en\/wp-json\/wp\/v2\/product_brand?post=2304"},{"taxonomy":"product_cat","embeddable":true,"href":"https:\/\/luontoemo.fi\/en\/wp-json\/wp\/v2\/product_cat?post=2304"},{"taxonomy":"product_tag","embeddable":true,"href":"https:\/\/luontoemo.fi\/en\/wp-json\/wp\/v2\/product_tag?post=2304"}],"curies":[{"name":"wp","href":"https:\/\/api.w.org\/{rel}","templated":true}]}}