{"id":2302,"date":"2020-12-15T11:59:54","date_gmt":"2020-12-15T09:59:54","guid":{"rendered":"https:\/\/luontoemo.demo4.xetnet.com\/tuote\/import-placeholder-for-835\/"},"modified":"2026-03-02T21:58:10","modified_gmt":"2026-03-02T19:58:10","slug":"white-chestnut-valkoinen-kastanja-aesculus-hippocastanum","status":"publish","type":"product","link":"https:\/\/luontoemo.fi\/en\/tuote\/white-chestnut-valkoinen-kastanja-aesculus-hippocastanum\/","title":{"rendered":"White Chestnut (Valkoinen kastanja &#8211; Aesculus hippocastanum)"},"content":{"rendered":"<p>White Chestnut on tarkoitettu pakkomielteen tapaisiin, huolestuttaviin ajatuksiin, joita tuntuu olevan mahdoton kontrolloida. K\u00e4rsiv\u00e4t eiv\u00e4t pysty p\u00e4\u00e4st\u00e4m\u00e4\u00e4n irti onnettomista tapahtumista tai kiistoista, vaan vatvovat niit\u00e4 ajatuksissaan yh\u00e4 uudelleen. Itsepintaiset, ep\u00e4mieluisat ajatukset ja mentaaliset argumentit kiert\u00e4v\u00e4t p\u00e4\u00e4ss\u00e4 kuin juuttunut \u00e4\u00e4nilevy ja saavat aikaan levottoman mielen.<\/p>\n<p class=\"bodytext\">P\u00e4iv\u00e4n mittaan on vaikea keskitty\u00e4 tai \u00f6isin nukkua. K\u00e4rsiv\u00e4 saattaa sen t\u00e4hden vaikuttaa tarkkaamattomalta, eik\u00e4 ehk\u00e4 vastaa, kun h\u00e4nelle puhutaan (ks. my\u00f6s Clematis).<\/p>\n<p class=\"bodytext\">White Chestnutin positiivisena mahdollisuutena on mielenrauha. P\u00e4\u00e4 on kirkas; ajattelu on hallittua ja voidaan laittaa positiivisella tavalla ratkaisemaan ongelmia. Huolestuminen korvautuu luottamuksella positiiviseen lopputulokseen.<\/p>\n<p>20 ml pullo<\/p>\n<div>\n<div>Valmistaja: Original Bach Flower Remedies, Lontoo<\/div>\n<\/div>\n<p>Markkinoija: Aduki, Helsinki<\/p>\n","protected":false},"excerpt":{"rendered":"<p><span class=\"important\">Valkoinen kastanja sopii jatkuvien huolien ja kutsumattomien ajatusten piinamalle ihmiselle, joka k\u00e4ytt\u00e4\u00e4 liikaa p\u00e4\u00e4t\u00e4\u00e4n.<\/span><\/p>\n","protected":false},"featured_media":2984,"comment_status":"open","ping_status":"closed","template":"","meta":{"_et_pb_use_builder":"","_et_pb_old_content":"","_et_gb_content_width":""},"product_brand":[],"product_cat":[297,296],"product_tag":[278,339],"class_list":{"0":"post-2302","1":"product","2":"type-product","3":"status-publish","4":"has-post-thumbnail","6":"product_cat-bach-flower-remedies","7":"product_cat-flower-remedies","8":"product_tag-bach-en","9":"product_tag-flower-therapy","11":"first","12":"instock","13":"taxable","14":"shipping-taxable","15":"purchasable","16":"product-type-simple"},"_links":{"self":[{"href":"https:\/\/luontoemo.fi\/en\/wp-json\/wp\/v2\/product\/2302","targetHints":{"allow":["GET"]}}],"collection":[{"href":"https:\/\/luontoemo.fi\/en\/wp-json\/wp\/v2\/product"}],"about":[{"href":"https:\/\/luontoemo.fi\/en\/wp-json\/wp\/v2\/types\/product"}],"replies":[{"embeddable":true,"href":"https:\/\/luontoemo.fi\/en\/wp-json\/wp\/v2\/comments?post=2302"}],"wp:featuredmedia":[{"embeddable":true,"href":"https:\/\/luontoemo.fi\/en\/wp-json\/wp\/v2\/media\/2984"}],"wp:attachment":[{"href":"https:\/\/luontoemo.fi\/en\/wp-json\/wp\/v2\/media?parent=2302"}],"wp:term":[{"taxonomy":"product_brand","embeddable":true,"href":"https:\/\/luontoemo.fi\/en\/wp-json\/wp\/v2\/product_brand?post=2302"},{"taxonomy":"product_cat","embeddable":true,"href":"https:\/\/luontoemo.fi\/en\/wp-json\/wp\/v2\/product_cat?post=2302"},{"taxonomy":"product_tag","embeddable":true,"href":"https:\/\/luontoemo.fi\/en\/wp-json\/wp\/v2\/product_tag?post=2302"}],"curies":[{"name":"wp","href":"https:\/\/api.w.org\/{rel}","templated":true}]}}