{"id":2301,"date":"2020-12-15T11:59:54","date_gmt":"2020-12-15T09:59:54","guid":{"rendered":"https:\/\/luontoemo.demo4.xetnet.com\/tuote\/import-placeholder-for-834\/"},"modified":"2026-03-02T21:58:10","modified_gmt":"2026-03-02T19:58:10","slug":"water-violet-vesisulka-hottonia-palustris","status":"publish","type":"product","link":"https:\/\/luontoemo.fi\/en\/tuote\/water-violet-vesisulka-hottonia-palustris\/","title":{"rendered":"Water Violet (Vesisulka &#8211; Hottonia palustris)"},"content":{"rendered":"<p>Water Violet \u2013 tyyppiset ihmiset ovat tiet\u00e4vi\u00e4, tyyni\u00e4 ja kyvykk\u00e4it\u00e4. He ovat hiljaisia, hillittyj\u00e4 ihmisi\u00e4, joilta kysyt\u00e4\u00e4n usein neuvoa, mutta he eiv\u00e4t tyrkyt\u00e4 omia mielipiteit\u00e4\u00e4n tai toiveitaan muille. Lempein\u00e4 ja itseens\u00e4 luottavaisina heill\u00e4 on tunne omasta erinomaisuudestaan. \u00c4\u00e4rimmilleen vietyn\u00e4 he voivat olla erist\u00e4ytyvi\u00e4 ja vaikuttavat ylpeilt\u00e4, ylenkatseellisilta ja alentuvaisilta. Kun he ovat v\u00e4syneit\u00e4 tai h\u00e4iriintyneit\u00e4 liian monista ulkoisista tekij\u00f6ist\u00e4, heill\u00e4 on taipumuksena vet\u00e4yty\u00e4, jolloin he vaikuttavat ep\u00e4sosiaalisilta ja kylmilt\u00e4. K\u00e4rsiess\u00e4\u00e4n he pit\u00e4v\u00e4t ongelmansa omana tietonaan. He eiv\u00e4t nojaudu toisiin saadakseen tukea, ja heit\u00e4 saatetaankin pit\u00e4\u00e4 emotionaalisesti kylmin\u00e4. Heid\u00e4n on vaikea avautua muille, ja siksi he vet\u00e4ytyv\u00e4t helpommin oman tyynen ulkokuorensa taakse.<\/p>\n<p>Water Violetin positiivisena mahdollisuutena on l\u00e4mpim\u00e4mpi suhde toisiin ihmisiin, vaikka samalla s\u00e4ilytet\u00e4\u00e4nkin oma viisaus ja arvokkuus. Water Violet \u2013 ihmiset ovat halukkaita auttamaan muita oman tietonsa ja viisautensa avulla. Rauhallisina, seesteisin\u00e4 ja ylv\u00e4in\u00e4 he pystyv\u00e4t ymm\u00e4rt\u00e4m\u00e4\u00e4n ja my\u00f6t\u00e4el\u00e4m\u00e4\u00e4n muiden kanssa. He asettavat usein kykyns\u00e4 muiden palvelukseen esimerkiksi neuvonantajina ja opettajina.<\/p>\n<p>20 ml pullo<\/p>\n<div>\n<div>Valmistaja: Original Bach Flower Remedies, Lontoo<\/div>\n<\/div>\n<p>Markkinoija: Aduki, Helsinki<\/p>\n","protected":false},"excerpt":{"rendered":"<p>Vesisulka on varautuneille ja sulkeutuneille ihmisille, jotka arvostavat yksinolemista tai jotka ovat ylpeit\u00e4 ja et\u00e4isi\u00e4. Vesisulkauute sallii luontevan l\u00e4hestymisen.<\/p>\n","protected":false},"featured_media":2978,"comment_status":"open","ping_status":"closed","template":"","meta":{"_et_pb_use_builder":"","_et_pb_old_content":"","_et_gb_content_width":""},"product_brand":[],"product_cat":[297,296],"product_tag":[278,339],"class_list":{"0":"post-2301","1":"product","2":"type-product","3":"status-publish","4":"has-post-thumbnail","6":"product_cat-bach-flower-remedies","7":"product_cat-flower-remedies","8":"product_tag-bach-en","9":"product_tag-flower-therapy","11":"first","12":"instock","13":"taxable","14":"shipping-taxable","15":"purchasable","16":"product-type-simple"},"_links":{"self":[{"href":"https:\/\/luontoemo.fi\/en\/wp-json\/wp\/v2\/product\/2301","targetHints":{"allow":["GET"]}}],"collection":[{"href":"https:\/\/luontoemo.fi\/en\/wp-json\/wp\/v2\/product"}],"about":[{"href":"https:\/\/luontoemo.fi\/en\/wp-json\/wp\/v2\/types\/product"}],"replies":[{"embeddable":true,"href":"https:\/\/luontoemo.fi\/en\/wp-json\/wp\/v2\/comments?post=2301"}],"wp:featuredmedia":[{"embeddable":true,"href":"https:\/\/luontoemo.fi\/en\/wp-json\/wp\/v2\/media\/2978"}],"wp:attachment":[{"href":"https:\/\/luontoemo.fi\/en\/wp-json\/wp\/v2\/media?parent=2301"}],"wp:term":[{"taxonomy":"product_brand","embeddable":true,"href":"https:\/\/luontoemo.fi\/en\/wp-json\/wp\/v2\/product_brand?post=2301"},{"taxonomy":"product_cat","embeddable":true,"href":"https:\/\/luontoemo.fi\/en\/wp-json\/wp\/v2\/product_cat?post=2301"},{"taxonomy":"product_tag","embeddable":true,"href":"https:\/\/luontoemo.fi\/en\/wp-json\/wp\/v2\/product_tag?post=2301"}],"curies":[{"name":"wp","href":"https:\/\/api.w.org\/{rel}","templated":true}]}}