{"id":2298,"date":"2020-12-15T11:59:49","date_gmt":"2020-12-15T09:59:49","guid":{"rendered":"https:\/\/luontoemo.demo4.xetnet.com\/tuote\/import-placeholder-for-831\/"},"modified":"2026-03-02T21:58:11","modified_gmt":"2026-03-02T19:58:11","slug":"vervain-rohtorautayrtti-verbena-officinalis","status":"publish","type":"product","link":"https:\/\/luontoemo.fi\/en\/tuote\/vervain-rohtorautayrtti-verbena-officinalis\/","title":{"rendered":"Vervain (Rohtorautayrtti &#8211; Verbena officinalis)"},"content":{"rendered":"<p>Vervain on ihmisille, joilla on pinttyneit\u00e4 periaatteita ja p\u00e4\u00e4h\u00e4npinttymi\u00e4. He ovat vakuuttuneita siit\u00e4, ett\u00e4 ovat oikeassa ja muuttavat harvoin mielt\u00e4\u00e4n sen suhteen. Ne jotka tarvitsevat Vervainia, ovat p\u00e4\u00e4tt\u00e4v\u00e4isi\u00e4, mutta tiukkia ylisuorittajia ja j\u00e4nnittyneit\u00e4. He laittavat turhan paljon energiaa kaikkiin tekemisiins\u00e4 ja saattavat fyysiset rajansa \u00e4\u00e4rimmilleen. Heid\u00e4n mielens\u00e4 juoksee tapahtumien edelle; he ottavat itselleen liikaa ty\u00f6t\u00e4 ja k\u00e4yv\u00e4t k\u00e4siksi liian moneen asiaan yht\u00e4aikaa. N\u00e4m\u00e4 ihmiset ovat lujatahtoisia, ja heill\u00e4 on jyrk\u00e4t mielipiteet.<\/p>\n<p>Koska he ovat herkki\u00e4 ep\u00e4oikeudenmukaisuudelle ja omistautuvat asioille usein itsens\u00e4 uhraten, heid\u00e4n yli-innostuksensa saattaa olla fanaattista jopa siin\u00e4 m\u00e4\u00e4rin, ett\u00e4 he vieraannuttavat potentiaaliset liittolaiset ja vakuutettavat. Vervain-ihmiset saattavat k\u00e4rsi\u00e4 unen puutteesta, joka johtuu heid\u00e4n aktiivisesta mielest\u00e4\u00e4n ja kyvytt\u00f6myydest\u00e4\u00e4n ja haluttomuudestaan rentoutua. Koska he ovat puheissaan ja liikkeiss\u00e4\u00e4n hyvin demonstratiivisia, he saattavat olla \u00e4rsytt\u00e4vi\u00e4, turhautuneita ja harmistuneita periaatekysymyksist\u00e4.<\/p>\n<p>Vervainin positiivisena mahdollisuutena on rauhallinen, viisas, k\u00e4rsiv\u00e4llinen ja rentoutumiskykyinen ihminen. Vaikka h\u00e4nell\u00e4 on vahvat n\u00e4kemykset, h\u00e4n voi muuttaa niit\u00e4 sopivassa tilanteessa, eik\u00e4 h\u00e4nen tarvitse tyrkytt\u00e4\u00e4 niit\u00e4 muille. H\u00e4nell\u00e4 on laaja n\u00e4kemys el\u00e4m\u00e4st\u00e4 ja tapahtumista. Positiiviset Vervain-ihmiset ymm\u00e4rt\u00e4v\u00e4t, kuten tri Bach kirjoitti, ett\u00e4: &#8220;Paremminkin olemalla kuin tekem\u00e4ll\u00e4 on aikaansaatu kaikki suuret asiat.&#8221;<\/p>\n<p>20 ml pullo<\/p>\n<div>\n<div>Valmistaja: Original Bach Flower Remedies, Lontoo<\/div>\n<\/div>\n<p>Markkinoija: Aduki, Helsinki<\/p>\n","protected":false},"excerpt":{"rendered":"<p>Rautayrttiuute on yli-innokkaalle ja puheliaalle ihmiselle, joka v\u00e4ittelee omiin periaatteisiinsa ja ajatuksiinsa juuttuneena.<\/p>\n","protected":false},"featured_media":2992,"comment_status":"open","ping_status":"closed","template":"","meta":{"_et_pb_use_builder":"","_et_pb_old_content":"","_et_gb_content_width":""},"product_brand":[],"product_cat":[297,296],"product_tag":[278,339],"class_list":{"0":"post-2298","1":"product","2":"type-product","3":"status-publish","4":"has-post-thumbnail","6":"product_cat-bach-flower-remedies","7":"product_cat-flower-remedies","8":"product_tag-bach-en","9":"product_tag-flower-therapy","11":"first","12":"instock","13":"taxable","14":"shipping-taxable","15":"purchasable","16":"product-type-simple"},"_links":{"self":[{"href":"https:\/\/luontoemo.fi\/en\/wp-json\/wp\/v2\/product\/2298","targetHints":{"allow":["GET"]}}],"collection":[{"href":"https:\/\/luontoemo.fi\/en\/wp-json\/wp\/v2\/product"}],"about":[{"href":"https:\/\/luontoemo.fi\/en\/wp-json\/wp\/v2\/types\/product"}],"replies":[{"embeddable":true,"href":"https:\/\/luontoemo.fi\/en\/wp-json\/wp\/v2\/comments?post=2298"}],"wp:featuredmedia":[{"embeddable":true,"href":"https:\/\/luontoemo.fi\/en\/wp-json\/wp\/v2\/media\/2992"}],"wp:attachment":[{"href":"https:\/\/luontoemo.fi\/en\/wp-json\/wp\/v2\/media?parent=2298"}],"wp:term":[{"taxonomy":"product_brand","embeddable":true,"href":"https:\/\/luontoemo.fi\/en\/wp-json\/wp\/v2\/product_brand?post=2298"},{"taxonomy":"product_cat","embeddable":true,"href":"https:\/\/luontoemo.fi\/en\/wp-json\/wp\/v2\/product_cat?post=2298"},{"taxonomy":"product_tag","embeddable":true,"href":"https:\/\/luontoemo.fi\/en\/wp-json\/wp\/v2\/product_tag?post=2298"}],"curies":[{"name":"wp","href":"https:\/\/api.w.org\/{rel}","templated":true}]}}