{"id":2296,"date":"2020-12-15T11:59:15","date_gmt":"2020-12-15T09:59:15","guid":{"rendered":"https:\/\/luontoemo.demo4.xetnet.com\/tuote\/import-placeholder-for-829\/"},"modified":"2026-03-02T21:58:11","modified_gmt":"2026-03-02T19:58:11","slug":"star-of-bethlehem-betlehemin-tahti-sarjatahdikki-ornithogalum-umbellatum","status":"publish","type":"product","link":"https:\/\/luontoemo.fi\/en\/tuote\/star-of-bethlehem-betlehemin-tahti-sarjatahdikki-ornithogalum-umbellatum\/","title":{"rendered":"Star of Bethlehem (Sarjat\u00e4hdikki &#8211; Ornithogalum umbellatum)"},"content":{"rendered":"<p>Star of Bethlehem on uute shokin mentaalisiin tai fyysisiin j\u00e4lkivaikutuksiin onnettomuuden, huonojen uutisten, omaisen menetyksen, \u00e4killisen pettymyksen tai pel\u00e4stymisen jne. seurauksiin. Vaikka ihanteellisinta on ottaa uute heti tapahtuman j\u00e4lkeen, se on my\u00f6s loistava viiv\u00e4styneisiin j\u00e4lkivaikutuksiin, jotka saattavat nousta vuosia tapahtuman j\u00e4lkeen fyysisin\u00e4 oireina. Ihminen saattaa olla turtunut ja vet\u00e4ytyv\u00e4, ja h\u00e4n voi tuntea menetyst\u00e4 ja surua.<\/p>\n<p>Star of Bethlehem on t\u00e4rke\u00e4 osa Rescue Remedya. Se on hy\u00f6dyllinen sek\u00e4 \u00e4idille ett\u00e4 lapselle heti syntym\u00e4n j\u00e4lkeen.<\/p>\n<p>Star of Bethlehemin positiivisena mahdollisuutena on neutraloida shokin vaikutuksia, olivatpa ne v\u00e4litt\u00f6mi\u00e4 tai viiv\u00e4styneit\u00e4, ja auttaa n\u00e4in k\u00e4rsiv\u00e4\u00e4 paranemaan. Tri Bach kuvasi t\u00e4t\u00e4 uutetta &#8220;lohduttajaksi sek\u00e4 tuskien ja surujen lievitt\u00e4j\u00e4ksi&#8221;.<\/p>\n<p>20 ml pullo<\/p>\n<div>\n<div>Valmistaja: Original Bach Flower Remedies, Lontoo<\/div>\n<\/div>\n<p>Markkinoija: Aduki, Helsinki<\/p>\n","protected":false},"excerpt":{"rendered":"<p>Sarjat\u00e4hdikki\u00e4 suositellaan ihmiselle, joka on kokenut syv\u00e4\u00e4 surua, shokin tai menetyksen. T\u00e4m\u00e4 uute auttaa selviytym\u00e4\u00e4n traumaattisesta kokemuksesta ja lievitt\u00e4\u00e4 surua.<\/p>\n","protected":false},"featured_media":2994,"comment_status":"open","ping_status":"closed","template":"","meta":{"_et_pb_use_builder":"","_et_pb_old_content":"","_et_gb_content_width":""},"product_brand":[],"product_cat":[297,296],"product_tag":[278,339],"class_list":{"0":"post-2296","1":"product","2":"type-product","3":"status-publish","4":"has-post-thumbnail","6":"product_cat-bach-flower-remedies","7":"product_cat-flower-remedies","8":"product_tag-bach-en","9":"product_tag-flower-therapy","11":"first","12":"instock","13":"taxable","14":"shipping-taxable","15":"purchasable","16":"product-type-simple"},"_links":{"self":[{"href":"https:\/\/luontoemo.fi\/en\/wp-json\/wp\/v2\/product\/2296","targetHints":{"allow":["GET"]}}],"collection":[{"href":"https:\/\/luontoemo.fi\/en\/wp-json\/wp\/v2\/product"}],"about":[{"href":"https:\/\/luontoemo.fi\/en\/wp-json\/wp\/v2\/types\/product"}],"replies":[{"embeddable":true,"href":"https:\/\/luontoemo.fi\/en\/wp-json\/wp\/v2\/comments?post=2296"}],"wp:featuredmedia":[{"embeddable":true,"href":"https:\/\/luontoemo.fi\/en\/wp-json\/wp\/v2\/media\/2994"}],"wp:attachment":[{"href":"https:\/\/luontoemo.fi\/en\/wp-json\/wp\/v2\/media?parent=2296"}],"wp:term":[{"taxonomy":"product_brand","embeddable":true,"href":"https:\/\/luontoemo.fi\/en\/wp-json\/wp\/v2\/product_brand?post=2296"},{"taxonomy":"product_cat","embeddable":true,"href":"https:\/\/luontoemo.fi\/en\/wp-json\/wp\/v2\/product_cat?post=2296"},{"taxonomy":"product_tag","embeddable":true,"href":"https:\/\/luontoemo.fi\/en\/wp-json\/wp\/v2\/product_tag?post=2296"}],"curies":[{"name":"wp","href":"https:\/\/api.w.org\/{rel}","templated":true}]}}