{"id":2295,"date":"2020-12-15T11:59:14","date_gmt":"2020-12-15T09:59:14","guid":{"rendered":"https:\/\/luontoemo.demo4.xetnet.com\/tuote\/import-placeholder-for-828\/"},"modified":"2026-03-02T21:58:12","modified_gmt":"2026-03-02T19:58:12","slug":"scleranthus-hatikka-scleranthus-annus","status":"publish","type":"product","link":"https:\/\/luontoemo.fi\/en\/tuote\/scleranthus-hatikka-scleranthus-annus\/","title":{"rendered":"Scleranthus (Hatikka &#8211; Scleranthus annus)"},"content":{"rendered":"<p>Schleranthus on ihmisille, jotka k\u00e4rsiv\u00e4t p\u00e4\u00e4tt\u00e4m\u00e4tt\u00f6myydest\u00e4; Schleranthusta tarvitsevat ihmiset kokevat p\u00e4\u00e4t\u00f6ksenteon vaikeaksi, erityisesti kun he kohtaavat kaksi vaihtoehtoa. N\u00e4ilt\u00e4 ihmisilt\u00e4 puuttuu tasapaino ja itsevarmuus; heid\u00e4n hein\u00e4sirkkamielens\u00e4 saa heid\u00e4t hyppim\u00e4\u00e4n keskustelussa asiasta toiseen. Heid\u00e4n mielialansa vaihtelee yl\u00f6s alas, ja he kokevat \u00e4\u00e4rimm\u00e4isi\u00e4 ilon\/surun, energian\/apatian, optimismin\/pessimismin sek\u00e4 naurun\/itkun mielialoja.<\/p>\n<p>T\u00e4m\u00e4 vaihteleva ajattelutapa voi tehd\u00e4 heist\u00e4 ep\u00e4luotettavia, ja he saattavat hukata aikaa ja menett\u00e4\u00e4 mahdollisuuksia p\u00e4\u00e4tt\u00e4m\u00e4tt\u00f6myyden takia.<\/p>\n<p>Schleranthuksen positiivisena mahdollisuutena on varmuus ja p\u00e4\u00e4tt\u00e4v\u00e4isyys sek\u00e4 ryhdikkyys ja tasapaino kaikissa tilanteissa. Positiiviset Schleranthus-ihmiset pystyv\u00e4t tekem\u00e4\u00e4n nopeita p\u00e4\u00e4t\u00f6ksi\u00e4 ja toimimaan tarvittaessa heti.<\/p>\n<p>20 ml pullo<\/p>\n<div>\n<div>Valmistaja: Original Bach Flower Remedies, Lontoo<\/div>\n<\/div>\n<p>Markkinoija: Aduki, Helsinki<\/p>\n","protected":false},"excerpt":{"rendered":"<p>Scleranthus: p\u00e4\u00e4tt\u00e4m\u00e4tt\u00f6myydest\u00e4 johtuvaan k\u00e4rsimykseen ja stressiin.<\/p>\n","protected":false},"featured_media":2996,"comment_status":"open","ping_status":"closed","template":"","meta":{"_et_pb_use_builder":"","_et_pb_old_content":"","_et_gb_content_width":""},"product_brand":[],"product_cat":[30,44],"product_tag":[226,356,225],"class_list":{"0":"post-2295","1":"product","2":"type-product","3":"status-publish","4":"has-post-thumbnail","6":"product_cat-kukkaterapia","7":"product_cat-bachin-kukkaterapia","8":"product_tag-bach","9":"product_tag-hatikka","10":"product_tag-kukkaterapia","12":"first","13":"instock","14":"taxable","15":"shipping-taxable","16":"purchasable","17":"product-type-simple"},"_links":{"self":[{"href":"https:\/\/luontoemo.fi\/en\/wp-json\/wp\/v2\/product\/2295","targetHints":{"allow":["GET"]}}],"collection":[{"href":"https:\/\/luontoemo.fi\/en\/wp-json\/wp\/v2\/product"}],"about":[{"href":"https:\/\/luontoemo.fi\/en\/wp-json\/wp\/v2\/types\/product"}],"replies":[{"embeddable":true,"href":"https:\/\/luontoemo.fi\/en\/wp-json\/wp\/v2\/comments?post=2295"}],"wp:featuredmedia":[{"embeddable":true,"href":"https:\/\/luontoemo.fi\/en\/wp-json\/wp\/v2\/media\/2996"}],"wp:attachment":[{"href":"https:\/\/luontoemo.fi\/en\/wp-json\/wp\/v2\/media?parent=2295"}],"wp:term":[{"taxonomy":"product_brand","embeddable":true,"href":"https:\/\/luontoemo.fi\/en\/wp-json\/wp\/v2\/product_brand?post=2295"},{"taxonomy":"product_cat","embeddable":true,"href":"https:\/\/luontoemo.fi\/en\/wp-json\/wp\/v2\/product_cat?post=2295"},{"taxonomy":"product_tag","embeddable":true,"href":"https:\/\/luontoemo.fi\/en\/wp-json\/wp\/v2\/product_tag?post=2295"}],"curies":[{"name":"wp","href":"https:\/\/api.w.org\/{rel}","templated":true}]}}