{"id":2292,"date":"2020-12-15T11:59:14","date_gmt":"2020-12-15T09:59:14","guid":{"rendered":"https:\/\/luontoemo.demo4.xetnet.com\/tuote\/import-placeholder-for-825\/"},"modified":"2026-03-02T21:58:11","modified_gmt":"2026-03-02T19:58:11","slug":"red-chestnut-punahevoskastanja-aesculus-carnea","status":"publish","type":"product","link":"https:\/\/luontoemo.fi\/en\/tuote\/red-chestnut-punahevoskastanja-aesculus-carnea\/","title":{"rendered":"Red Chestnut (Punahevoskastanja &#8211; Aesculus carnea)"},"content":{"rendered":"<p>Red Chestnut on niille, jotka ovat itsekk\u00e4\u00e4sti ylihuolehtivaisia, ja pelk\u00e4\u00e4v\u00e4t tai ovat huolissaan toisten, etenkin perheenj\u00e4sentens\u00e4 tai l\u00e4heisten yst\u00e4viens\u00e4, hyvinvoinnista. He pelk\u00e4\u00e4v\u00e4t pahinta rakastamiensa ihmisten puolesta; ett\u00e4 pienikin vaiva muuttuu joksikin vakavaksi, ett\u00e4 lapsi kaatuu leikkiess\u00e4\u00e4n tai ett\u00e4 lomalla lentokone putoaa. He ovat my\u00f6s k\u00e4rttyisi\u00e4 ja ovat huolissaan muitten ihmisten ongelmista. T\u00e4m\u00e4 on usein tilap\u00e4inen tila esim. terveyden- ja sairaanhoitajien keskuudessa<\/p>\n<p>Red Chestnutin positiivisena mahdollisuutena on kyky v\u00e4litt\u00e4\u00e4 muista my\u00f6t\u00e4tuntoisesti, mutta huolestumatta. Positiiviset Red Chestnut \u2013 ihmiset s\u00e4teilev\u00e4t terveyden ja rohkaisun ajatuksia niille, jotka tarvitsevat heit\u00e4, ja pysyv\u00e4t mentaalisesti ja fyysisesti rauhallisina h\u00e4t\u00e4tilanteissa. He antavat iloisesti apuaan silloin, kun pyydet\u00e4\u00e4n, mutta pid\u00e4ttyv\u00e4t pakottamasta sit\u00e4 muille.<\/p>\n<p>20 ml pullo<\/p>\n<div>\n<div>Valmistaja: Original Bach Flower Remedies, Lontoo<\/div>\n<\/div>\n<p>Markkinoija: Aduki, Helsinki<\/p>\n","protected":false},"excerpt":{"rendered":"<p>Punahevoskastanja on murehtivalle ja itse\u00e4\u00e4n arvostelevalle ihmiselle, joka pelk\u00e4\u00e4 jatkuvasti edess\u00e4 olevaa katastrofia ja on sairaalloisen levoton muiden puolesta.<\/p>\n","protected":false},"featured_media":3000,"comment_status":"open","ping_status":"closed","template":"","meta":{"_et_pb_use_builder":"","_et_pb_old_content":"","_et_gb_content_width":""},"product_brand":[],"product_cat":[297,296],"product_tag":[278,339],"class_list":{"0":"post-2292","1":"product","2":"type-product","3":"status-publish","4":"has-post-thumbnail","6":"product_cat-bach-flower-remedies","7":"product_cat-flower-remedies","8":"product_tag-bach-en","9":"product_tag-flower-therapy","11":"first","12":"instock","13":"taxable","14":"shipping-taxable","15":"purchasable","16":"product-type-simple"},"_links":{"self":[{"href":"https:\/\/luontoemo.fi\/en\/wp-json\/wp\/v2\/product\/2292","targetHints":{"allow":["GET"]}}],"collection":[{"href":"https:\/\/luontoemo.fi\/en\/wp-json\/wp\/v2\/product"}],"about":[{"href":"https:\/\/luontoemo.fi\/en\/wp-json\/wp\/v2\/types\/product"}],"replies":[{"embeddable":true,"href":"https:\/\/luontoemo.fi\/en\/wp-json\/wp\/v2\/comments?post=2292"}],"wp:featuredmedia":[{"embeddable":true,"href":"https:\/\/luontoemo.fi\/en\/wp-json\/wp\/v2\/media\/3000"}],"wp:attachment":[{"href":"https:\/\/luontoemo.fi\/en\/wp-json\/wp\/v2\/media?parent=2292"}],"wp:term":[{"taxonomy":"product_brand","embeddable":true,"href":"https:\/\/luontoemo.fi\/en\/wp-json\/wp\/v2\/product_brand?post=2292"},{"taxonomy":"product_cat","embeddable":true,"href":"https:\/\/luontoemo.fi\/en\/wp-json\/wp\/v2\/product_cat?post=2292"},{"taxonomy":"product_tag","embeddable":true,"href":"https:\/\/luontoemo.fi\/en\/wp-json\/wp\/v2\/product_tag?post=2292"}],"curies":[{"name":"wp","href":"https:\/\/api.w.org\/{rel}","templated":true}]}}