{"id":2290,"date":"2020-12-15T11:59:13","date_gmt":"2020-12-15T09:59:13","guid":{"rendered":"https:\/\/luontoemo.demo4.xetnet.com\/tuote\/import-placeholder-for-823\/"},"modified":"2026-03-02T21:58:12","modified_gmt":"2026-03-02T19:58:12","slug":"olive-oliivi-olea-europaea","status":"publish","type":"product","link":"https:\/\/luontoemo.fi\/en\/tuote\/olive-oliivi-olea-europaea\/","title":{"rendered":"Olive (Oliivi &#8211; Olea europaea)"},"content":{"rendered":"<p>Olive on niille, jotka ovat uupuneita fyysisesti tai mentaalisesti pitk\u00e4n henkil\u00f6kohtaisten vaikeuksien aiheuttaman rasituksen, intensiivisen opiskelu- tai ty\u00f6jakson, pitk\u00e4n sairauden tai toisen ihmisen hoitamisjakson vuoksi. Se on hyv\u00e4 uute toipumiseen. Olive-yksil\u00f6\u00e4 voidaan luonnehtia kuvauksella uupumusta kyyneliin asti, kun kaikki voimavarat ja energia on kulunut loppuun. Kaikki on ponnistelua; yksil\u00f6 v\u00e4syy helposti, ja el\u00e4m\u00e4st\u00e4 puuttuu maku.<\/p>\n<p>K\u00e4rsiv\u00e4t eiv\u00e4t en\u00e4\u00e4 nauti ty\u00f6st\u00e4\u00e4n tai vapaa-ajan harrastuksistaan, jotka ennen tuottivat heille mielihyv\u00e4\u00e4. Oliven positiivisina mahdollisuuksina ovat voimien palautuminen, el\u00e4m\u00e4nvoima ja kiinnostus el\u00e4m\u00e4\u00e4n.<\/p>\n<p>Positiiviset Oliveihmiset eiv\u00e4t en\u00e4\u00e4 menet\u00e4 omia voimavarojaan, vaan kuuntelevat omaa sis\u00e4ist\u00e4 opastustaan ja tunnistavat kehonsa tarpeet. He kykenev\u00e4t yll\u00e4pit\u00e4m\u00e4\u00e4n mielenrauhaansa jopa silloin, kun heid\u00e4t on pakotettu olemaan aloillaan.<\/p>\n<p>20 ml pullo<\/p>\n<div>\n<div>Valmistaja: Original Bach Flower Remedies, Lontoo<\/div>\n<\/div>\n<p>Markkinoija: Aduki, Helsinki<\/p>\n","protected":false},"excerpt":{"rendered":"<p>Oliivia suositellaan liiallisen ty\u00f6nteon v\u00e4sytt\u00e4m\u00e4lle henkil\u00f6lle, jonka keho ja mieli ovat t\u00e4ysin uuvuksissa. Oliivi kohottaa fyysist\u00e4 kuntoa kehoa ja sielua vahvistaen.<\/p>\n","protected":false},"featured_media":3004,"comment_status":"open","ping_status":"closed","template":"","meta":{"_et_pb_use_builder":"","_et_pb_old_content":"","_et_gb_content_width":""},"product_brand":[],"product_cat":[297,296],"product_tag":[278,339,358],"class_list":{"0":"post-2290","1":"product","2":"type-product","3":"status-publish","4":"has-post-thumbnail","6":"product_cat-bach-flower-remedies","7":"product_cat-flower-remedies","8":"product_tag-bach-en","9":"product_tag-flower-therapy","10":"product_tag-oliivi","12":"first","13":"instock","14":"taxable","15":"shipping-taxable","16":"purchasable","17":"product-type-simple"},"_links":{"self":[{"href":"https:\/\/luontoemo.fi\/en\/wp-json\/wp\/v2\/product\/2290","targetHints":{"allow":["GET"]}}],"collection":[{"href":"https:\/\/luontoemo.fi\/en\/wp-json\/wp\/v2\/product"}],"about":[{"href":"https:\/\/luontoemo.fi\/en\/wp-json\/wp\/v2\/types\/product"}],"replies":[{"embeddable":true,"href":"https:\/\/luontoemo.fi\/en\/wp-json\/wp\/v2\/comments?post=2290"}],"wp:featuredmedia":[{"embeddable":true,"href":"https:\/\/luontoemo.fi\/en\/wp-json\/wp\/v2\/media\/3004"}],"wp:attachment":[{"href":"https:\/\/luontoemo.fi\/en\/wp-json\/wp\/v2\/media?parent=2290"}],"wp:term":[{"taxonomy":"product_brand","embeddable":true,"href":"https:\/\/luontoemo.fi\/en\/wp-json\/wp\/v2\/product_brand?post=2290"},{"taxonomy":"product_cat","embeddable":true,"href":"https:\/\/luontoemo.fi\/en\/wp-json\/wp\/v2\/product_cat?post=2290"},{"taxonomy":"product_tag","embeddable":true,"href":"https:\/\/luontoemo.fi\/en\/wp-json\/wp\/v2\/product_tag?post=2290"}],"curies":[{"name":"wp","href":"https:\/\/api.w.org\/{rel}","templated":true}]}}