{"id":2289,"date":"2020-12-15T11:59:12","date_gmt":"2020-12-15T09:59:12","guid":{"rendered":"https:\/\/luontoemo.demo4.xetnet.com\/tuote\/import-placeholder-for-822\/"},"modified":"2026-03-02T21:58:13","modified_gmt":"2026-03-02T19:58:13","slug":"oak-tammi-quercus-robur","status":"publish","type":"product","link":"https:\/\/luontoemo.fi\/en\/tuote\/oak-tammi-quercus-robur\/","title":{"rendered":"Oak (Tammi &#8211; Quercus robur)"},"content":{"rendered":"<p>Oak-ihmiset ovat normaalisti rohkeita, vahvoja ja luotettavia; he tarvitsevat Oak-uutetta, kun heid\u00e4n sis\u00e4inen voimansa heikkenee ja v\u00e4symys ottaa vallan. He kamppailevat eteenp\u00e4in, tapahtuipa mit\u00e4 tahansa, eiv\u00e4tk\u00e4 v\u00e4lit\u00e4 v\u00e4symyksest\u00e4\u00e4n. Koska heit\u00e4 ajaa vahva velvollisuudentunne, he ovat avuliaita muita kohtaan, tunnontarkkoja ja luotettavia. He ovat k\u00e4rsiv\u00e4llisi\u00e4, joskus puurtavia, eiv\u00e4tk\u00e4 salli itselleen rentoutumista, jos ty\u00f6t\u00e4 on teht\u00e4v\u00e4n\u00e4; sen sijaan he ponnistelevat eteenp\u00e4in itsep\u00e4isesti yliv\u00e4synein\u00e4kin (ks. my\u00f6s Rock Water ja Vervain).<\/p>\n<p>T\u00e4st\u00e4 seuraava sis\u00e4isen voiman katoaminen saattaa johtaa depressioon, turhautumiseen ja muihin stressioireisiin. N\u00e4ill\u00e4 ihmisill\u00e4 on ep\u00e4onnistumisen tunne, kun he ovat sairaana, mutta he yritt\u00e4v\u00e4t lakkaamatta parantua.<\/p>\n<p>Oak-ihmiset ovat potentiaalisesti normaalilla tavalla vahvoja, usein perheens\u00e4 ja ty\u00f6ryhm\u00e4ns\u00e4 kantavia voimia. Heill\u00e4 on valtava kest\u00e4vyys, per\u00e4\u00e4nantamattomuus, k\u00e4rsiv\u00e4llisyys ja energiavarat, ja he voivat kest\u00e4\u00e4 suuren m\u00e4\u00e4r\u00e4n stressi\u00e4. Oak palauttaa heid\u00e4n energiansa ja auttaa heit\u00e4 huomaamaan tarpeen ottaa vapaata, rentoutua, huolehtia itsest\u00e4\u00e4n kuin my\u00f6s velvollisuuksistaan.<\/p>\n<p>20 ml pullo<\/p>\n<div>\n<div>Valmistaja: Original Bach Flower Remedies, Lontoo<\/div>\n<\/div>\n<p>Markkinoija: Aduki, Helsinki<\/p>\n","protected":false},"excerpt":{"rendered":"<p>Tammiuute on periksiantamattomalle, vahvalle ihmiselle, jota vie uupumuksestakin huolimatta eteenp\u00e4in voimakas vastuuntunne.<\/p>\n","protected":false},"featured_media":3006,"comment_status":"open","ping_status":"closed","template":"","meta":{"_et_pb_use_builder":"","_et_pb_old_content":"","_et_gb_content_width":""},"product_brand":[],"product_cat":[30,44],"product_tag":[226,225,357],"class_list":{"0":"post-2289","1":"product","2":"type-product","3":"status-publish","4":"has-post-thumbnail","6":"product_cat-kukkaterapia","7":"product_cat-bachin-kukkaterapia","8":"product_tag-bach","9":"product_tag-kukkaterapia","10":"product_tag-tammi","12":"first","13":"instock","14":"taxable","15":"shipping-taxable","16":"purchasable","17":"product-type-simple"},"_links":{"self":[{"href":"https:\/\/luontoemo.fi\/en\/wp-json\/wp\/v2\/product\/2289","targetHints":{"allow":["GET"]}}],"collection":[{"href":"https:\/\/luontoemo.fi\/en\/wp-json\/wp\/v2\/product"}],"about":[{"href":"https:\/\/luontoemo.fi\/en\/wp-json\/wp\/v2\/types\/product"}],"replies":[{"embeddable":true,"href":"https:\/\/luontoemo.fi\/en\/wp-json\/wp\/v2\/comments?post=2289"}],"wp:featuredmedia":[{"embeddable":true,"href":"https:\/\/luontoemo.fi\/en\/wp-json\/wp\/v2\/media\/3006"}],"wp:attachment":[{"href":"https:\/\/luontoemo.fi\/en\/wp-json\/wp\/v2\/media?parent=2289"}],"wp:term":[{"taxonomy":"product_brand","embeddable":true,"href":"https:\/\/luontoemo.fi\/en\/wp-json\/wp\/v2\/product_brand?post=2289"},{"taxonomy":"product_cat","embeddable":true,"href":"https:\/\/luontoemo.fi\/en\/wp-json\/wp\/v2\/product_cat?post=2289"},{"taxonomy":"product_tag","embeddable":true,"href":"https:\/\/luontoemo.fi\/en\/wp-json\/wp\/v2\/product_tag?post=2289"}],"curies":[{"name":"wp","href":"https:\/\/api.w.org\/{rel}","templated":true}]}}