{"id":2288,"date":"2020-12-15T11:59:12","date_gmt":"2020-12-15T09:59:12","guid":{"rendered":"https:\/\/luontoemo.demo4.xetnet.com\/tuote\/import-placeholder-for-821\/"},"modified":"2026-03-02T21:58:13","modified_gmt":"2026-03-02T19:58:13","slug":"mustard-sinappi-sinapis-arvensis","status":"publish","type":"product","link":"https:\/\/luontoemo.fi\/en\/tuote\/mustard-sinappi-sinapis-arvensis\/","title":{"rendered":"Mustard (Sinappi &#8211; Sinapis arvensis)"},"content":{"rendered":"<p>Mustard on \u00e4killiseen masennukseen, joka nousee tyhj\u00e4st\u00e4 ja h\u00e4lvenee aivan yht\u00e4 \u00e4kki\u00e4 ilman mit\u00e4\u00e4n ilmeist\u00e4 syyt\u00e4. T\u00e4llainen raskasmielisyys voi olla hyvin vakavaa; se on kuin kylm\u00e4n, pime\u00e4n sumun laskeutuminen, joka synkist\u00e4\u00e4 kaiken ja tuhoaa normaalin iloisuuden. K\u00e4rsiv\u00e4 on t\u00e4ysin synkk\u00e4mielisyyden vallassa, eik\u00e4 kykene ravistamaan sit\u00e4 ylt\u00e4\u00e4n tahdonvoimalla.<\/p>\n<p>Mustardin positiivisena mahdollisuutena on ilon palautuminen el\u00e4m\u00e4\u00e4n, mit\u00e4 tukevat sis\u00e4inen vakaus ja rauha, eiv\u00e4tk\u00e4 hyv\u00e4t tai huonot olosuhteet voi niit\u00e4 tuhota.<\/p>\n<p>20 ml pullo<\/p>\n<div>\n<div>Valmistaja: Original Bach Flower Remedies, Lontoo<\/div>\n<\/div>\n<p>Markkinoija: Aduki, Helsinki<\/p>\n","protected":false},"excerpt":{"rendered":"<p>Sinappiuute sopii ilman syyt\u00e4 murjottavalle, synk\u00e4lle ja surumieliselle ihmiselle sek\u00e4 kaamosmasennukseen.<\/p>\n","protected":false},"featured_media":2341,"comment_status":"open","ping_status":"closed","template":"","meta":{"_et_pb_use_builder":"","_et_pb_old_content":"","_et_gb_content_width":""},"product_brand":[],"product_cat":[30,44],"product_tag":[226,225,360,359],"class_list":{"0":"post-2288","1":"product","2":"type-product","3":"status-publish","4":"has-post-thumbnail","6":"product_cat-kukkaterapia","7":"product_cat-bachin-kukkaterapia","8":"product_tag-bach","9":"product_tag-kukkaterapia","10":"product_tag-s","11":"product_tag-sinappi","13":"first","14":"instock","15":"taxable","16":"shipping-taxable","17":"purchasable","18":"product-type-simple"},"_links":{"self":[{"href":"https:\/\/luontoemo.fi\/en\/wp-json\/wp\/v2\/product\/2288","targetHints":{"allow":["GET"]}}],"collection":[{"href":"https:\/\/luontoemo.fi\/en\/wp-json\/wp\/v2\/product"}],"about":[{"href":"https:\/\/luontoemo.fi\/en\/wp-json\/wp\/v2\/types\/product"}],"replies":[{"embeddable":true,"href":"https:\/\/luontoemo.fi\/en\/wp-json\/wp\/v2\/comments?post=2288"}],"wp:featuredmedia":[{"embeddable":true,"href":"https:\/\/luontoemo.fi\/en\/wp-json\/wp\/v2\/media\/2341"}],"wp:attachment":[{"href":"https:\/\/luontoemo.fi\/en\/wp-json\/wp\/v2\/media?parent=2288"}],"wp:term":[{"taxonomy":"product_brand","embeddable":true,"href":"https:\/\/luontoemo.fi\/en\/wp-json\/wp\/v2\/product_brand?post=2288"},{"taxonomy":"product_cat","embeddable":true,"href":"https:\/\/luontoemo.fi\/en\/wp-json\/wp\/v2\/product_cat?post=2288"},{"taxonomy":"product_tag","embeddable":true,"href":"https:\/\/luontoemo.fi\/en\/wp-json\/wp\/v2\/product_tag?post=2288"}],"curies":[{"name":"wp","href":"https:\/\/api.w.org\/{rel}","templated":true}]}}