{"id":2287,"date":"2020-12-15T11:59:11","date_gmt":"2020-12-15T09:59:11","guid":{"rendered":"https:\/\/luontoemo.demo4.xetnet.com\/tuote\/import-placeholder-for-820\/"},"modified":"2026-03-02T21:58:13","modified_gmt":"2026-03-02T19:58:13","slug":"mimulus-apinankukka-mimulus-guttatus","status":"publish","type":"product","link":"https:\/\/luontoemo.fi\/en\/tuote\/mimulus-apinankukka-mimulus-guttatus\/","title":{"rendered":"Mimulus (Apinankukka &#8211; Mimulus guttatus)"},"content":{"rendered":"<p>Mimulusta k\u00e4ytet\u00e4\u00e4n pelkoon, jota aiheuttavat tunnetut syyt, kuten sairaudet, kuolema, onnettomuudet, kipu, pimeys, kylm\u00e4, k\u00f6yhyys, muut ihmiset, el\u00e4imet, h\u00e4m\u00e4h\u00e4kit, julkinen puhuminen, yst\u00e4vien tai ty\u00f6paikan menett\u00e4minen, hammasl\u00e4\u00e4k\u00e4rit jne. Se sopii niille ihmisille, jotka k\u00e4rsiv\u00e4t helposti nimett\u00e4vist\u00e4 peloista. K\u00e4rsij\u00e4t saattavat olla taiteellisia ja lahjakkaita, mutta ujoja ja vet\u00e4ytyvi\u00e4, ja saattavat olla tuppisuita seurassa.<\/p>\n<p>Mimulus-tyypit saattavat k\u00e4rsi\u00e4 punastumisesta, \u00e4nkytt\u00e4misest\u00e4, hermostuneesta naurusta jne. Mimulus sopii hyvin ujoille, aroille, herkille lapsille, jotka pelk\u00e4\u00e4v\u00e4t el\u00e4imi\u00e4, pime\u00e4\u00e4 jne. (ks. my\u00f6s Larch).<\/p>\n<p>Mimuluksen positiivisena mahdollisuutena on persoonallisuus, jota hallitsee hiljainen rohkeus kohdata koetukset ja vaikeudet huumorilla ja luottamuksella. H\u00e4n kykenee puolustamaan itse\u00e4\u00e4n, ja kun h\u00e4nen tunteensa ovat t\u00e4ysin hallinnassa, h\u00e4n voi nauttia el\u00e4m\u00e4st\u00e4 ilman pelkoja.<\/p>\n<p>20 ml pullo<\/p>\n<div>\n<div>Valmistaja: Original Bach Flower Remedies, Lontoo<\/div>\n<\/div>\n<p>Markkinoija: Aduki, Helsinki<\/p>\n","protected":false},"excerpt":{"rendered":"<p>Apinankukka on herkille, ujoille ja helposti punastuville ihmisille, joilla on selkeit\u00e4 fobioita, kuten h\u00e4m\u00e4h\u00e4kkien, kuoleman tai lent\u00e4misen pelkoa.<\/p>\n","protected":false},"featured_media":2347,"comment_status":"open","ping_status":"closed","template":"","meta":{"_et_pb_use_builder":"","_et_pb_old_content":"","_et_gb_content_width":""},"product_brand":[],"product_cat":[30,44],"product_tag":[226,225],"class_list":{"0":"post-2287","1":"product","2":"type-product","3":"status-publish","4":"has-post-thumbnail","6":"product_cat-kukkaterapia","7":"product_cat-bachin-kukkaterapia","8":"product_tag-bach","9":"product_tag-kukkaterapia","11":"first","12":"instock","13":"taxable","14":"shipping-taxable","15":"purchasable","16":"product-type-simple"},"_links":{"self":[{"href":"https:\/\/luontoemo.fi\/en\/wp-json\/wp\/v2\/product\/2287","targetHints":{"allow":["GET"]}}],"collection":[{"href":"https:\/\/luontoemo.fi\/en\/wp-json\/wp\/v2\/product"}],"about":[{"href":"https:\/\/luontoemo.fi\/en\/wp-json\/wp\/v2\/types\/product"}],"replies":[{"embeddable":true,"href":"https:\/\/luontoemo.fi\/en\/wp-json\/wp\/v2\/comments?post=2287"}],"wp:featuredmedia":[{"embeddable":true,"href":"https:\/\/luontoemo.fi\/en\/wp-json\/wp\/v2\/media\/2347"}],"wp:attachment":[{"href":"https:\/\/luontoemo.fi\/en\/wp-json\/wp\/v2\/media?parent=2287"}],"wp:term":[{"taxonomy":"product_brand","embeddable":true,"href":"https:\/\/luontoemo.fi\/en\/wp-json\/wp\/v2\/product_brand?post=2287"},{"taxonomy":"product_cat","embeddable":true,"href":"https:\/\/luontoemo.fi\/en\/wp-json\/wp\/v2\/product_cat?post=2287"},{"taxonomy":"product_tag","embeddable":true,"href":"https:\/\/luontoemo.fi\/en\/wp-json\/wp\/v2\/product_tag?post=2287"}],"curies":[{"name":"wp","href":"https:\/\/api.w.org\/{rel}","templated":true}]}}