{"id":2285,"date":"2020-12-15T11:59:10","date_gmt":"2020-12-15T09:59:10","guid":{"rendered":"https:\/\/luontoemo.demo4.xetnet.com\/tuote\/import-placeholder-for-818\/"},"modified":"2026-03-02T21:58:13","modified_gmt":"2026-03-02T19:58:13","slug":"impatiens-hapykannus-jattipalsami-impatiens-glandulifera","status":"publish","type":"product","link":"https:\/\/luontoemo.fi\/en\/tuote\/impatiens-hapykannus-jattipalsami-impatiens-glandulifera\/","title":{"rendered":"Impatiens (H\u00e4pykannus\/J\u00e4ttipalsami &#8211; Impatiens glandulifera)"},"content":{"rendered":"<p>Impatiens sopii ihmisille, jotka \u00e4rsyyntyv\u00e4t helposti. He ovat k\u00e4rsim\u00e4tt\u00f6mi\u00e4 ja haluavat kaiken tapahtuvaksi v\u00e4litt\u00f6m\u00e4sti. He toimivat, ajattelevat ja puhuvat nopeasti. N\u00e4m\u00e4 ihmiset ovat kyvykk\u00e4it\u00e4 ja tehokkaita, mutta \u00e4rsyyntyv\u00e4t ja turhautuvat hitaista kanssaty\u00f6ntekij\u00f6ist\u00e4, ja ty\u00f6skentelev\u00e4t sen t\u00e4hden mieluiten yksin. He ovat itsen\u00e4isi\u00e4, inhoavat ajanhukkaa ja lopettavat usein toisten ihmisten lauseita. Heill\u00e4 saattaa olla kiukun leimahduksia, mutta n\u00e4m\u00e4 menev\u00e4t nopeasti ohi. Kun he ovat sairaana, he ovat levottomia ja \u00e4rsyyntyvi\u00e4 potilaita.<\/p>\n<p>He ovat usein hermostuneita, ja heid\u00e4n h\u00e4t\u00e4isyytens\u00e4 saattaa johtaa onnettomuusalttiuteen.<\/p>\n<p>Impatiensin positiivisena mahdollisuutena on yksil\u00f6, joka on p\u00e4\u00e4tt\u00e4v\u00e4inen ja spontaani, mutta v\u00e4hemm\u00e4n h\u00e4t\u00e4inen ajatuksissaan ja toimissaan. H\u00e4n on rentoutunut ja hyv\u00e4ntuulinen toisten seurassa ja on my\u00f6t\u00e4mielinen niit\u00e4 kohtaan, jotka ovat hitaita. H\u00e4n selviytyy rauhallisesti ja diplomaattisesti \u00e4rsytt\u00e4vist\u00e4 ongelmista.<\/p>\n<p>20 ml pullo<\/p>\n<div>\n<div>Valmistaja: Original Bach Flower Remedies, Lontoo<\/div>\n<\/div>\n<p>Markkinoija: Aduki, Helsinki<\/p>\n","protected":false},"excerpt":{"rendered":"<p>H\u00e4pykannusuute sopii kiireiselle ja levottomalle ihmiselle, joka \u00e4rsyyntyy helposti ollen t\u00f6yke\u00e4 muita kohtaan. K\u00e4rsim\u00e4tt\u00f6m\u00e4n\u00e4 lopettaa lauseet toisten puolesta ja reagoi asioihin voimakkaasti.<\/p>\n","protected":false},"featured_media":3010,"comment_status":"open","ping_status":"closed","template":"","meta":{"_et_pb_use_builder":"","_et_pb_old_content":"","_et_gb_content_width":""},"product_brand":[],"product_cat":[44,30],"product_tag":[226,225],"class_list":{"0":"post-2285","1":"product","2":"type-product","3":"status-publish","4":"has-post-thumbnail","6":"product_cat-bachin-kukkaterapia","7":"product_cat-kukkaterapia","8":"product_tag-bach","9":"product_tag-kukkaterapia","11":"first","12":"instock","13":"taxable","14":"shipping-taxable","15":"purchasable","16":"product-type-simple"},"_links":{"self":[{"href":"https:\/\/luontoemo.fi\/en\/wp-json\/wp\/v2\/product\/2285","targetHints":{"allow":["GET"]}}],"collection":[{"href":"https:\/\/luontoemo.fi\/en\/wp-json\/wp\/v2\/product"}],"about":[{"href":"https:\/\/luontoemo.fi\/en\/wp-json\/wp\/v2\/types\/product"}],"replies":[{"embeddable":true,"href":"https:\/\/luontoemo.fi\/en\/wp-json\/wp\/v2\/comments?post=2285"}],"wp:featuredmedia":[{"embeddable":true,"href":"https:\/\/luontoemo.fi\/en\/wp-json\/wp\/v2\/media\/3010"}],"wp:attachment":[{"href":"https:\/\/luontoemo.fi\/en\/wp-json\/wp\/v2\/media?parent=2285"}],"wp:term":[{"taxonomy":"product_brand","embeddable":true,"href":"https:\/\/luontoemo.fi\/en\/wp-json\/wp\/v2\/product_brand?post=2285"},{"taxonomy":"product_cat","embeddable":true,"href":"https:\/\/luontoemo.fi\/en\/wp-json\/wp\/v2\/product_cat?post=2285"},{"taxonomy":"product_tag","embeddable":true,"href":"https:\/\/luontoemo.fi\/en\/wp-json\/wp\/v2\/product_tag?post=2285"}],"curies":[{"name":"wp","href":"https:\/\/api.w.org\/{rel}","templated":true}]}}