{"id":2284,"date":"2020-12-15T11:59:10","date_gmt":"2020-12-15T09:59:10","guid":{"rendered":"https:\/\/luontoemo.demo4.xetnet.com\/tuote\/import-placeholder-for-817\/"},"modified":"2026-03-02T21:58:14","modified_gmt":"2026-03-02T19:58:14","slug":"hornbeam-valkopyokki-carpinus-betulus","status":"publish","type":"product","link":"https:\/\/luontoemo.fi\/en\/tuote\/hornbeam-valkopyokki-carpinus-betulus\/","title":{"rendered":"Hornbeam (Valkopy\u00f6kki &#8211; Carpinus betulus)"},"content":{"rendered":"<p>Hornbeam sopii paremmin mentaaliseen kuin fyysiseen uupumukseen; se sopii niille, jotka her\u00e4\u00e4v\u00e4t aamuisin ep\u00e4ilykseen, etteiv\u00e4t kykene kohtaamaan p\u00e4iv\u00e4n t\u00f6it\u00e4. Heid\u00e4n on vaikea kohdata ongelmia tai selviyty\u00e4 p\u00e4iv\u00e4n ohjelmasta, vaikka he tosiasiassa saavat yleens\u00e4 kaiken tehty\u00e4. Honeybeamia tarvitsevat ihmiset saattavat k\u00e4rsi\u00e4 liiallisesta ty\u00f6m\u00e4\u00e4r\u00e4st\u00e4, tympeyden tunteesta tai vaihtelun puutteesta el\u00e4m\u00e4ss\u00e4\u00e4n esimerkiksi silloin, kun he lukevat rankasti tenttiin (ks. my\u00f6s Olive). Heilt\u00e4 puuttuu into, ja he saattavat vitkastella. Uni ei ole virkist\u00e4v\u00e4\u00e4, ja jos he ovat paranemassa sairaudesta, he ep\u00e4ilev\u00e4t omia voimiaan toipua.<\/p>\n<p>Hornbeamin positiivisena mahdollisuutena on varmuus omista voimistaan ja kyvyist\u00e4\u00e4n kohdata p\u00e4iv\u00e4n ty\u00f6t. Eloisa mieli, elinvoima, pirteys ja spontaanius palautuvat, ja el\u00e4m\u00e4 on j\u00e4lleen nautittavaa. P\u00e4iv\u00e4n ty\u00f6t voidaan kohdata energisyydell\u00e4 ja selke\u00e4ll\u00e4 mielell\u00e4, ja ne tasapainottuvat sopivasti leikkimielisyydell\u00e4.<\/p>\n<p>20 ml pullo<\/p>\n<div>\n<div>Valmistaja: Original Bach Flower Remedies, Lontoo<\/div>\n<\/div>\n<p>Markkinoija: Aduki, Helsinki<\/p>\n","protected":false},"excerpt":{"rendered":"<p>Valkopy\u00f6kki\u00e4 suositellaan voimattomalle henkil\u00f6lle, joka el\u00e4\u00e4 jatkuvassa &#8216;maanantaiaamussa&#8217; toisin sanoen ep\u00e4ilee kykyj\u00e4\u00e4n kohdata p\u00e4iv\u00e4n ty\u00f6t &#8211; pelkk\u00e4 ty\u00f6n ajatteleminenkin uuvuttaa.<\/p>\n","protected":false},"featured_media":3012,"comment_status":"open","ping_status":"closed","template":"","meta":{"_et_pb_use_builder":"","_et_pb_old_content":"","_et_gb_content_width":""},"product_brand":[],"product_cat":[30,44],"product_tag":[226,225,363],"class_list":{"0":"post-2284","1":"product","2":"type-product","3":"status-publish","4":"has-post-thumbnail","6":"product_cat-kukkaterapia","7":"product_cat-bachin-kukkaterapia","8":"product_tag-bach","9":"product_tag-kukkaterapia","10":"product_tag-valkopyokki","12":"first","13":"instock","14":"taxable","15":"shipping-taxable","16":"purchasable","17":"product-type-simple"},"_links":{"self":[{"href":"https:\/\/luontoemo.fi\/en\/wp-json\/wp\/v2\/product\/2284","targetHints":{"allow":["GET"]}}],"collection":[{"href":"https:\/\/luontoemo.fi\/en\/wp-json\/wp\/v2\/product"}],"about":[{"href":"https:\/\/luontoemo.fi\/en\/wp-json\/wp\/v2\/types\/product"}],"replies":[{"embeddable":true,"href":"https:\/\/luontoemo.fi\/en\/wp-json\/wp\/v2\/comments?post=2284"}],"wp:featuredmedia":[{"embeddable":true,"href":"https:\/\/luontoemo.fi\/en\/wp-json\/wp\/v2\/media\/3012"}],"wp:attachment":[{"href":"https:\/\/luontoemo.fi\/en\/wp-json\/wp\/v2\/media?parent=2284"}],"wp:term":[{"taxonomy":"product_brand","embeddable":true,"href":"https:\/\/luontoemo.fi\/en\/wp-json\/wp\/v2\/product_brand?post=2284"},{"taxonomy":"product_cat","embeddable":true,"href":"https:\/\/luontoemo.fi\/en\/wp-json\/wp\/v2\/product_cat?post=2284"},{"taxonomy":"product_tag","embeddable":true,"href":"https:\/\/luontoemo.fi\/en\/wp-json\/wp\/v2\/product_tag?post=2284"}],"curies":[{"name":"wp","href":"https:\/\/api.w.org\/{rel}","templated":true}]}}